{"id":8130,"date":"2025-05-15T14:09:12","date_gmt":"2025-05-15T14:09:12","guid":{"rendered":"https:\/\/miamedic.lt\/?post_type=product&#038;p=8130"},"modified":"2025-12-01T00:29:30","modified_gmt":"2025-12-01T00:29:30","slug":"c-balancing-toner","status":"publish","type":"product","link":"https:\/\/miamedic.lt\/en\/shop\/c-balancing-toner\/","title":{"rendered":"C Balancing Toner"},"content":{"rendered":"<p class=\"\" data-start=\"108\" data-end=\"188\"><strong data-start=\"108\" data-end=\"188\">Obagi Medical Obagi-C\u00ae C-Balancing Toner \u2013 tonikas normaliai ir riebiai odai<\/strong><\/p>\n<p class=\"\" data-start=\"190\" data-end=\"447\">\u0160velnus, alkoholi\u0173 neturintis tonikas, sukurtas normaliai ir riebiai odai. Padeda atstatyti nat\u016bral\u0173 odos pH balans\u0105, nepa\u017eeid\u017eiant odos dr\u0117gm\u0117s barjero. Tinka naudoti kasdien, siekiant i\u0161laikyti odos \u0161var\u0105, gaivum\u0105 ir paruo\u0161ti j\u0105 kit\u0173 priemoni\u0173 naudojimui.<\/p>\n<p class=\"\" data-start=\"449\" data-end=\"596\"><strong data-start=\"449\" data-end=\"462\">Effect:<\/strong><br data-start=\"462\" data-end=\"465\" \/>\u2022 Subalansuoja odos pH<br data-start=\"487\" data-end=\"490\" \/>\u2022 Nesausina ir neapsunkina odos<br data-start=\"521\" data-end=\"524\" \/>\u2022 Paruo\u0161ia od\u0105 tolesnei prie\u017ei\u016brai<br data-start=\"558\" data-end=\"561\" \/>\u2022 Tinka riebiai ir normaliai odai<\/p>\n<p class=\"\" data-start=\"598\" data-end=\"832\"><strong data-start=\"598\" data-end=\"613\">Usage:<\/strong><br data-start=\"613\" data-end=\"616\" \/>Naudokite du kartus per dien\u0105 \u2013 ryte ir vakare \u2013 po odos valymo. Nedideliu toniko kiekiu (3\u20134 paspaudimai) suvilgykite vatos diskel\u012f ir \u0161velniai nuvalykite veid\u0105. Nenuplaukite \u2013 palikite produkt\u0105 i\u0161d\u017ei\u016bti nat\u016braliai.<\/p>\n<p class=\"\" data-start=\"834\" data-end=\"960\"><strong data-start=\"834\" data-end=\"858\">Atsargumo priemon\u0117s:<\/strong><br data-start=\"858\" data-end=\"861\" \/>\u2022 Venkite patekimo \u012f akis<br data-start=\"886\" data-end=\"889\" \/>\u2022 Tik i\u0161oriniam naudojimui<br data-start=\"915\" data-end=\"918\" \/>\u2022 Laikyti vaikams nepasiekiamoje vietoje<\/p>\n<p class=\"\" data-start=\"962\" data-end=\"1089\"><strong data-start=\"962\" data-end=\"982\">Laikymo s\u0105lygos:<\/strong><br data-start=\"982\" data-end=\"985\" \/>\u2022 Saugokite nuo tiesiogini\u0173 saul\u0117s spinduli\u0173<br data-start=\"1029\" data-end=\"1032\" \/>\u2022 Laikyti kambario temperat\u016broje: 15\u00b0C\u201325\u00b0C (59\u00b0F\u201377\u00b0F)<\/p>","protected":false},"excerpt":{"rendered":"<p>Tonikas normaliai ir riebiai odai<\/p>","protected":false},"featured_media":8131,"comment_status":"open","ping_status":"closed","template":"","meta":[],"product_cat":[105],"product_tag":[],"class_list":{"0":"post-8130","1":"product","2":"type-product","3":"status-publish","4":"has-post-thumbnail","6":"product_cat-tonikai","7":"pa_brands-obagi-medical","8":"pa_talpa-198ml","10":"first","11":"instock","12":"taxable","13":"shipping-taxable","14":"purchasable","15":"product-type-simple"},"_links":{"self":[{"href":"https:\/\/miamedic.lt\/en\/wp-json\/wp\/v2\/product\/8130","targetHints":{"allow":["GET"]}}],"collection":[{"href":"https:\/\/miamedic.lt\/en\/wp-json\/wp\/v2\/product"}],"about":[{"href":"https:\/\/miamedic.lt\/en\/wp-json\/wp\/v2\/types\/product"}],"replies":[{"embeddable":true,"href":"https:\/\/miamedic.lt\/en\/wp-json\/wp\/v2\/comments?post=8130"}],"version-history":[{"count":2,"href":"https:\/\/miamedic.lt\/en\/wp-json\/wp\/v2\/product\/8130\/revisions"}],"predecessor-version":[{"id":12446,"href":"https:\/\/miamedic.lt\/en\/wp-json\/wp\/v2\/product\/8130\/revisions\/12446"}],"wp:featuredmedia":[{"embeddable":true,"href":"https:\/\/miamedic.lt\/en\/wp-json\/wp\/v2\/media\/8131"}],"wp:attachment":[{"href":"https:\/\/miamedic.lt\/en\/wp-json\/wp\/v2\/media?parent=8130"}],"wp:term":[{"taxonomy":"product_cat","embeddable":true,"href":"https:\/\/miamedic.lt\/en\/wp-json\/wp\/v2\/product_cat?post=8130"},{"taxonomy":"product_tag","embeddable":true,"href":"https:\/\/miamedic.lt\/en\/wp-json\/wp\/v2\/product_tag?post=8130"}],"curies":[{"name":"wp","href":"https:\/\/api.w.org\/{rel}","templated":true}]}}