{"id":8127,"date":"2025-05-15T14:05:51","date_gmt":"2025-05-15T14:05:51","guid":{"rendered":"https:\/\/miamedic.lt\/?post_type=product&#038;p=8127"},"modified":"2025-12-01T00:29:30","modified_gmt":"2025-12-01T00:29:30","slug":"nu-derm-blend-fx","status":"publish","type":"product","link":"https:\/\/miamedic.lt\/en\/shop\/nu-derm-blend-fx\/","title":{"rendered":"Nu-Derm Blend Fx"},"content":{"rendered":"<p class=\"\" data-start=\"94\" data-end=\"173\"><strong data-start=\"94\" data-end=\"173\">Obagi Medical Nu-Derm\u00ae Blend Fx \u2013 kremas odos tono sulyginimui ir \u0161veitimui<\/strong><\/p>\n<p class=\"\" data-start=\"175\" data-end=\"406\">Kremas su arbutinu ir antioksidantais, skirtas odos tono nelygumams ma\u017einti ir lengvam eksfoliacijos efektui pasiekti. Veiksmingai padeda atnaujinti odos pavir\u0161i\u0173, skatina skaistum\u0105 ir tolygesn\u0119 i\u0161vaizd\u0105. Tinka visiems odos tipams.<\/p>\n<p class=\"\" data-start=\"408\" data-end=\"587\"><strong data-start=\"408\" data-end=\"421\">Effect:<\/strong><br data-start=\"421\" data-end=\"424\" \/>\u2022 Padeda sulyginti odos atspalv\u012f<br data-start=\"456\" data-end=\"459\" \/>\u2022 Skatina odos \u0161vyt\u0117jim\u0105<br data-start=\"483\" data-end=\"486\" \/>\u2022 Skatina negyv\u0173 odos l\u0105steli\u0173 \u0161alinim\u0105<br data-start=\"525\" data-end=\"528\" \/>\u2022 Saugo nuo oksidacinio streso d\u0117l antioksidant\u0173 poveikio<\/p>\n<p class=\"\" data-start=\"589\" data-end=\"795\"><strong data-start=\"589\" data-end=\"604\">Usage:<\/strong><br data-start=\"604\" data-end=\"607\" \/>Tepkite kasdien vakarais. Nedidel\u012f kiek\u012f (1\u20132 \u017eirnio dyd\u017eio la\u0161us) paskirstykite ant \u0161varios veido odos. \u0160velniai \u012fmasa\u017euokite pir\u0161t\u0173 galiukais, kol visi\u0161kai \u012fsigers. Venkite aki\u0173 srities.<\/p>\n<p class=\"\" data-start=\"797\" data-end=\"1175\"><strong data-start=\"797\" data-end=\"821\">Atsargumo priemon\u0117s:<\/strong><br data-start=\"821\" data-end=\"824\" \/>\u2022 Tik i\u0161oriniam naudojimui<br data-start=\"850\" data-end=\"853\" \/>\u2022 Laikyti vaikams nepasiekiamoje vietoje<br data-start=\"893\" data-end=\"896\" \/>\u2022 Sud\u0117tyje yra alfa hidroksi r\u016bg\u0161tis (AHA), kuri gali padidinti odos jautrum\u0105 saulei ir saul\u0117s nudegim\u0173 rizik\u0105. Naudojant produkt\u0105 ir savait\u0119 po jo naudojimo rekomenduojama naudoti apsaug\u0105 nuo saul\u0117s (SPF 50), d\u0117v\u0117ti apsauginius drabu\u017eius ir vengti tiesiogini\u0173 saul\u0117s spinduli\u0173<\/p>\n<p class=\"\" data-start=\"1177\" data-end=\"1302\"><strong data-start=\"1177\" data-end=\"1197\">Laikymo s\u0105lygos:<\/strong><br data-start=\"1197\" data-end=\"1200\" \/>\u2022 Saugoti nuo tiesiogini\u0173 saul\u0117s spinduli\u0173<br data-start=\"1242\" data-end=\"1245\" \/>\u2022 Laikyti kambario temperat\u016broje: 15\u00b0C\u201325\u00b0C (59\u00b0F\u201377\u00b0F)<\/p>","protected":false},"excerpt":{"rendered":"<p>Kremas odos tono sulyginimui ir \u0161veitimui<\/p>","protected":false},"featured_media":8128,"comment_status":"open","ping_status":"closed","template":"","meta":[],"product_cat":[129],"product_tag":[],"class_list":{"0":"post-8127","1":"product","2":"type-product","3":"status-publish","4":"has-post-thumbnail","6":"product_cat-veido-kremai","7":"pa_brands-obagi-medical","8":"pa_talpa-57g","10":"first","11":"instock","12":"taxable","13":"shipping-taxable","14":"purchasable","15":"product-type-simple"},"_links":{"self":[{"href":"https:\/\/miamedic.lt\/en\/wp-json\/wp\/v2\/product\/8127","targetHints":{"allow":["GET"]}}],"collection":[{"href":"https:\/\/miamedic.lt\/en\/wp-json\/wp\/v2\/product"}],"about":[{"href":"https:\/\/miamedic.lt\/en\/wp-json\/wp\/v2\/types\/product"}],"replies":[{"embeddable":true,"href":"https:\/\/miamedic.lt\/en\/wp-json\/wp\/v2\/comments?post=8127"}],"version-history":[{"count":2,"href":"https:\/\/miamedic.lt\/en\/wp-json\/wp\/v2\/product\/8127\/revisions"}],"predecessor-version":[{"id":12447,"href":"https:\/\/miamedic.lt\/en\/wp-json\/wp\/v2\/product\/8127\/revisions\/12447"}],"wp:featuredmedia":[{"embeddable":true,"href":"https:\/\/miamedic.lt\/en\/wp-json\/wp\/v2\/media\/8128"}],"wp:attachment":[{"href":"https:\/\/miamedic.lt\/en\/wp-json\/wp\/v2\/media?parent=8127"}],"wp:term":[{"taxonomy":"product_cat","embeddable":true,"href":"https:\/\/miamedic.lt\/en\/wp-json\/wp\/v2\/product_cat?post=8127"},{"taxonomy":"product_tag","embeddable":true,"href":"https:\/\/miamedic.lt\/en\/wp-json\/wp\/v2\/product_tag?post=8127"}],"curies":[{"name":"wp","href":"https:\/\/api.w.org\/{rel}","templated":true}]}}