{"id":8120,"date":"2025-05-15T13:59:58","date_gmt":"2025-05-15T13:59:58","guid":{"rendered":"https:\/\/miamedic.lt\/?post_type=product&#038;p=8120"},"modified":"2025-12-01T00:29:30","modified_gmt":"2025-12-01T00:29:30","slug":"nu-derm-exfoderm-forte","status":"publish","type":"product","link":"https:\/\/miamedic.lt\/en\/shop\/nu-derm-exfoderm-forte\/","title":{"rendered":"Nu-Derm Exfoderm Forte"},"content":{"rendered":"<p class=\"\" data-start=\"106\" data-end=\"183\"><strong data-start=\"106\" data-end=\"183\">Obagi Medical Nu-Derm\u00ae Exfoderm\u00ae Forte \u2013 intensyvus \u0161vei\u010diamasis losjonas<\/strong><\/p>\n<p class=\"\" data-start=\"185\" data-end=\"430\">Lengvos konsistencijos losjonas su glikolio ir pieno r\u016bg\u0161timis, skirtas efektyviam negyv\u0173 odos l\u0105steli\u0173 pa\u0161alinimui. Skatina nat\u016bral\u0173 odos atsinaujinim\u0105, gerina tekst\u016br\u0105 ir suteikia veido odai \u0161vyt\u0117jimo. Idealiai tinka normaliai ir riebiai odai.<\/p>\n<p class=\"\" data-start=\"432\" data-end=\"590\"><strong data-start=\"432\" data-end=\"445\">Effect:<\/strong><br data-start=\"445\" data-end=\"448\" \/>\u2022 Pa\u0161alina negyvas odos l\u0105steles<br data-start=\"480\" data-end=\"483\" \/>\u2022 Skatina odos regeneracij\u0105<br data-start=\"510\" data-end=\"513\" \/>\u2022 Gerina odos tekst\u016br\u0105 ir tolygum\u0105<br data-start=\"547\" data-end=\"550\" \/>\u2022 Suteikia gaivumo ir \u0161vyt\u0117jimo poj\u016bt\u012f<\/p>\n<p class=\"\" data-start=\"592\" data-end=\"820\"><strong data-start=\"592\" data-end=\"607\">Usage:<\/strong><br data-start=\"607\" data-end=\"610\" \/>Naudokite kasdien rytais. Nedidel\u012f kiek\u012f (1\u20132 \u017eirnio dyd\u017eio la\u0161us) u\u017etepkite ant \u0161varios veido odos. Pir\u0161t\u0173 galiukais tolygiai paskirstykite ir \u0161velniai \u012fmasa\u017euokite, kol visi\u0161kai \u012fsigers. Venkite aki\u0173 srities.<\/p>\n<p class=\"\" data-start=\"822\" data-end=\"982\"><strong data-start=\"822\" data-end=\"846\">Atsargumo priemon\u0117s:<\/strong><br data-start=\"846\" data-end=\"849\" \/>\u2022 Tik i\u0161oriniam naudojimui<br data-start=\"875\" data-end=\"878\" \/>\u2022 Laikyti vaikams nepasiekiamoje vietoje<br data-start=\"918\" data-end=\"921\" \/>\u2022 Nenaudoti, jei oda jautri bent vienai i\u0161 sudedam\u0173j\u0173 dali\u0173<\/p>\n<p class=\"\" data-start=\"984\" data-end=\"1106\"><strong data-start=\"984\" data-end=\"1004\">Laikymo s\u0105lygos:<\/strong><br data-start=\"1004\" data-end=\"1007\" \/>\u2022 Saugoti nuo tiesiogini\u0173 saul\u0117s spinduli\u0173<br data-start=\"1049\" data-end=\"1052\" \/>\u2022 Laikyti kambario temperat\u016broje 15\u00b0\u201325\u00b0C (59\u00b0\u201377\u00b0F)<\/p>","protected":false},"excerpt":{"rendered":"<p>Intensyvus \u0161vei\u010diamasis losjonas<\/p>","protected":false},"featured_media":8121,"comment_status":"open","ping_status":"closed","template":"","meta":[],"product_cat":[129],"product_tag":[],"class_list":{"0":"post-8120","1":"product","2":"type-product","3":"status-publish","4":"has-post-thumbnail","6":"product_cat-veido-kremai","7":"pa_brands-obagi-medical","8":"pa_talpa-57g","10":"first","11":"instock","12":"taxable","13":"shipping-taxable","14":"purchasable","15":"product-type-simple"},"_links":{"self":[{"href":"https:\/\/miamedic.lt\/en\/wp-json\/wp\/v2\/product\/8120","targetHints":{"allow":["GET"]}}],"collection":[{"href":"https:\/\/miamedic.lt\/en\/wp-json\/wp\/v2\/product"}],"about":[{"href":"https:\/\/miamedic.lt\/en\/wp-json\/wp\/v2\/types\/product"}],"replies":[{"embeddable":true,"href":"https:\/\/miamedic.lt\/en\/wp-json\/wp\/v2\/comments?post=8120"}],"version-history":[{"count":2,"href":"https:\/\/miamedic.lt\/en\/wp-json\/wp\/v2\/product\/8120\/revisions"}],"predecessor-version":[{"id":12448,"href":"https:\/\/miamedic.lt\/en\/wp-json\/wp\/v2\/product\/8120\/revisions\/12448"}],"wp:featuredmedia":[{"embeddable":true,"href":"https:\/\/miamedic.lt\/en\/wp-json\/wp\/v2\/media\/8121"}],"wp:attachment":[{"href":"https:\/\/miamedic.lt\/en\/wp-json\/wp\/v2\/media?parent=8120"}],"wp:term":[{"taxonomy":"product_cat","embeddable":true,"href":"https:\/\/miamedic.lt\/en\/wp-json\/wp\/v2\/product_cat?post=8120"},{"taxonomy":"product_tag","embeddable":true,"href":"https:\/\/miamedic.lt\/en\/wp-json\/wp\/v2\/product_tag?post=8120"}],"curies":[{"name":"wp","href":"https:\/\/api.w.org\/{rel}","templated":true}]}}