{"id":8115,"date":"2025-05-15T13:55:39","date_gmt":"2025-05-15T13:55:39","guid":{"rendered":"https:\/\/miamedic.lt\/?post_type=product&#038;p=8115"},"modified":"2025-12-01T00:29:31","modified_gmt":"2025-12-01T00:29:31","slug":"nu-derm-exfoderm","status":"publish","type":"product","link":"https:\/\/miamedic.lt\/en\/shop\/nu-derm-exfoderm\/","title":{"rendered":"Nu-Derm Exfoderm"},"content":{"rendered":"<p class=\"\" data-start=\"98\" data-end=\"165\"><strong data-start=\"98\" data-end=\"165\">Obagi Medical Nu-Derm\u00ae Exfoderm \u2013 lengvas \u0161vei\u010diamasis losjonas<\/strong><\/p>\n<p class=\"\" data-start=\"167\" data-end=\"402\">Lengvos konsistencijos losjonas, sukurtas \u0161velniam kasdieniam odos pavir\u0161iaus \u0161veitimui. Pa\u0161alina negyvas odos l\u0105steles, skatina odos atsinaujinim\u0105 ir padeda i\u0161laikyti tolygesn\u012f, \u0161vytint\u012f veido atspalv\u012f. Tinka normaliai ir sausai odai.<\/p>\n<p class=\"\" data-start=\"404\" data-end=\"557\"><strong data-start=\"404\" data-end=\"417\">Effect:<\/strong><br data-start=\"417\" data-end=\"420\" \/>\u2022 Pa\u0161alina negyvas odos l\u0105steles<br data-start=\"452\" data-end=\"455\" \/>\u2022 Skatina l\u0105steli\u0173 atsinaujinim\u0105<br data-start=\"487\" data-end=\"490\" \/>\u2022 I\u0161lygina odos tekst\u016br\u0105<br data-start=\"514\" data-end=\"517\" \/>\u2022 Suteikia odai skaistumo ir \u0161vyt\u0117jimo<\/p>\n<p class=\"\" data-start=\"559\" data-end=\"764\"><strong data-start=\"559\" data-end=\"574\">Usage:<\/strong><br data-start=\"574\" data-end=\"577\" \/>Naudokite kasdien rytais. Nedidel\u012f kiek\u012f (1\u20132 \u017eirnio dyd\u017eio la\u0161us) paskirstykite ant \u0161varios veido odos. \u0160velniai masa\u017euokite pir\u0161t\u0173 galiukais, kol visi\u0161kai \u012fsigers. Venkite aki\u0173 srities.<\/p>\n<p class=\"\" data-start=\"766\" data-end=\"926\"><strong data-start=\"766\" data-end=\"790\">Atsargumo priemon\u0117s:<\/strong><br data-start=\"790\" data-end=\"793\" \/>\u2022 Tik i\u0161oriniam naudojimui<br data-start=\"819\" data-end=\"822\" \/>\u2022 Laikyti vaikams nepasiekiamoje vietoje<br data-start=\"862\" data-end=\"865\" \/>\u2022 Nenaudoti, jei oda jautri bent vienai i\u0161 sudedam\u0173j\u0173 dali\u0173<\/p>\n<p class=\"\" data-start=\"928\" data-end=\"1041\"><strong data-start=\"928\" data-end=\"948\">Laikymo s\u0105lygos:<\/strong><br data-start=\"948\" data-end=\"951\" \/>\u2022 Saugoti nuo tiesiogini\u0173 saul\u0117s spinduli\u0173<br data-start=\"993\" data-end=\"996\" \/>\u2022 Laikyti kambario temperat\u016broje: 15\u00b0C\u201325\u00b0C<\/p>","protected":false},"excerpt":{"rendered":"<p>Lengvas \u0161vei\u010diamasis losjonas<\/p>","protected":false},"featured_media":8116,"comment_status":"open","ping_status":"closed","template":"","meta":[],"product_cat":[129],"product_tag":[],"class_list":{"0":"post-8115","1":"product","2":"type-product","3":"status-publish","4":"has-post-thumbnail","6":"product_cat-veido-kremai","7":"pa_brands-obagi-medical","8":"pa_talpa-57g","10":"first","11":"instock","12":"taxable","13":"shipping-taxable","14":"purchasable","15":"product-type-simple"},"_links":{"self":[{"href":"https:\/\/miamedic.lt\/en\/wp-json\/wp\/v2\/product\/8115","targetHints":{"allow":["GET"]}}],"collection":[{"href":"https:\/\/miamedic.lt\/en\/wp-json\/wp\/v2\/product"}],"about":[{"href":"https:\/\/miamedic.lt\/en\/wp-json\/wp\/v2\/types\/product"}],"replies":[{"embeddable":true,"href":"https:\/\/miamedic.lt\/en\/wp-json\/wp\/v2\/comments?post=8115"}],"version-history":[{"count":4,"href":"https:\/\/miamedic.lt\/en\/wp-json\/wp\/v2\/product\/8115\/revisions"}],"predecessor-version":[{"id":12449,"href":"https:\/\/miamedic.lt\/en\/wp-json\/wp\/v2\/product\/8115\/revisions\/12449"}],"wp:featuredmedia":[{"embeddable":true,"href":"https:\/\/miamedic.lt\/en\/wp-json\/wp\/v2\/media\/8116"}],"wp:attachment":[{"href":"https:\/\/miamedic.lt\/en\/wp-json\/wp\/v2\/media?parent=8115"}],"wp:term":[{"taxonomy":"product_cat","embeddable":true,"href":"https:\/\/miamedic.lt\/en\/wp-json\/wp\/v2\/product_cat?post=8115"},{"taxonomy":"product_tag","embeddable":true,"href":"https:\/\/miamedic.lt\/en\/wp-json\/wp\/v2\/product_tag?post=8115"}],"curies":[{"name":"wp","href":"https:\/\/api.w.org\/{rel}","templated":true}]}}