{"id":8107,"date":"2025-05-15T13:45:22","date_gmt":"2025-05-15T13:45:22","guid":{"rendered":"https:\/\/miamedic.lt\/?post_type=product&#038;p=8107"},"modified":"2025-12-01T00:30:17","modified_gmt":"2025-12-01T00:30:17","slug":"nu-derm-toner","status":"publish","type":"product","link":"https:\/\/miamedic.lt\/en\/shop\/nu-derm-toner\/","title":{"rendered":"Nu-Derm Toner"},"content":{"rendered":"<p class=\"\" data-start=\"129\" data-end=\"171\"><strong data-start=\"129\" data-end=\"171\">Obagi Medical Nu-Derm\u00ae Toner \u2013 tonikas<\/strong><\/p>\n<p class=\"\" data-start=\"173\" data-end=\"438\">Bealkoholis tonikas, padedantis atkurti ir palaikyti nat\u016bral\u0173 odos pH balans\u0105. Nesausina odos ir puikiai paruo\u0161ia j\u0105 kit\u0173 odos prie\u017ei\u016bros priemoni\u0173 \u012fsisavinimui. Tonikas praturtintas augaliniais ekstraktais, kurie ramina ir mink\u0161tina od\u0105. Tinka visiems odos tipams.<\/p>\n<p class=\"\" data-start=\"440\" data-end=\"584\"><strong data-start=\"440\" data-end=\"453\">Effect:<\/strong><br data-start=\"453\" data-end=\"456\" \/>\u2022 Subalansuoja odos pH<br data-start=\"478\" data-end=\"481\" \/>\u2022 Paruo\u0161ia od\u0105 kit\u0173 produkt\u0173 \u012fsisavinimui<br data-start=\"522\" data-end=\"525\" \/>\u2022 Nesausina ir neerzina odos<br data-start=\"553\" data-end=\"556\" \/>\u2022 Gaivina ir mink\u0161tina od\u0105<\/p>\n<p class=\"\" data-start=\"586\" data-end=\"802\"><strong data-start=\"586\" data-end=\"601\">Usage:<\/strong><br data-start=\"601\" data-end=\"604\" \/>Naudokite kasdien po veido prausimo. Prie\u0161 naudojim\u0105 suplakite. U\u017ela\u0161inkite ant vatos diskelio ir \u0161velniai paskirstykite ant veido odos. Nenuplaukite. Naudokite du kartus per dien\u0105 \u2013 ryte ir vakare.<\/p>\n<p class=\"\" data-start=\"804\" data-end=\"964\"><strong data-start=\"804\" data-end=\"828\">Atsargumo priemon\u0117s:<\/strong><br data-start=\"828\" data-end=\"831\" \/>\u2022 Tik i\u0161oriniam naudojimui<br data-start=\"857\" data-end=\"860\" \/>\u2022 Laikyti vaikams nepasiekiamoje vietoje<br data-start=\"900\" data-end=\"903\" \/>\u2022 Nenaudoti, jei oda jautri bent vienai i\u0161 sudedam\u0173j\u0173 dali\u0173<\/p>\n<p class=\"\" data-start=\"966\" data-end=\"1079\"><strong data-start=\"966\" data-end=\"986\">Laikymo s\u0105lygos:<\/strong><br data-start=\"986\" data-end=\"989\" \/>\u2022 Saugoti nuo tiesiogini\u0173 saul\u0117s spinduli\u0173<br data-start=\"1031\" data-end=\"1034\" \/>\u2022 Laikyti kambario temperat\u016broje: 15\u00b0C\u201325\u00b0C<\/p>","protected":false},"excerpt":{"rendered":"<p>Atkuriantis tonikas<\/p>","protected":false},"featured_media":8108,"comment_status":"open","ping_status":"closed","template":"","meta":[],"product_cat":[105],"product_tag":[],"class_list":{"0":"post-8107","1":"product","2":"type-product","3":"status-publish","4":"has-post-thumbnail","6":"product_cat-tonikai","7":"pa_brands-obagi-medical","8":"pa_talpa-198ml","9":"pa_talpa-60ml","11":"first","12":"instock","13":"taxable","14":"shipping-taxable","15":"purchasable","16":"product-type-variable"},"_links":{"self":[{"href":"https:\/\/miamedic.lt\/en\/wp-json\/wp\/v2\/product\/8107","targetHints":{"allow":["GET"]}}],"collection":[{"href":"https:\/\/miamedic.lt\/en\/wp-json\/wp\/v2\/product"}],"about":[{"href":"https:\/\/miamedic.lt\/en\/wp-json\/wp\/v2\/types\/product"}],"replies":[{"embeddable":true,"href":"https:\/\/miamedic.lt\/en\/wp-json\/wp\/v2\/comments?post=8107"}],"version-history":[{"count":5,"href":"https:\/\/miamedic.lt\/en\/wp-json\/wp\/v2\/product\/8107\/revisions"}],"predecessor-version":[{"id":12450,"href":"https:\/\/miamedic.lt\/en\/wp-json\/wp\/v2\/product\/8107\/revisions\/12450"}],"wp:featuredmedia":[{"embeddable":true,"href":"https:\/\/miamedic.lt\/en\/wp-json\/wp\/v2\/media\/8108"}],"wp:attachment":[{"href":"https:\/\/miamedic.lt\/en\/wp-json\/wp\/v2\/media?parent=8107"}],"wp:term":[{"taxonomy":"product_cat","embeddable":true,"href":"https:\/\/miamedic.lt\/en\/wp-json\/wp\/v2\/product_cat?post=8107"},{"taxonomy":"product_tag","embeddable":true,"href":"https:\/\/miamedic.lt\/en\/wp-json\/wp\/v2\/product_tag?post=8107"}],"curies":[{"name":"wp","href":"https:\/\/api.w.org\/{rel}","templated":true}]}}