{"id":8104,"date":"2025-05-15T13:28:17","date_gmt":"2025-05-15T13:28:17","guid":{"rendered":"https:\/\/miamedic.lt\/?post_type=product&#038;p=8104"},"modified":"2025-12-01T00:30:17","modified_gmt":"2025-12-01T00:30:17","slug":"nu-derm-foaming-gel","status":"publish","type":"product","link":"https:\/\/miamedic.lt\/en\/shop\/nu-derm-foaming-gel\/","title":{"rendered":"Nu-Derm Foaming Gel"},"content":{"rendered":"<p class=\"\" data-start=\"89\" data-end=\"154\"><strong data-start=\"89\" data-end=\"154\">Obagi Medical Nu-Derm\u00ae Foaming Gel \u2013 gelinis veido prausiklis<\/strong><\/p>\n<p class=\"\" data-start=\"156\" data-end=\"430\">Putojantis gelinis prausiklis, skirtas \u0161velniai, bet veiksmingai pa\u0161alinti makia\u017eo liku\u010dius, kasdienius ne\u0161varumus ir perteklin\u012f odos riebal\u0173 sluoksn\u012f. Tinka normaliai ir riebiai odai. Formul\u0117 praturtinta augaliniais ekstraktais, kurie valo ir gaivina od\u0105, nesausindami jos.<\/p>\n<p class=\"\" data-start=\"432\" data-end=\"630\"><strong data-start=\"432\" data-end=\"445\">Effect:<\/strong><br data-start=\"445\" data-end=\"448\" \/>\u2022 Pa\u0161alina ne\u0161varumus, makia\u017e\u0105 ir riebal\u0173 pertekli\u0173<br data-start=\"499\" data-end=\"502\" \/>\u2022 Palieka od\u0105 \u0161vari\u0105, gaivi\u0105 ir subalansuot\u0105<br data-start=\"546\" data-end=\"549\" \/>\u2022 Nesausina odos, tinka kasdieniam naudojimui<br data-start=\"594\" data-end=\"597\" \/>\u2022 Suteikia \u0161veln\u0173 gaivos poj\u016bt\u012f<\/p>\n<p class=\"\" data-start=\"632\" data-end=\"833\"><strong data-start=\"632\" data-end=\"647\">Usage:<\/strong><br data-start=\"647\" data-end=\"650\" \/>Nedidel\u012f kiek\u012f prausiklio paskirstykite ant sudr\u0117kintos veido ir kaklo odos. \u0160velniai masa\u017euokite, tada kruop\u0161\u010diai nuplaukite vandeniu. Naudokite du kartus per dien\u0105 \u2013 ryte ir vakare.<\/p>\n<p class=\"\" data-start=\"835\" data-end=\"995\"><strong data-start=\"835\" data-end=\"859\">Atsargumo priemon\u0117s:<\/strong><br data-start=\"859\" data-end=\"862\" \/>\u2022 Tik i\u0161oriniam naudojimui<br data-start=\"888\" data-end=\"891\" \/>\u2022 Laikyti vaikams nepasiekiamoje vietoje<br data-start=\"931\" data-end=\"934\" \/>\u2022 Nenaudoti, jei oda jautri bent vienai i\u0161 sudedam\u0173j\u0173 dali\u0173<\/p>\n<p class=\"\" data-start=\"997\" data-end=\"1110\"><strong data-start=\"997\" data-end=\"1017\">Laikymo s\u0105lygos:<\/strong><br data-start=\"1017\" data-end=\"1020\" \/>\u2022 Saugoti nuo tiesiogini\u0173 saul\u0117s spinduli\u0173<br data-start=\"1062\" data-end=\"1065\" \/>\u2022 Laikyti kambario temperat\u016broje: 15\u00b0C\u201325\u00b0C<\/p>","protected":false},"excerpt":{"rendered":"<p>Putojantis gelinis veido prausiklis<\/p>","protected":false},"featured_media":8105,"comment_status":"open","ping_status":"closed","template":"","meta":[],"product_cat":[124],"product_tag":[],"class_list":{"0":"post-8104","1":"product","2":"type-product","3":"status-publish","4":"has-post-thumbnail","6":"product_cat-prausikliai","7":"pa_brands-obagi-medical","8":"pa_talpa-198ml","9":"pa_talpa-60ml","11":"first","12":"instock","13":"taxable","14":"shipping-taxable","15":"purchasable","16":"product-type-variable"},"_links":{"self":[{"href":"https:\/\/miamedic.lt\/en\/wp-json\/wp\/v2\/product\/8104","targetHints":{"allow":["GET"]}}],"collection":[{"href":"https:\/\/miamedic.lt\/en\/wp-json\/wp\/v2\/product"}],"about":[{"href":"https:\/\/miamedic.lt\/en\/wp-json\/wp\/v2\/types\/product"}],"replies":[{"embeddable":true,"href":"https:\/\/miamedic.lt\/en\/wp-json\/wp\/v2\/comments?post=8104"}],"version-history":[{"count":3,"href":"https:\/\/miamedic.lt\/en\/wp-json\/wp\/v2\/product\/8104\/revisions"}],"predecessor-version":[{"id":12451,"href":"https:\/\/miamedic.lt\/en\/wp-json\/wp\/v2\/product\/8104\/revisions\/12451"}],"wp:featuredmedia":[{"embeddable":true,"href":"https:\/\/miamedic.lt\/en\/wp-json\/wp\/v2\/media\/8105"}],"wp:attachment":[{"href":"https:\/\/miamedic.lt\/en\/wp-json\/wp\/v2\/media?parent=8104"}],"wp:term":[{"taxonomy":"product_cat","embeddable":true,"href":"https:\/\/miamedic.lt\/en\/wp-json\/wp\/v2\/product_cat?post=8104"},{"taxonomy":"product_tag","embeddable":true,"href":"https:\/\/miamedic.lt\/en\/wp-json\/wp\/v2\/product_tag?post=8104"}],"curies":[{"name":"wp","href":"https:\/\/api.w.org\/{rel}","templated":true}]}}