{"id":8086,"date":"2025-05-14T11:50:51","date_gmt":"2025-05-14T11:50:51","guid":{"rendered":"https:\/\/miamedic.lt\/?post_type=product&#038;p=8086"},"modified":"2025-12-01T00:30:17","modified_gmt":"2025-12-01T00:30:17","slug":"nutrient-nourishing-conditioner","status":"publish","type":"product","link":"https:\/\/miamedic.lt\/en\/shop\/nutrient-nourishing-conditioner\/","title":{"rendered":"NUTRIENT NOURISHING CONDITIONER"},"content":{"rendered":"<p class=\"\" data-start=\"129\" data-end=\"231\"><strong data-start=\"129\" data-end=\"170\">Hadat Cosmetics Hydro Nutrient Nourishing Conditioner<\/strong> \u2013 maitinamasis kondicionierius intensyviai plauk\u0173 prie\u017ei\u016brai<\/p>\n<p class=\"\" data-start=\"233\" data-end=\"486\">Turtingos sud\u0117ties kondicionierius, skirtas sausiems, silpniems ir gyvybingum\u0105 praradusiems plaukams. Giliai maitina, glotnina ir palengvina i\u0161\u0161ukavim\u0105, neapsunkindamas plauk\u0173. Tinka kasdieniam naudojimui, atkuriant nat\u016bral\u0173 plauk\u0173 \u017evilges\u012f ir \u0161velnum\u0105.<\/p>\n<p class=\"\" data-start=\"488\" data-end=\"501\"><strong data-start=\"488\" data-end=\"501\">Effect:<\/strong><\/p>\n<ul data-start=\"503\" data-end=\"762\">\n<li class=\"\" data-start=\"503\" data-end=\"561\">\n<p class=\"\" data-start=\"505\" data-end=\"561\">Giliai maitina ir atkuria sausus bei pa\u017eeistus plaukus<\/p>\n<\/li>\n<li class=\"\" data-start=\"562\" data-end=\"613\">\n<p class=\"\" data-start=\"564\" data-end=\"613\">Palengvina i\u0161\u0161ukavim\u0105 ir apsaugo nuo l\u016b\u017ein\u0117jimo<\/p>\n<\/li>\n<li class=\"\" data-start=\"614\" data-end=\"670\">\n<p class=\"\" data-start=\"616\" data-end=\"670\">Suteikia plaukams glotnumo, mink\u0161tumo ir elastingumo<\/p>\n<\/li>\n<li class=\"\" data-start=\"671\" data-end=\"713\">\n<p class=\"\" data-start=\"673\" data-end=\"713\">Apsaugo nuo aplinkos veiksni\u0173 poveikio<\/p>\n<\/li>\n<li class=\"\" data-start=\"714\" data-end=\"762\">\n<p class=\"\" data-start=\"716\" data-end=\"762\">Tinka naudoti po da\u017eymo ar cheminio apdorojimo<\/p>\n<\/li>\n<\/ul>\n<p class=\"\" data-start=\"764\" data-end=\"779\"><strong data-start=\"764\" data-end=\"779\">Usage:<\/strong><\/p>\n<p class=\"\" data-start=\"781\" data-end=\"935\">U\u017etepti ant \u0161amp\u016bnu i\u0161plaut\u0173, dr\u0117gn\u0173 plauk\u0173. Palaikyti 2\u20133 minutes, tuomet kruop\u0161\u010diai i\u0161skalauti. Naudoti reguliariai kartu su tos pa\u010dios linijos \u0161amp\u016bnu.<\/p>","protected":false},"excerpt":{"rendered":"<p>Maitinamasis kondicionierius intensyviai plauk\u0173 prie\u017ei\u016brai<\/p>","protected":false},"featured_media":8087,"comment_status":"open","ping_status":"closed","template":"","meta":[],"product_cat":[251],"product_tag":[],"class_list":{"0":"post-8086","1":"product","2":"type-product","3":"status-publish","4":"has-post-thumbnail","6":"product_cat-plauku-kondicionieriai","7":"pa_brands-hadat","8":"pa_talpa-250ml","9":"pa_talpa-800ml","11":"first","12":"instock","13":"taxable","14":"shipping-taxable","15":"purchasable","16":"product-type-variable"},"_links":{"self":[{"href":"https:\/\/miamedic.lt\/en\/wp-json\/wp\/v2\/product\/8086","targetHints":{"allow":["GET"]}}],"collection":[{"href":"https:\/\/miamedic.lt\/en\/wp-json\/wp\/v2\/product"}],"about":[{"href":"https:\/\/miamedic.lt\/en\/wp-json\/wp\/v2\/types\/product"}],"replies":[{"embeddable":true,"href":"https:\/\/miamedic.lt\/en\/wp-json\/wp\/v2\/comments?post=8086"}],"version-history":[{"count":4,"href":"https:\/\/miamedic.lt\/en\/wp-json\/wp\/v2\/product\/8086\/revisions"}],"predecessor-version":[{"id":12452,"href":"https:\/\/miamedic.lt\/en\/wp-json\/wp\/v2\/product\/8086\/revisions\/12452"}],"wp:featuredmedia":[{"embeddable":true,"href":"https:\/\/miamedic.lt\/en\/wp-json\/wp\/v2\/media\/8087"}],"wp:attachment":[{"href":"https:\/\/miamedic.lt\/en\/wp-json\/wp\/v2\/media?parent=8086"}],"wp:term":[{"taxonomy":"product_cat","embeddable":true,"href":"https:\/\/miamedic.lt\/en\/wp-json\/wp\/v2\/product_cat?post=8086"},{"taxonomy":"product_tag","embeddable":true,"href":"https:\/\/miamedic.lt\/en\/wp-json\/wp\/v2\/product_tag?post=8086"}],"curies":[{"name":"wp","href":"https:\/\/api.w.org\/{rel}","templated":true}]}}