{"id":8081,"date":"2025-05-14T11:42:47","date_gmt":"2025-05-14T11:42:47","guid":{"rendered":"https:\/\/miamedic.lt\/?post_type=product&#038;p=8081"},"modified":"2025-12-01T00:30:18","modified_gmt":"2025-12-01T00:30:18","slug":"hydro-root-strengthening-shampoo","status":"publish","type":"product","link":"https:\/\/miamedic.lt\/en\/shop\/hydro-root-strengthening-shampoo\/","title":{"rendered":"ROOT STRENGTHENING SHAMPOO"},"content":{"rendered":"<p class=\"\" data-start=\"115\" data-end=\"189\"><strong data-start=\"115\" data-end=\"151\">Hadat Cosmetics Hydro Root Strengthening Shampoo<\/strong> \u2013 stiprinamasis \u0161amp\u016bnas nuo slinkimo<\/p>\n<p class=\"\" data-start=\"191\" data-end=\"433\">Specialiai sukurtas \u0161amp\u016bnas, skirtas silpniems, slinkti linkusiems plaukams. \u0160velniai valo galvos od\u0105, aktyvina mikrocirkuliacij\u0105 ir stiprina plauk\u0173 \u0161aknis. Reguliariai naudojant, padeda suma\u017einti plauk\u0173 slinkim\u0105 ir skatina sveikesn\u012f augim\u0105.<\/p>\n<p class=\"\" data-start=\"435\" data-end=\"448\"><strong data-start=\"435\" data-end=\"448\">Effect:<\/strong><\/p>\n<ul data-start=\"450\" data-end=\"663\">\n<li class=\"\" data-start=\"450\" data-end=\"494\">\n<p class=\"\" data-start=\"452\" data-end=\"494\">\u0160velniai, bet efektyviai valo galvos od\u0105<\/p>\n<\/li>\n<li class=\"\" data-start=\"495\" data-end=\"540\">\n<p class=\"\" data-start=\"497\" data-end=\"540\">Stiprina plauk\u0173 \u0161aknis ir ma\u017eina slinkim\u0105<\/p>\n<\/li>\n<li class=\"\" data-start=\"541\" data-end=\"574\">\n<p class=\"\" data-start=\"543\" data-end=\"574\">Gerina galvos odos kraujotak\u0105<\/p>\n<\/li>\n<li class=\"\" data-start=\"575\" data-end=\"623\">\n<p class=\"\" data-start=\"577\" data-end=\"623\">Skatina sveikesn\u012f ir stipresn\u012f plauk\u0173 augim\u0105<\/p>\n<\/li>\n<li class=\"\" data-start=\"624\" data-end=\"663\">\n<p class=\"\" data-start=\"626\" data-end=\"663\">Palaiko galvos odos balans\u0105 ir dr\u0117gm\u0119<\/p>\n<\/li>\n<\/ul>\n<p class=\"\" data-start=\"665\" data-end=\"680\"><strong data-start=\"665\" data-end=\"680\">Usage:<\/strong><\/p>\n<p class=\"\" data-start=\"682\" data-end=\"824\">Nedidel\u012f kiek\u012f \u0161amp\u016bno \u012fmasa\u017euoti \u012f dr\u0117gn\u0105 galvos od\u0105 ir plaukus. Palikti kelioms minut\u0117ms, tuomet kruop\u0161\u010diai i\u0161skalauti. Naudoti reguliariai.<\/p>","protected":false},"excerpt":{"rendered":"<p>Stiprinamasis \u0161amp\u016bnas nuo slinkimo<\/p>","protected":false},"featured_media":8082,"comment_status":"open","ping_status":"closed","template":"","meta":[],"product_cat":[195],"product_tag":[],"class_list":{"0":"post-8081","1":"product","2":"type-product","3":"status-publish","4":"has-post-thumbnail","6":"product_cat-sampunai","7":"pa_brands-hadat","8":"pa_talpa-250ml","9":"pa_talpa-800ml","11":"first","12":"instock","13":"taxable","14":"shipping-taxable","15":"purchasable","16":"product-type-variable"},"_links":{"self":[{"href":"https:\/\/miamedic.lt\/en\/wp-json\/wp\/v2\/product\/8081","targetHints":{"allow":["GET"]}}],"collection":[{"href":"https:\/\/miamedic.lt\/en\/wp-json\/wp\/v2\/product"}],"about":[{"href":"https:\/\/miamedic.lt\/en\/wp-json\/wp\/v2\/types\/product"}],"replies":[{"embeddable":true,"href":"https:\/\/miamedic.lt\/en\/wp-json\/wp\/v2\/comments?post=8081"}],"version-history":[{"count":4,"href":"https:\/\/miamedic.lt\/en\/wp-json\/wp\/v2\/product\/8081\/revisions"}],"predecessor-version":[{"id":12453,"href":"https:\/\/miamedic.lt\/en\/wp-json\/wp\/v2\/product\/8081\/revisions\/12453"}],"wp:featuredmedia":[{"embeddable":true,"href":"https:\/\/miamedic.lt\/en\/wp-json\/wp\/v2\/media\/8082"}],"wp:attachment":[{"href":"https:\/\/miamedic.lt\/en\/wp-json\/wp\/v2\/media?parent=8081"}],"wp:term":[{"taxonomy":"product_cat","embeddable":true,"href":"https:\/\/miamedic.lt\/en\/wp-json\/wp\/v2\/product_cat?post=8081"},{"taxonomy":"product_tag","embeddable":true,"href":"https:\/\/miamedic.lt\/en\/wp-json\/wp\/v2\/product_tag?post=8081"}],"curies":[{"name":"wp","href":"https:\/\/api.w.org\/{rel}","templated":true}]}}