{"id":8076,"date":"2025-05-14T11:37:25","date_gmt":"2025-05-14T11:37:25","guid":{"rendered":"https:\/\/miamedic.lt\/?post_type=product&#038;p=8076"},"modified":"2025-12-01T00:30:18","modified_gmt":"2025-12-01T00:30:18","slug":"hydro-intensive-repair-shampoo","status":"publish","type":"product","link":"https:\/\/miamedic.lt\/en\/shop\/hydro-intensive-repair-shampoo\/","title":{"rendered":"Intensive Repair Shampoo"},"content":{"rendered":"<p class=\"\" data-start=\"121\" data-end=\"211\"><strong data-start=\"121\" data-end=\"155\">Hadat Cosmetics Hydro Intensive Repair Shampoo<\/strong> \u2013 intensyviai atkuriantis \u0161amp\u016bnas pa\u017eeistiems plaukams<\/p>\n<p class=\"\" data-start=\"213\" data-end=\"522\">Giliai atkuriantis \u0161amp\u016bnas, skirtas silpniems, l\u016b\u017ein\u0117jantiems ir chemi\u0161kai pa\u017eeistiems plaukams. \u0160velniai valo, tuo pa\u010diu atkurdamas plauk\u0173 strukt\u016br\u0105, ma\u017eindamas sausum\u0105 ir suteikdamas apsaug\u0105 nuo \u017ealing\u0173 aplinkos veiksni\u0173. Reguliariai naudojant, plaukai tampa stipresni, elastingesni ir vizualiai sveikesni.<\/p>\n<p class=\"\" data-start=\"524\" data-end=\"537\"><strong data-start=\"524\" data-end=\"537\">Effect:<\/strong><\/p>\n<ul data-start=\"539\" data-end=\"765\">\n<li class=\"\" data-start=\"539\" data-end=\"593\">\n<p class=\"\" data-start=\"541\" data-end=\"593\">Kruop\u0161\u010diai valo, nepa\u017eeid\u017eiant galvos odos balanso<\/p>\n<\/li>\n<li class=\"\" data-start=\"594\" data-end=\"643\">\n<p class=\"\" data-start=\"596\" data-end=\"643\">Atkuria plauk\u0173 strukt\u016br\u0105 ir stiprina j\u0173 b\u016bkl\u0119<\/p>\n<\/li>\n<li class=\"\" data-start=\"644\" data-end=\"676\">\n<p class=\"\" data-start=\"646\" data-end=\"676\">Ma\u017eina l\u016b\u017ein\u0117jim\u0105 ir sausum\u0105<\/p>\n<\/li>\n<li class=\"\" data-start=\"677\" data-end=\"732\">\n<p class=\"\" data-start=\"679\" data-end=\"732\">Suteikia plaukams glotnumo, \u017evilgesio ir paklusnumo<\/p>\n<\/li>\n<li class=\"\" data-start=\"733\" data-end=\"765\">\n<p class=\"\" data-start=\"735\" data-end=\"765\">Apsaugo nuo tolesnio pa\u017eeidimo<\/p>\n<\/li>\n<\/ul>\n<p class=\"\" data-start=\"767\" data-end=\"782\"><strong data-start=\"767\" data-end=\"782\">Usage:<\/strong><\/p>\n<p class=\"\" data-start=\"784\" data-end=\"918\">Nedidel\u012f kiek\u012f \u0161amp\u016bno \u012fmasa\u017euoti \u012f dr\u0117gnus plaukus ir galvos od\u0105, \u0161velniai paskirstyti ir i\u0161skalauti vandeniu. Jei reikia, pakartoti.<\/p>","protected":false},"excerpt":{"rendered":"<p>Intensyviai atkuriantis \u0161amp\u016bnas pa\u017eeistiems plaukams<\/p>","protected":false},"featured_media":8077,"comment_status":"open","ping_status":"closed","template":"","meta":[],"product_cat":[195],"product_tag":[],"class_list":{"0":"post-8076","1":"product","2":"type-product","3":"status-publish","4":"has-post-thumbnail","6":"product_cat-sampunai","7":"pa_brands-hadat","8":"pa_talpa-250ml","9":"pa_talpa-800ml","11":"first","12":"instock","13":"taxable","14":"shipping-taxable","15":"purchasable","16":"product-type-variable"},"_links":{"self":[{"href":"https:\/\/miamedic.lt\/en\/wp-json\/wp\/v2\/product\/8076","targetHints":{"allow":["GET"]}}],"collection":[{"href":"https:\/\/miamedic.lt\/en\/wp-json\/wp\/v2\/product"}],"about":[{"href":"https:\/\/miamedic.lt\/en\/wp-json\/wp\/v2\/types\/product"}],"replies":[{"embeddable":true,"href":"https:\/\/miamedic.lt\/en\/wp-json\/wp\/v2\/comments?post=8076"}],"version-history":[{"count":4,"href":"https:\/\/miamedic.lt\/en\/wp-json\/wp\/v2\/product\/8076\/revisions"}],"predecessor-version":[{"id":8103,"href":"https:\/\/miamedic.lt\/en\/wp-json\/wp\/v2\/product\/8076\/revisions\/8103"}],"wp:featuredmedia":[{"embeddable":true,"href":"https:\/\/miamedic.lt\/en\/wp-json\/wp\/v2\/media\/8077"}],"wp:attachment":[{"href":"https:\/\/miamedic.lt\/en\/wp-json\/wp\/v2\/media?parent=8076"}],"wp:term":[{"taxonomy":"product_cat","embeddable":true,"href":"https:\/\/miamedic.lt\/en\/wp-json\/wp\/v2\/product_cat?post=8076"},{"taxonomy":"product_tag","embeddable":true,"href":"https:\/\/miamedic.lt\/en\/wp-json\/wp\/v2\/product_tag?post=8076"}],"curies":[{"name":"wp","href":"https:\/\/api.w.org\/{rel}","templated":true}]}}