{"id":8071,"date":"2025-05-14T11:33:27","date_gmt":"2025-05-14T11:33:27","guid":{"rendered":"https:\/\/miamedic.lt\/?post_type=product&#038;p=8071"},"modified":"2025-12-01T00:30:18","modified_gmt":"2025-12-01T00:30:18","slug":"hydro-nourishing-moisture-shampoo","status":"publish","type":"product","link":"https:\/\/miamedic.lt\/en\/shop\/hydro-nourishing-moisture-shampoo\/","title":{"rendered":"Nourishing Moisture Shampoo"},"content":{"rendered":"<p class=\"\" data-start=\"5\" data-end=\"92\"><strong data-start=\"5\" data-end=\"42\">Hadat Cosmetics Hydro Nourishing Moisture Shampoo<\/strong> \u2013 intensyviai dr\u0117kinantis ir maitinantis \u0161amp\u016bnas<\/p>\n<p class=\"\" data-start=\"94\" data-end=\"354\">\u0160velnios formul\u0117s \u0161amp\u016bnas, praturtintas dr\u0117kinan\u010diais ingredientais, kruop\u0161\u010diai valo galvos od\u0105 ir plaukus, suteikdamas jiems \u0161velnumo, elastingumo ir sveiko \u017evilgesio. Tinka kasdieniam naudojimui, ypa\u010d sausiems, pa\u017eeistiems ar chemi\u0161kai apdorotiems plaukams.<\/p>\n<p class=\"\" data-start=\"356\" data-end=\"369\"><strong data-start=\"356\" data-end=\"369\">Effect:<\/strong><\/p>\n<ul data-start=\"371\" data-end=\"604\">\n<li class=\"\" data-start=\"371\" data-end=\"426\">\n<p class=\"\" data-start=\"373\" data-end=\"426\">\u0160velniai, bet efektyviai valo plaukus ir galvos od\u0105<\/p>\n<\/li>\n<li class=\"\" data-start=\"427\" data-end=\"461\">\n<p class=\"\" data-start=\"429\" data-end=\"461\">Intensyviai dr\u0117kina ir maitina<\/p>\n<\/li>\n<li class=\"\" data-start=\"462\" data-end=\"504\">\n<p class=\"\" data-start=\"464\" data-end=\"504\">Suma\u017eina plauk\u0173 slinkim\u0105 ir l\u016b\u017ein\u0117jim\u0105<\/p>\n<\/li>\n<li class=\"\" data-start=\"505\" data-end=\"559\">\n<p class=\"\" data-start=\"507\" data-end=\"559\">Suteikia plaukams mink\u0161tumo, glotnumo ir \u017evilgesio<\/p>\n<\/li>\n<li class=\"\" data-start=\"560\" data-end=\"604\">\n<p class=\"\" data-start=\"562\" data-end=\"604\">Padeda atkurti pa\u017eeist\u0105 plauk\u0173 strukt\u016br\u0105<\/p>\n<\/li>\n<\/ul>\n<p class=\"\" data-start=\"606\" data-end=\"621\"><strong data-start=\"606\" data-end=\"621\">Usage:<\/strong><\/p>\n<p class=\"\" data-start=\"623\" data-end=\"768\">Nedidel\u012f kiek\u012f \u0161amp\u016bno paskirstyti ant dr\u0117gn\u0173 plauk\u0173 ir \u0161velniai \u012fmasa\u017euoti \u012f galvos od\u0105. Kruop\u0161\u010diai i\u0161skalauti. Jei reikia, proced\u016br\u0105 pakartoti.<\/p>","protected":false},"excerpt":{"rendered":"<p>Intensyviai dr\u0117kinantis ir maitinantis \u0161amp\u016bnas<\/p>","protected":false},"featured_media":8072,"comment_status":"open","ping_status":"closed","template":"","meta":[],"product_cat":[195],"product_tag":[],"class_list":{"0":"post-8071","1":"product","2":"type-product","3":"status-publish","4":"has-post-thumbnail","6":"product_cat-sampunai","7":"pa_brands-hadat","8":"pa_talpa-250ml","9":"pa_talpa-800ml","11":"first","12":"instock","13":"taxable","14":"shipping-taxable","15":"purchasable","16":"product-type-variable"},"_links":{"self":[{"href":"https:\/\/miamedic.lt\/en\/wp-json\/wp\/v2\/product\/8071","targetHints":{"allow":["GET"]}}],"collection":[{"href":"https:\/\/miamedic.lt\/en\/wp-json\/wp\/v2\/product"}],"about":[{"href":"https:\/\/miamedic.lt\/en\/wp-json\/wp\/v2\/types\/product"}],"replies":[{"embeddable":true,"href":"https:\/\/miamedic.lt\/en\/wp-json\/wp\/v2\/comments?post=8071"}],"version-history":[{"count":4,"href":"https:\/\/miamedic.lt\/en\/wp-json\/wp\/v2\/product\/8071\/revisions"}],"predecessor-version":[{"id":12461,"href":"https:\/\/miamedic.lt\/en\/wp-json\/wp\/v2\/product\/8071\/revisions\/12461"}],"wp:featuredmedia":[{"embeddable":true,"href":"https:\/\/miamedic.lt\/en\/wp-json\/wp\/v2\/media\/8072"}],"wp:attachment":[{"href":"https:\/\/miamedic.lt\/en\/wp-json\/wp\/v2\/media?parent=8071"}],"wp:term":[{"taxonomy":"product_cat","embeddable":true,"href":"https:\/\/miamedic.lt\/en\/wp-json\/wp\/v2\/product_cat?post=8071"},{"taxonomy":"product_tag","embeddable":true,"href":"https:\/\/miamedic.lt\/en\/wp-json\/wp\/v2\/product_tag?post=8071"}],"curies":[{"name":"wp","href":"https:\/\/api.w.org\/{rel}","templated":true}]}}