{"id":8068,"date":"2025-05-14T11:24:29","date_gmt":"2025-05-14T11:24:29","guid":{"rendered":"https:\/\/miamedic.lt\/?post_type=product&#038;p=8068"},"modified":"2026-02-02T17:20:41","modified_gmt":"2026-02-02T17:20:41","slug":"prime-renewing-pack","status":"publish","type":"product","link":"https:\/\/miamedic.lt\/en\/shop\/prime-renewing-pack\/","title":{"rendered":"Prime Renewing Pack"},"content":{"rendered":"<p class=\"\" data-start=\"114\" data-end=\"225\"><strong data-start=\"114\" data-end=\"161\">VALMONT Prime Renewing Pack <\/strong>\u2013 intensyviai atkurianti veido kauk\u0117 su prabangiu kvap\u0173 akcentu<\/p>\n<p class=\"\" data-start=\"227\" data-end=\"527\">tai prabangi ir itin veiksminga kauk\u0117, \u017einoma kaip \u201eanti-stresin\u0117 kauk\u0117\u201c arba \u201egro\u017eio miegas d\u0117\u017eut\u0117je\u201c. Ji skirta greitam odos atgaivinimui ir atjauninimui. D\u0117l unikalios tekst\u016bros ir aktyvi\u0173 ingredient\u0173 kauk\u0117 suteikia odai spindesio, \u0161velnumo ir stangrumo jau po pirmojo naudojimo. Puikiai tinka prie\u0161 svarbius renginius arba kai norisi greito rezultato. Kartu \u2013 subtilus dovan\u0173 akcentas: eleganti\u0161kas <strong data-start=\"487\" data-end=\"501\">Just Bloom<\/strong> kvapas 2 ml miniati\u016broje.<\/p>\n<p class=\"\" data-start=\"529\" data-end=\"542\"><strong data-start=\"529\" data-end=\"542\">Effect:<\/strong><\/p>\n<ul data-start=\"544\" data-end=\"757\">\n<li class=\"\" data-start=\"544\" data-end=\"593\">\n<p class=\"\" data-start=\"546\" data-end=\"593\">Ma\u017eina nuovargio \u017eymes ir smulkias rauk\u0161leles<\/p>\n<\/li>\n<li class=\"\" data-start=\"594\" data-end=\"634\">\n<p class=\"\" data-start=\"596\" data-end=\"634\">Suteikia odai \u0161vyt\u0117jimo ir stangrumo<\/p>\n<\/li>\n<li class=\"\" data-start=\"635\" data-end=\"667\">\n<p class=\"\" data-start=\"637\" data-end=\"667\">Ramina, dr\u0117kina ir tonizuoja<\/p>\n<\/li>\n<li class=\"\" data-start=\"668\" data-end=\"717\">\n<p class=\"\" data-start=\"670\" data-end=\"717\">Veikia kaip \u201egreito poveikio gro\u017eio priemon\u0117\u201c<\/p>\n<\/li>\n<li class=\"\" data-start=\"718\" data-end=\"757\">\n<p class=\"\" data-start=\"720\" data-end=\"757\">Papildo ritual\u0105 subtilus g\u0117li\u0173 kvapas<\/p>\n<\/li>\n<\/ul>\n<p class=\"\" data-start=\"759\" data-end=\"774\"><strong data-start=\"759\" data-end=\"774\">Usage:<\/strong><\/p>\n<p class=\"\" data-start=\"776\" data-end=\"958\">Naudoti pagal kosmetologo rekomendacijas. Nedidel\u012f kiek\u012f priemon\u0117s tepti ant \u0161varios veido odos, palaikyti 5\u201310 min. ir nuvalyti servet\u0117le arba palikti kaip plon\u0105 sluoksn\u012f per nakt\u012f.<\/p>\n<p class=\"\" data-start=\"960\" data-end=\"1098\">Tinka naudoti tiek kaip greito efekto priemon\u0119 prie\u0161 svarbias progas, tiek kasdien, siekiant i\u0161laikyti \u0161vytin\u010di\u0105, lygi\u0105 ir atgaivint\u0105 od\u0105.<\/p>","protected":false},"excerpt":{"rendered":"<p>intensyviai atkurianti veido kauk\u0117 su prabangiu kvap\u0173 akcentu<\/p>","protected":false},"featured_media":8069,"comment_status":"open","ping_status":"closed","template":"","meta":[],"product_cat":[417,420],"product_tag":[],"class_list":{"0":"post-8068","1":"product","2":"type-product","3":"status-publish","4":"has-post-thumbnail","6":"product_cat-is-clinical-ir-valmont","7":"product_cat-veido-kaukes","8":"pa_brands-valmont","9":"pa_talpa-75ml","11":"first","12":"instock","13":"taxable","14":"shipping-taxable","15":"purchasable","16":"product-type-simple"},"_links":{"self":[{"href":"https:\/\/miamedic.lt\/en\/wp-json\/wp\/v2\/product\/8068","targetHints":{"allow":["GET"]}}],"collection":[{"href":"https:\/\/miamedic.lt\/en\/wp-json\/wp\/v2\/product"}],"about":[{"href":"https:\/\/miamedic.lt\/en\/wp-json\/wp\/v2\/types\/product"}],"replies":[{"embeddable":true,"href":"https:\/\/miamedic.lt\/en\/wp-json\/wp\/v2\/comments?post=8068"}],"version-history":[{"count":4,"href":"https:\/\/miamedic.lt\/en\/wp-json\/wp\/v2\/product\/8068\/revisions"}],"predecessor-version":[{"id":10102,"href":"https:\/\/miamedic.lt\/en\/wp-json\/wp\/v2\/product\/8068\/revisions\/10102"}],"wp:featuredmedia":[{"embeddable":true,"href":"https:\/\/miamedic.lt\/en\/wp-json\/wp\/v2\/media\/8069"}],"wp:attachment":[{"href":"https:\/\/miamedic.lt\/en\/wp-json\/wp\/v2\/media?parent=8068"}],"wp:term":[{"taxonomy":"product_cat","embeddable":true,"href":"https:\/\/miamedic.lt\/en\/wp-json\/wp\/v2\/product_cat?post=8068"},{"taxonomy":"product_tag","embeddable":true,"href":"https:\/\/miamedic.lt\/en\/wp-json\/wp\/v2\/product_tag?post=8068"}],"curies":[{"name":"wp","href":"https:\/\/api.w.org\/{rel}","templated":true}]}}