{"id":6943,"date":"2025-04-28T15:14:36","date_gmt":"2025-04-28T15:14:36","guid":{"rendered":"https:\/\/miamedic.lt\/?post_type=product&#038;p=6943"},"modified":"2025-12-01T00:29:32","modified_gmt":"2025-12-01T00:29:32","slug":"pediatrics-transparent-spf50","status":"publish","type":"product","link":"https:\/\/miamedic.lt\/en\/shop\/pediatrics-transparent-spf50\/","title":{"rendered":"PEDIATRICS TRANSPARENT SPF50+"},"content":{"rendered":"<p class=\"\" data-start=\"0\" data-end=\"98\"><strong data-start=\"0\" data-end=\"98\">Heliocare 360\u00b0 Pediatrics Transparent Spray SPF50 200 ml \u2013 auk\u0161\u010diausios klas\u0117s apsauga vaikams<\/strong><\/p>\n<p class=\"\" data-start=\"100\" data-end=\"464\"><strong data-start=\"100\" data-end=\"153\">Heliocare 360\u00b0 Pediatrics Transparent Spray SPF50<\/strong> \u2013 tai specialiai vaikams sukurta saul\u0117s apsaugos priemon\u0117, kuri suteikia auk\u0161\u010diausio lygio apsaug\u0105 nuo saul\u0117s spinduli\u0173. \u0160is pur\u0161kiklis lengvai pasiskirsto ant odos, nesudaro riebal\u0173 sluoksnio ir nepalieka d\u0117mi\u0173, tod\u0117l yra ideali priemon\u0117 vaikams, kurie nori u\u017etikrinti apsaug\u0105 nuo kenksming\u0173 saul\u0117s spinduli\u0173.<\/p>\n<p class=\"\" data-start=\"466\" data-end=\"479\"><strong data-start=\"466\" data-end=\"479\">Effect:<\/strong><\/p>\n<ul data-start=\"481\" data-end=\"832\">\n<li class=\"\" data-start=\"481\" data-end=\"575\">\n<p class=\"\" data-start=\"483\" data-end=\"575\">Auk\u0161ta plataus spektro apsauga nuo UVB, UVA, matomosios ir infraraudonosios \u0161viesos (SPF50).<\/p>\n<\/li>\n<li class=\"\" data-start=\"576\" data-end=\"633\">\n<p class=\"\" data-start=\"578\" data-end=\"633\">Tinka jautriai vaik\u0173 odai, apsaugo nuo saul\u0117s nudegimo.<\/p>\n<\/li>\n<li class=\"\" data-start=\"634\" data-end=\"712\">\n<p class=\"\" data-start=\"636\" data-end=\"712\">Greitai \u012fsigerianti, bespalv\u0117 formul\u0117, nepalieka riebal\u0173 sluoksnio ir d\u0117mi\u0173.<\/p>\n<\/li>\n<li class=\"\" data-start=\"713\" data-end=\"755\">\n<p class=\"\" data-start=\"715\" data-end=\"755\">Patogus pur\u0161kiklis, kur\u012f lengva naudoti.<\/p>\n<\/li>\n<li class=\"\" data-start=\"756\" data-end=\"832\">\n<p class=\"\" data-start=\"758\" data-end=\"832\">Atsparus vandeniui, ilgalaik\u0117 apsauga net ir esant dideliam prakaitavimui.<\/p>\n<\/li>\n<\/ul>\n<p class=\"\" data-start=\"834\" data-end=\"849\"><strong data-start=\"834\" data-end=\"849\">Usage:<\/strong><\/p>\n<p class=\"\" data-start=\"851\" data-end=\"1064\">Po odos valymo tolygiai purk\u0161kite ant viso k\u016bno, ypa\u010d pa\u017eeid\u017eiamose vietose (veidas, rankos, kojos). Naudokite prie\u0161 tiesiogin\u012f saul\u0117s poveik\u012f ir reguliariai atnaujinkite apsaug\u0105, ypa\u010d po maudyni\u0173 ar prakaitavimo.<\/p>\n<p class=\"\" data-start=\"1066\" data-end=\"1084\"><strong data-start=\"1066\" data-end=\"1084\">Suitable for use:<\/strong><\/p>\n<ul data-start=\"1086\" data-end=\"1268\">\n<li class=\"\" data-start=\"1086\" data-end=\"1113\">\n<p class=\"\" data-start=\"1088\" data-end=\"1113\">Vaikams ir jautriai odai.<\/p>\n<\/li>\n<li class=\"\" data-start=\"1114\" data-end=\"1176\">\n<p class=\"\" data-start=\"1116\" data-end=\"1176\">Tiems, kurie nori u\u017etikrinti auk\u0161\u010diausi\u0105 apsaug\u0105 nuo saul\u0117s.<\/p>\n<\/li>\n<li class=\"\" data-start=\"1177\" data-end=\"1268\">\n<p class=\"\" data-start=\"1179\" data-end=\"1268\">Visiems, kas praleid\u017eia laik\u0105 lauke, siekiant apsaugoti od\u0105 nuo \u017ealing\u0173 saul\u0117s spinduli\u0173.<\/p>\n<\/li>\n<\/ul>","protected":false},"excerpt":{"rendered":"<p>Auk\u0161\u010diausios klas\u0117s apsauga vaikams<\/p>","protected":false},"featured_media":6953,"comment_status":"open","ping_status":"closed","template":"","meta":[],"product_cat":[152],"product_tag":[],"class_list":{"0":"post-6943","1":"product","2":"type-product","3":"status-publish","4":"has-post-thumbnail","6":"product_cat-spf","7":"pa_brands-cantabria-labs","8":"pa_talpa-200ml","10":"first","11":"instock","12":"taxable","13":"shipping-taxable","14":"purchasable","15":"product-type-simple"},"_links":{"self":[{"href":"https:\/\/miamedic.lt\/en\/wp-json\/wp\/v2\/product\/6943","targetHints":{"allow":["GET"]}}],"collection":[{"href":"https:\/\/miamedic.lt\/en\/wp-json\/wp\/v2\/product"}],"about":[{"href":"https:\/\/miamedic.lt\/en\/wp-json\/wp\/v2\/types\/product"}],"replies":[{"embeddable":true,"href":"https:\/\/miamedic.lt\/en\/wp-json\/wp\/v2\/comments?post=6943"}],"version-history":[{"count":2,"href":"https:\/\/miamedic.lt\/en\/wp-json\/wp\/v2\/product\/6943\/revisions"}],"predecessor-version":[{"id":10104,"href":"https:\/\/miamedic.lt\/en\/wp-json\/wp\/v2\/product\/6943\/revisions\/10104"}],"wp:featuredmedia":[{"embeddable":true,"href":"https:\/\/miamedic.lt\/en\/wp-json\/wp\/v2\/media\/6953"}],"wp:attachment":[{"href":"https:\/\/miamedic.lt\/en\/wp-json\/wp\/v2\/media?parent=6943"}],"wp:term":[{"taxonomy":"product_cat","embeddable":true,"href":"https:\/\/miamedic.lt\/en\/wp-json\/wp\/v2\/product_cat?post=6943"},{"taxonomy":"product_tag","embeddable":true,"href":"https:\/\/miamedic.lt\/en\/wp-json\/wp\/v2\/product_tag?post=6943"}],"curies":[{"name":"wp","href":"https:\/\/api.w.org\/{rel}","templated":true}]}}