{"id":6910,"date":"2025-04-28T15:03:04","date_gmt":"2025-04-28T15:03:04","guid":{"rendered":"https:\/\/miamedic.lt\/?post_type=product&#038;p=6910"},"modified":"2025-12-01T00:30:18","modified_gmt":"2025-12-01T00:30:18","slug":"water-gel-spf50","status":"publish","type":"product","link":"https:\/\/miamedic.lt\/en\/shop\/water-gel-spf50\/","title":{"rendered":"WATER GEL SPF50+"},"content":{"rendered":"<p class=\"\" data-start=\"40\" data-end=\"155\"><strong data-start=\"40\" data-end=\"155\">Heliocare 360\u00b0 Water Gel SPF50+ Beige 50 ml \u2013 auk\u0161\u010diausios klas\u0117s apsauga ir odos prie\u017ei\u016bra su nat\u016bralia spalva<\/strong><\/p>\n<p class=\"\" data-start=\"157\" data-end=\"424\"><strong data-start=\"157\" data-end=\"198\">Heliocare 360\u00b0 Water Gel SPF50+ Beige<\/strong> \u2013 tai auk\u0161\u010diausios klas\u0117s saul\u0117s apsaugos priemon\u0117, sukurta specialiai odai, kuri nori ne tik apsaugos nuo saul\u0117s, bet ir nat\u016bralaus atspalvio. <span class=\"relative -mx-px my-[-0.2rem] rounded px-px py-[0.2rem] transition-colors duration-100 ease-in-out\">\u0160is gelis ne tik apsaugo od\u0105 nuo \u017ealingo saul\u0117s poveikio, bet ir suteikia lengv\u0105 spalv\u0105, i\u0161lygindamas odos tonus\u0105.<\/span>\u200b<\/p>\n<p class=\"\" data-start=\"426\" data-end=\"439\"><strong data-start=\"426\" data-end=\"439\">Poveikis:<\/strong><\/p>\n<ul data-start=\"441\" data-end=\"684\">\n<li class=\"\" data-start=\"441\" data-end=\"480\">\n<p class=\"\" data-start=\"443\" data-end=\"480\"><span class=\"relative -mx-px my-[-0.2rem] rounded px-px py-[0.2rem] transition-colors duration-100 ease-in-out\">Auk\u0161ta plataus spektro apsauga nuo UVB, UVA, matomosios ir infraraudonosios \u0161viesos (SPF50+).<\/span><\/p>\n<\/li>\n<li class=\"\" data-start=\"481\" data-end=\"520\">\n<p class=\"\" data-start=\"483\" data-end=\"520\"><span class=\"relative -mx-px my-[-0.2rem] rounded px-px py-[0.2rem] transition-colors duration-100 ease-in-out\">Suteikia nat\u016bral\u0173 atspalv\u012f, i\u0161lygindamas odos tonus\u0105.<\/span><\/p>\n<\/li>\n<li class=\"\" data-start=\"521\" data-end=\"560\">\n<p class=\"\" data-start=\"523\" data-end=\"560\"><span class=\"relative -mx-px my-[-0.2rem] rounded px-px py-[0.2rem] transition-colors duration-100 ease-in-out\">Lengvos tekst\u016bros, greitai \u012fsigerianti emulsija.<\/span><\/p>\n<\/li>\n<li class=\"\" data-start=\"561\" data-end=\"600\">\n<p class=\"\" data-start=\"563\" data-end=\"600\"><span class=\"relative -mx-px my-[-0.2rem] rounded px-px py-[0.2rem] transition-colors duration-100 ease-in-out\">Tinka naudoti vis\u0173 tip\u0173 odai, net ir jautriai.<\/span><\/p>\n<\/li>\n<li class=\"\" data-start=\"601\" data-end=\"684\">\n<p class=\"\" data-start=\"603\" data-end=\"684\"><span class=\"relative -mx-px my-[-0.2rem] rounded px-px py-[0.2rem] transition-colors duration-100 ease-in-out\">Nekomedogenin\u0117 \u2013 nekem\u0161a por\u0173.<\/span>\u200b<\/p>\n<\/li>\n<\/ul>\n<p class=\"\" data-start=\"686\" data-end=\"701\"><strong data-start=\"686\" data-end=\"701\">Naudojimas:<\/strong><\/p>\n<p class=\"\" data-start=\"703\" data-end=\"826\"><span class=\"relative -mx-px my-[-0.2rem] rounded px-px py-[0.2rem] transition-colors duration-100 ease-in-out\">Ryte, po odos valymo ir dr\u0117kinimo, tolygiai u\u017etepkite nedidel\u012f kiek\u012f gelio ant veido ir kaklo.<\/span> <span class=\"relative -mx-px my-[-0.2rem] rounded px-px py-[0.2rem] transition-colors duration-100 ease-in-out\">Naudokite kasdien, siekiant u\u017etikrinti nuolatin\u0119 apsaug\u0105 nuo saul\u0117s ir suteikti odai nat\u016bral\u0173 atspalv\u012f.<\/span>\u200b<\/p>\n<p class=\"\" data-start=\"828\" data-end=\"846\"><strong data-start=\"828\" data-end=\"846\">Tinka naudoti:<\/strong><\/p>\n<ul data-start=\"848\" data-end=\"1094\">\n<li class=\"\" data-start=\"848\" data-end=\"894\">\n<p class=\"\" data-start=\"850\" data-end=\"894\">Kasdieniam apsaugos nuo saul\u0117s u\u017etikrinimui.<\/p>\n<\/li>\n<li class=\"\" data-start=\"895\" data-end=\"975\">\n<p class=\"\" data-start=\"897\" data-end=\"975\">Odos prie\u017ei\u016brai, siekiant i\u0161lyginti odos tonus\u0105 ir suteikti nat\u016bral\u0173 atspalv\u012f.<\/p>\n<\/li>\n<li class=\"\" data-start=\"976\" data-end=\"1094\">\n<p class=\"\" data-start=\"978\" data-end=\"1094\">Odos prie\u017ei\u016brai, siekiant apsaugoti od\u0105 nuo \u017ealingo aplinkos poveikio.<\/p>\n<\/li>\n<\/ul>\n","protected":false},"excerpt":{"rendered":"<p>Top-class protection and skincare with a natural tint.<\/p>","protected":false},"featured_media":6914,"comment_status":"open","ping_status":"closed","template":"","meta":[],"product_cat":[181,153],"product_tag":[],"class_list":{"0":"post-6910","1":"product","2":"type-product","3":"status-publish","4":"has-post-thumbnail","6":"product_cat-makiazo-pagrindas","7":"product_cat-spf-veido-prieziura","8":"pa_brands-cantabria-labs","9":"pa_talpa-50ml-2","11":"first","12":"instock","13":"taxable","14":"shipping-taxable","15":"purchasable","16":"product-type-variable"},"_links":{"self":[{"href":"https:\/\/miamedic.lt\/en\/wp-json\/wp\/v2\/product\/6910","targetHints":{"allow":["GET"]}}],"collection":[{"href":"https:\/\/miamedic.lt\/en\/wp-json\/wp\/v2\/product"}],"about":[{"href":"https:\/\/miamedic.lt\/en\/wp-json\/wp\/v2\/types\/product"}],"replies":[{"embeddable":true,"href":"https:\/\/miamedic.lt\/en\/wp-json\/wp\/v2\/comments?post=6910"}],"version-history":[{"count":2,"href":"https:\/\/miamedic.lt\/en\/wp-json\/wp\/v2\/product\/6910\/revisions"}],"predecessor-version":[{"id":10105,"href":"https:\/\/miamedic.lt\/en\/wp-json\/wp\/v2\/product\/6910\/revisions\/10105"}],"wp:featuredmedia":[{"embeddable":true,"href":"https:\/\/miamedic.lt\/en\/wp-json\/wp\/v2\/media\/6914"}],"wp:attachment":[{"href":"https:\/\/miamedic.lt\/en\/wp-json\/wp\/v2\/media?parent=6910"}],"wp:term":[{"taxonomy":"product_cat","embeddable":true,"href":"https:\/\/miamedic.lt\/en\/wp-json\/wp\/v2\/product_cat?post=6910"},{"taxonomy":"product_tag","embeddable":true,"href":"https:\/\/miamedic.lt\/en\/wp-json\/wp\/v2\/product_tag?post=6910"}],"curies":[{"name":"wp","href":"https:\/\/api.w.org\/{rel}","templated":true}]}}