{"id":6907,"date":"2025-04-28T14:54:20","date_gmt":"2025-04-28T14:54:20","guid":{"rendered":"https:\/\/miamedic.lt\/?post_type=product&#038;p=6907"},"modified":"2025-12-01T00:29:32","modified_gmt":"2025-12-01T00:29:32","slug":"active-fluidas-spf50","status":"publish","type":"product","link":"https:\/\/miamedic.lt\/en\/shop\/active-fluidas-spf50\/","title":{"rendered":"ACTIVE FLUIDAS SPF50+"},"content":{"rendered":"<p class=\"\" data-start=\"0\" data-end=\"111\"><strong data-start=\"0\" data-end=\"111\">Heliocare 360\u00b0 Age Active Fluid SPF50+ 50 ml \u2013 auk\u0161\u010diausios klas\u0117s apsauga ir odos prie\u017ei\u016bra brand\u017eiai odai<\/strong><\/p>\n<p class=\"\" data-start=\"113\" data-end=\"373\"><strong data-start=\"113\" data-end=\"155\">Heliocare 360\u00b0 Age Active Fluid SPF50+<\/strong> \u2013 tai auk\u0161\u010diausios klas\u0117s saul\u0117s apsaugos priemon\u0117, sukurta specialiai brand\u017eiai odai, linkusiai \u012f rauk\u0161les ir kitus sen\u0117jimo po\u017eymius. <span class=\"relative -mx-px my-[-0.2rem] rounded px-px py-[0.2rem] transition-colors duration-100 ease-in-out\">\u0160is fluidas ne tik apsaugo od\u0105 nuo \u017ealingo saul\u0117s poveikio, bet ir padeda i\u0161lyginti odos tonus\u0105 bei suma\u017einti sen\u0117jimo po\u017eymius.<\/span>\u200b<\/p>\n<p class=\"\" data-start=\"375\" data-end=\"388\"><strong data-start=\"375\" data-end=\"388\">Poveikis:<\/strong><\/p>\n<ul data-start=\"390\" data-end=\"633\">\n<li class=\"\" data-start=\"390\" data-end=\"429\">\n<p class=\"\" data-start=\"392\" data-end=\"429\"><span class=\"relative -mx-px my-[-0.2rem] rounded px-px py-[0.2rem] transition-colors duration-100 ease-in-out\">Auk\u0161ta plataus spektro apsauga nuo UVB, UVA, matomosios ir infraraudonosios \u0161viesos (SPF50+).<\/span><\/p>\n<\/li>\n<li class=\"\" data-start=\"430\" data-end=\"469\">\n<p class=\"\" data-start=\"432\" data-end=\"469\"><span class=\"relative -mx-px my-[-0.2rem] rounded px-px py-[0.2rem] transition-colors duration-100 ease-in-out\">Padeda suma\u017einti rauk\u0161les ir i\u0161lyginti odos tonus\u0105.<\/span><\/p>\n<\/li>\n<li class=\"\" data-start=\"470\" data-end=\"509\">\n<p class=\"\" data-start=\"472\" data-end=\"509\"><span class=\"relative -mx-px my-[-0.2rem] rounded px-px py-[0.2rem] transition-colors duration-100 ease-in-out\">Tinka naudoti brand\u017eiai odai, linkusiai \u012f sen\u0117jimo po\u017eymius.<\/span><\/p>\n<\/li>\n<li class=\"\" data-start=\"510\" data-end=\"549\">\n<p class=\"\" data-start=\"512\" data-end=\"549\"><span class=\"relative -mx-px my-[-0.2rem] rounded px-px py-[0.2rem] transition-colors duration-100 ease-in-out\">Lengvos tekst\u016bros, greitai \u012fsigerianti emulsija.<\/span><\/p>\n<\/li>\n<li class=\"\" data-start=\"550\" data-end=\"633\">\n<p class=\"\" data-start=\"552\" data-end=\"633\"><span class=\"relative -mx-px my-[-0.2rem] rounded px-px py-[0.2rem] transition-colors duration-100 ease-in-out\">Nekomedogenin\u0117 \u2013 nekem\u0161a por\u0173.<\/span>\u200b<\/p>\n<\/li>\n<\/ul>\n<p class=\"\" data-start=\"635\" data-end=\"650\"><strong data-start=\"635\" data-end=\"650\">Naudojimas:<\/strong><\/p>\n<p class=\"\" data-start=\"652\" data-end=\"773\"><span class=\"relative -mx-px my-[-0.2rem] rounded px-px py-[0.2rem] transition-colors duration-100 ease-in-out\">Ryte, po odos valymo ir dr\u0117kinimo, tolygiai u\u017etepkite nedidel\u012f kiek\u012f emulsijos ant veido ir kaklo.<\/span> <span class=\"relative -mx-px my-[-0.2rem] rounded px-px py-[0.2rem] transition-colors duration-100 ease-in-out\">Naudokite kasdien, siekiant u\u017etikrinti nuolatin\u0119 apsaug\u0105 nuo saul\u0117s ir suma\u017einti sen\u0117jimo po\u017eymius.<\/span><\/p>\n","protected":false},"excerpt":{"rendered":"<p>Auk\u0161\u010diausios klas\u0117s apsauga ir odos prie\u017ei\u016bra brand\u017eiai odai<\/p>","protected":false},"featured_media":6908,"comment_status":"open","ping_status":"closed","template":"","meta":[],"product_cat":[153],"product_tag":[],"class_list":{"0":"post-6907","1":"product","2":"type-product","3":"status-publish","4":"has-post-thumbnail","6":"product_cat-spf-veido-prieziura","7":"pa_brands-cantabria-labs","8":"pa_talpa-50ml-2","10":"first","11":"instock","12":"taxable","13":"shipping-taxable","14":"purchasable","15":"product-type-simple"},"_links":{"self":[{"href":"https:\/\/miamedic.lt\/en\/wp-json\/wp\/v2\/product\/6907","targetHints":{"allow":["GET"]}}],"collection":[{"href":"https:\/\/miamedic.lt\/en\/wp-json\/wp\/v2\/product"}],"about":[{"href":"https:\/\/miamedic.lt\/en\/wp-json\/wp\/v2\/types\/product"}],"replies":[{"embeddable":true,"href":"https:\/\/miamedic.lt\/en\/wp-json\/wp\/v2\/comments?post=6907"}],"version-history":[{"count":2,"href":"https:\/\/miamedic.lt\/en\/wp-json\/wp\/v2\/product\/6907\/revisions"}],"predecessor-version":[{"id":10106,"href":"https:\/\/miamedic.lt\/en\/wp-json\/wp\/v2\/product\/6907\/revisions\/10106"}],"wp:featuredmedia":[{"embeddable":true,"href":"https:\/\/miamedic.lt\/en\/wp-json\/wp\/v2\/media\/6908"}],"wp:attachment":[{"href":"https:\/\/miamedic.lt\/en\/wp-json\/wp\/v2\/media?parent=6907"}],"wp:term":[{"taxonomy":"product_cat","embeddable":true,"href":"https:\/\/miamedic.lt\/en\/wp-json\/wp\/v2\/product_cat?post=6907"},{"taxonomy":"product_tag","embeddable":true,"href":"https:\/\/miamedic.lt\/en\/wp-json\/wp\/v2\/product_tag?post=6907"}],"curies":[{"name":"wp","href":"https:\/\/api.w.org\/{rel}","templated":true}]}}