{"id":6854,"date":"2025-04-28T14:50:11","date_gmt":"2025-04-28T14:50:11","guid":{"rendered":"https:\/\/miamedic.lt\/?post_type=product&#038;p=6854"},"modified":"2025-12-01T00:29:32","modified_gmt":"2025-12-01T00:29:32","slug":"fluidas-spf50","status":"publish","type":"product","link":"https:\/\/miamedic.lt\/en\/shop\/fluidas-spf50\/","title":{"rendered":"FLUIDAS SPF50+"},"content":{"rendered":"<p class=\"\" data-start=\"40\" data-end=\"151\"><strong data-start=\"40\" data-end=\"151\">Heliocare 360\u00b0 Pigment Solution Fluid SPF50+ 50 ml \u2013 auk\u0161\u010diausios klas\u0117s apsauga ir odos tonuso i\u0161lyginimas<\/strong><\/p>\n<p class=\"\" data-start=\"153\" data-end=\"418\"><strong data-start=\"153\" data-end=\"201\">Heliocare 360\u00b0 Pigment Solution Fluid SPF50+<\/strong> \u2013 tai auk\u0161\u010diausios klas\u0117s saul\u0117s apsaugos priemon\u0117, sukurta specialiai odai, linkusiai \u012f hiperpigmentacij\u0105, d\u0117mes ir nelyg\u0173 odos ton\u0105. <span class=\"relative -mx-px my-[-0.2rem] rounded px-px py-[0.2rem] transition-colors duration-100 ease-in-out\">\u0160is produktas ne tik apsaugo od\u0105 nuo \u017ealingo saul\u0117s poveikio, bet ir padeda i\u0161lyginti odos tonus\u0105 bei suma\u017einti pigmentines d\u0117mes.<\/span>\u200b<\/p>\n<p class=\"\" data-start=\"420\" data-end=\"433\"><strong data-start=\"420\" data-end=\"433\">Poveikis:<\/strong><\/p>\n<ul data-start=\"435\" data-end=\"678\">\n<li class=\"\" data-start=\"435\" data-end=\"474\">\n<p class=\"\" data-start=\"437\" data-end=\"474\"><span class=\"relative -mx-px my-[-0.2rem] rounded px-px py-[0.2rem] transition-colors duration-100 ease-in-out\">Auk\u0161ta plataus spektro apsauga nuo UVB, UVA, matomosios ir infraraudonosios \u0161viesos (SPF50+).<\/span><\/p>\n<\/li>\n<li class=\"\" data-start=\"475\" data-end=\"514\">\n<p class=\"\" data-start=\"477\" data-end=\"514\"><span class=\"relative -mx-px my-[-0.2rem] rounded px-px py-[0.2rem] transition-colors duration-100 ease-in-out\">Padeda suma\u017einti pigmentines d\u0117mes ir i\u0161lygina odos tonus\u0105.<\/span><\/p>\n<\/li>\n<li class=\"\" data-start=\"515\" data-end=\"554\">\n<p class=\"\" data-start=\"517\" data-end=\"554\"><span class=\"relative -mx-px my-[-0.2rem] rounded px-px py-[0.2rem] transition-colors duration-100 ease-in-out\">Tinka naudoti jautriai odai, linkusiai \u012f paraudimus ir ro\u017ein\u0119.<\/span><\/p>\n<\/li>\n<li class=\"\" data-start=\"555\" data-end=\"594\">\n<p class=\"\" data-start=\"557\" data-end=\"594\"><span class=\"relative -mx-px my-[-0.2rem] rounded px-px py-[0.2rem] transition-colors duration-100 ease-in-out\">Lengvos tekst\u016bros, greitai \u012fsigerianti emulsija.<\/span><\/p>\n<\/li>\n<li class=\"\" data-start=\"595\" data-end=\"678\">\n<p class=\"\" data-start=\"597\" data-end=\"678\"><span class=\"relative -mx-px my-[-0.2rem] rounded px-px py-[0.2rem] transition-colors duration-100 ease-in-out\">Nekomedogenin\u0117 \u2013 nekem\u0161a por\u0173.<\/span>\u200b<\/p>\n<\/li>\n<\/ul>\n<p class=\"\" data-start=\"680\" data-end=\"695\"><strong data-start=\"680\" data-end=\"695\">Naudojimas:<\/strong><\/p>\n<p class=\"\" data-start=\"697\" data-end=\"820\"><span class=\"relative -mx-px my-[-0.2rem] rounded px-px py-[0.2rem] transition-colors duration-100 ease-in-out\">Ryte, po odos valymo ir dr\u0117kinimo, tolygiai u\u017etepkite nedidel\u012f kiek\u012f emulsijos ant veido ir kaklo.<\/span> <span class=\"relative -mx-px my-[-0.2rem] rounded px-px py-[0.2rem] transition-colors duration-100 ease-in-out\">Naudokite kasdien, siekiant u\u017etikrinti nuolatin\u0119 apsaug\u0105 nuo saul\u0117s ir suma\u017einti odos paraudimus.<\/span>\u200b<\/p>\n<p class=\"\" data-start=\"822\" data-end=\"840\"><strong data-start=\"822\" data-end=\"840\">Tinka naudoti:<\/strong><\/p>\n<ul data-start=\"842\" data-end=\"1082\">\n<li class=\"\" data-start=\"842\" data-end=\"888\">\n<p class=\"\" data-start=\"844\" data-end=\"888\">Kasdieniam apsaugos nuo saul\u0117s u\u017etikrinimui.<\/p>\n<\/li>\n<li class=\"\" data-start=\"889\" data-end=\"963\">\n<p class=\"\" data-start=\"891\" data-end=\"963\">Odos prie\u017ei\u016brai, siekiant suma\u017einti paraudimus ir i\u0161lyginti odos tonus\u0105.<\/p>\n<\/li>\n<li class=\"\" data-start=\"964\" data-end=\"1082\">\n<p class=\"\" data-start=\"966\" data-end=\"1082\">Odos prie\u017ei\u016brai, siekiant apsaugoti od\u0105 nuo \u017ealingo aplinkos poveikio.<\/p>\n<\/li>\n<\/ul>\n","protected":false},"excerpt":{"rendered":"<p>Auk\u0161\u010diausios klas\u0117s apsauga ir odos tonuso i\u0161lyginimas<\/p>","protected":false},"featured_media":6870,"comment_status":"open","ping_status":"closed","template":"","meta":[],"product_cat":[153],"product_tag":[],"class_list":{"0":"post-6854","1":"product","2":"type-product","3":"status-publish","4":"has-post-thumbnail","6":"product_cat-spf-veido-prieziura","7":"pa_brands-cantabria-labs","8":"pa_talpa-50ml-2","10":"first","11":"instock","12":"taxable","13":"shipping-taxable","14":"purchasable","15":"product-type-simple"},"_links":{"self":[{"href":"https:\/\/miamedic.lt\/en\/wp-json\/wp\/v2\/product\/6854","targetHints":{"allow":["GET"]}}],"collection":[{"href":"https:\/\/miamedic.lt\/en\/wp-json\/wp\/v2\/product"}],"about":[{"href":"https:\/\/miamedic.lt\/en\/wp-json\/wp\/v2\/types\/product"}],"replies":[{"embeddable":true,"href":"https:\/\/miamedic.lt\/en\/wp-json\/wp\/v2\/comments?post=6854"}],"version-history":[{"count":2,"href":"https:\/\/miamedic.lt\/en\/wp-json\/wp\/v2\/product\/6854\/revisions"}],"predecessor-version":[{"id":10107,"href":"https:\/\/miamedic.lt\/en\/wp-json\/wp\/v2\/product\/6854\/revisions\/10107"}],"wp:featuredmedia":[{"embeddable":true,"href":"https:\/\/miamedic.lt\/en\/wp-json\/wp\/v2\/media\/6870"}],"wp:attachment":[{"href":"https:\/\/miamedic.lt\/en\/wp-json\/wp\/v2\/media?parent=6854"}],"wp:term":[{"taxonomy":"product_cat","embeddable":true,"href":"https:\/\/miamedic.lt\/en\/wp-json\/wp\/v2\/product_cat?post=6854"},{"taxonomy":"product_tag","embeddable":true,"href":"https:\/\/miamedic.lt\/en\/wp-json\/wp\/v2\/product_tag?post=6854"}],"curies":[{"name":"wp","href":"https:\/\/api.w.org\/{rel}","templated":true}]}}