{"id":6821,"date":"2025-04-28T14:31:17","date_gmt":"2025-04-28T14:31:17","guid":{"rendered":"https:\/\/miamedic.lt\/?post_type=product&#038;p=6821"},"modified":"2025-12-01T00:29:32","modified_gmt":"2025-12-01T00:29:32","slug":"a-r-emulsija-spf50","status":"publish","type":"product","link":"https:\/\/miamedic.lt\/en\/shop\/a-r-emulsija-spf50\/","title":{"rendered":"A-R EMULSIJA SPF50+"},"content":{"rendered":"<p class=\"\" data-start=\"40\" data-end=\"146\"><strong data-start=\"40\" data-end=\"146\">Heliocare 360\u00b0 MD A-R Emulsija SPF50+ 50 ml \u2013 auk\u0161\u010diausios klas\u0117s apsauga jautriai odai su paraudimais<\/strong><\/p>\n<p class=\"\" data-start=\"148\" data-end=\"267\"><span class=\"relative -mx-px my-[-0.2rem] rounded px-px py-[0.2rem] transition-colors duration-100 ease-in-out\"><strong data-start=\"0\" data-end=\"41\" data-is-only-node=\"\">Heliocare 360\u00b0 MD A-R Emulsija SPF50+<\/strong> \u2013 tai specialiai sukurta saul\u0117s apsaugos priemon\u0117 jautriai, \u012f paraudimus linkusiai odai.<\/span> <span class=\"relative -mx-px my-[-0.2rem] rounded px-px py-[0.2rem] transition-colors duration-100 ease-in-out\">\u0160i emulsija ne tik apsaugo od\u0105 nuo kenksming\u0173 saul\u0117s spinduli\u0173, bet ir padeda suma\u017einti paraudimus bei i\u0161lygina odos tonus\u0105.<\/span>\u200b<\/p>\n<p class=\"\" data-start=\"269\" data-end=\"282\"><strong data-start=\"269\" data-end=\"282\">Poveikis:<\/strong><\/p>\n<ul data-start=\"284\" data-end=\"527\">\n<li class=\"\" data-start=\"284\" data-end=\"323\">\n<p class=\"\" data-start=\"286\" data-end=\"323\"><span class=\"relative -mx-px my-[-0.2rem] rounded px-px py-[0.2rem] transition-colors duration-100 ease-in-out\">Auk\u0161ta plataus spektro apsauga nuo UVB, UVA, matomosios ir infraraudonosios \u0161viesos (SPF50+).<\/span><\/p>\n<\/li>\n<li class=\"\" data-start=\"324\" data-end=\"363\">\n<p class=\"\" data-start=\"326\" data-end=\"363\"><span class=\"relative -mx-px my-[-0.2rem] rounded px-px py-[0.2rem] transition-colors duration-100 ease-in-out\">Padeda suma\u017einti odos paraudimus ir i\u0161lygina odos tonus\u0105.<\/span><\/p>\n<\/li>\n<li class=\"\" data-start=\"364\" data-end=\"403\">\n<p class=\"\" data-start=\"366\" data-end=\"403\"><span class=\"relative -mx-px my-[-0.2rem] rounded px-px py-[0.2rem] transition-colors duration-100 ease-in-out\">Tinka naudoti jautriai odai, linkusiai \u012f paraudimus ir ro\u017ein\u0119.<\/span><\/p>\n<\/li>\n<li class=\"\" data-start=\"404\" data-end=\"443\">\n<p class=\"\" data-start=\"406\" data-end=\"443\"><span class=\"relative -mx-px my-[-0.2rem] rounded px-px py-[0.2rem] transition-colors duration-100 ease-in-out\">Lengvos tekst\u016bros, greitai \u012fsigerianti emulsija.<\/span><\/p>\n<\/li>\n<li class=\"\" data-start=\"444\" data-end=\"527\">\n<p class=\"\" data-start=\"446\" data-end=\"527\"><span class=\"relative -mx-px my-[-0.2rem] rounded px-px py-[0.2rem] transition-colors duration-100 ease-in-out\">Nekomedogenin\u0117 \u2013 nekem\u0161a por\u0173.<\/span>\u200b<\/p>\n<\/li>\n<\/ul>\n<p class=\"\" data-start=\"529\" data-end=\"544\"><strong data-start=\"529\" data-end=\"544\">Naudojimas:<\/strong><\/p>\n<p class=\"\" data-start=\"546\" data-end=\"671\"><span class=\"relative -mx-px my-[-0.2rem] rounded px-px py-[0.2rem] transition-colors duration-100 ease-in-out\">Ryte, po odos valymo ir dr\u0117kinimo, tolygiai u\u017etepkite nedidel\u012f kiek\u012f emulsijos ant veido ir kaklo.<\/span> <span class=\"relative -mx-px my-[-0.2rem] rounded px-px py-[0.2rem] transition-colors duration-100 ease-in-out\">Naudokite kasdien, siekiant u\u017etikrinti nuolatin\u0119 apsaug\u0105 nuo saul\u0117s ir suma\u017einti odos paraudimus.<\/span>\u200b<\/p>\n<p class=\"\" data-start=\"673\" data-end=\"691\"><strong data-start=\"673\" data-end=\"691\">Tinka naudoti:<\/strong><\/p>\n<ul data-start=\"693\" data-end=\"864\">\n<li class=\"\" data-start=\"693\" data-end=\"734\">\n<p class=\"\" data-start=\"695\" data-end=\"734\"><span class=\"relative -mx-px my-[-0.2rem] rounded px-px py-[0.2rem] transition-colors duration-100 ease-in-out\">Kasdieniam apsaugos nuo saul\u0117s u\u017etikrinimui.<\/span><\/p>\n<\/li>\n<li class=\"\" data-start=\"735\" data-end=\"776\">\n<p class=\"\" data-start=\"737\" data-end=\"776\"><span class=\"relative -mx-px my-[-0.2rem] rounded px-px py-[0.2rem] transition-colors duration-100 ease-in-out\">Odos prie\u017ei\u016brai, siekiant suma\u017einti paraudimus ir i\u0161lyginti odos tonus\u0105.<\/span><\/p>\n<\/li>\n<li class=\"\" data-start=\"777\" data-end=\"864\">\n<p class=\"\" data-start=\"779\" data-end=\"864\"><span class=\"relative -mx-px my-[-0.2rem] rounded px-px py-[0.2rem] transition-colors duration-100 ease-in-out\">Odos prie\u017ei\u016brai, siekiant apsaugoti od\u0105 nuo \u017ealingo aplinkos poveikio.<\/span><\/p>\n<\/li>\n<\/ul>\n","protected":false},"excerpt":{"rendered":"<p>Premium protection for sensitive skin with redness<\/p>","protected":false},"featured_media":6825,"comment_status":"open","ping_status":"closed","template":"","meta":[],"product_cat":[153],"product_tag":[],"class_list":{"0":"post-6821","1":"product","2":"type-product","3":"status-publish","4":"has-post-thumbnail","6":"product_cat-spf-veido-prieziura","7":"pa_brands-cantabria-labs","8":"pa_talpa-50ml-2","10":"first","11":"instock","12":"taxable","13":"shipping-taxable","14":"purchasable","15":"product-type-simple"},"_links":{"self":[{"href":"https:\/\/miamedic.lt\/en\/wp-json\/wp\/v2\/product\/6821","targetHints":{"allow":["GET"]}}],"collection":[{"href":"https:\/\/miamedic.lt\/en\/wp-json\/wp\/v2\/product"}],"about":[{"href":"https:\/\/miamedic.lt\/en\/wp-json\/wp\/v2\/types\/product"}],"replies":[{"embeddable":true,"href":"https:\/\/miamedic.lt\/en\/wp-json\/wp\/v2\/comments?post=6821"}],"version-history":[{"count":2,"href":"https:\/\/miamedic.lt\/en\/wp-json\/wp\/v2\/product\/6821\/revisions"}],"predecessor-version":[{"id":10108,"href":"https:\/\/miamedic.lt\/en\/wp-json\/wp\/v2\/product\/6821\/revisions\/10108"}],"wp:featuredmedia":[{"embeddable":true,"href":"https:\/\/miamedic.lt\/en\/wp-json\/wp\/v2\/media\/6825"}],"wp:attachment":[{"href":"https:\/\/miamedic.lt\/en\/wp-json\/wp\/v2\/media?parent=6821"}],"wp:term":[{"taxonomy":"product_cat","embeddable":true,"href":"https:\/\/miamedic.lt\/en\/wp-json\/wp\/v2\/product_cat?post=6821"},{"taxonomy":"product_tag","embeddable":true,"href":"https:\/\/miamedic.lt\/en\/wp-json\/wp\/v2\/product_tag?post=6821"}],"curies":[{"name":"wp","href":"https:\/\/api.w.org\/{rel}","templated":true}]}}