{"id":6788,"date":"2025-04-28T14:18:03","date_gmt":"2025-04-28T14:18:03","guid":{"rendered":"https:\/\/miamedic.lt\/?post_type=product&#038;p=6788"},"modified":"2025-12-01T00:30:19","modified_gmt":"2025-12-01T00:30:19","slug":"oil-free-gelis-spf-50","status":"publish","type":"product","link":"https:\/\/miamedic.lt\/en\/shop\/oil-free-gelis-spf-50\/","title":{"rendered":"OIL-FREE GELIS SPF 50"},"content":{"rendered":"<p class=\"\" data-start=\"0\" data-end=\"114\"><strong data-start=\"0\" data-end=\"114\">Heliocare 360\u00b0 Oil-Free Gel SPF50 50 ml \u2013 auk\u0161\u010diausios klas\u0117s apsauga riebiai, mi\u0161riai ir akn\u0117s linkusiai odai<\/strong><\/p>\n<p class=\"\" data-start=\"116\" data-end=\"348\"><strong data-start=\"116\" data-end=\"153\">Heliocare 360\u00b0 Oil-Free Gel SPF50<\/strong> \u2013 tai auk\u0161\u010diausios klas\u0117s saul\u0117s apsaugos priemon\u0117, sukurta specialiai riebiai, mi\u0161riai ir akn\u0117s linkusiai odai. <span class=\"relative -mx-px my-[-0.2rem] rounded px-px py-[0.2rem] transition-colors duration-100 ease-in-out\">\u0160is produktas ne tik apsaugo nuo saul\u0117s spinduli\u0173, bet ir padeda kontroliuoti riebal\u0173 gamyb\u0105, suteikdamas odai matin\u012f efekt\u0105.<\/span>\u200b<\/p>\n<p class=\"\" data-start=\"350\" data-end=\"363\"><strong data-start=\"350\" data-end=\"363\">Poveikis:<\/strong><\/p>\n<ul data-start=\"365\" data-end=\"608\">\n<li class=\"\" data-start=\"365\" data-end=\"404\">\n<p class=\"\" data-start=\"367\" data-end=\"404\"><span class=\"relative -mx-px my-[-0.2rem] rounded px-px py-[0.2rem] transition-colors duration-100 ease-in-out\">Auk\u0161ta plataus spektro apsauga nuo UVB, UVA, matomosios ir infraraudonosios \u0161viesos (SPF50+).<\/span><\/p>\n<\/li>\n<li class=\"\" data-start=\"405\" data-end=\"444\">\n<p class=\"\" data-start=\"407\" data-end=\"444\"><span class=\"relative -mx-px my-[-0.2rem] rounded px-px py-[0.2rem] transition-colors duration-100 ease-in-out\">Padeda kontroliuoti riebal\u0173 gamyb\u0105 ir suteikia odai matin\u012f efekt\u0105.<\/span><\/p>\n<\/li>\n<li class=\"\" data-start=\"445\" data-end=\"484\">\n<p class=\"\" data-start=\"447\" data-end=\"484\"><span class=\"relative -mx-px my-[-0.2rem] rounded px-px py-[0.2rem] transition-colors duration-100 ease-in-out\">Nekomedogenin\u0117 formul\u0117 \u2013 nekem\u0161a por\u0173.<\/span><\/p>\n<\/li>\n<li class=\"\" data-start=\"485\" data-end=\"524\">\n<p class=\"\" data-start=\"487\" data-end=\"524\"><span class=\"relative -mx-px my-[-0.2rem] rounded px-px py-[0.2rem] transition-colors duration-100 ease-in-out\">Greitai \u012fsigeria ir nepalieka riebumo poj\u016b\u010dio.<\/span><\/p>\n<\/li>\n<li class=\"\" data-start=\"525\" data-end=\"608\">\n<p class=\"\" data-start=\"527\" data-end=\"608\"><span class=\"relative -mx-px my-[-0.2rem] rounded px-px py-[0.2rem] transition-colors duration-100 ease-in-out\">Tinka jautriai ir akn\u0117s linkusiai odai.<\/span><\/p>\n<\/li>\n<\/ul>\n<p class=\"\" data-start=\"610\" data-end=\"625\"><strong data-start=\"610\" data-end=\"625\">Naudojimas:<\/strong><\/p>\n<p class=\"\" data-start=\"627\" data-end=\"748\"><span class=\"relative -mx-px my-[-0.2rem] rounded px-px py-[0.2rem] transition-colors duration-100 ease-in-out\">Ryte, po odos valymo ir dr\u0117kinimo, tolygiai u\u017etepkite nedidel\u012f kiek\u012f gelio ant veido ir kaklo.<\/span> <span class=\"relative -mx-px my-[-0.2rem] rounded px-px py-[0.2rem] transition-colors duration-100 ease-in-out\">Naudokite kasdien, siekiant u\u017etikrinti nuolatin\u0119 apsaug\u0105 nuo saul\u0117s.<\/span>\u200b<\/p>\n<p class=\"\" data-start=\"750\" data-end=\"768\"><strong data-start=\"750\" data-end=\"768\">Tinka naudoti:<\/strong><\/p>\n<ul data-start=\"770\" data-end=\"941\">\n<li class=\"\" data-start=\"770\" data-end=\"811\">\n<p class=\"\" data-start=\"772\" data-end=\"811\"><span class=\"relative -mx-px my-[-0.2rem] rounded px-px py-[0.2rem] transition-colors duration-100 ease-in-out\">Kasdieniam apsaugos nuo saul\u0117s u\u017etikrinimui.<\/span><\/p>\n<\/li>\n<li class=\"\" data-start=\"812\" data-end=\"853\">\n<p class=\"\" data-start=\"814\" data-end=\"853\"><span class=\"relative -mx-px my-[-0.2rem] rounded px-px py-[0.2rem] transition-colors duration-100 ease-in-out\">Odos prie\u017ei\u016brai, siekiant kontroliuoti riebal\u0173 gamyb\u0105 ir suteikti matin\u012f efekt\u0105.<\/span><\/p>\n<\/li>\n<li class=\"\" data-start=\"854\" data-end=\"941\">\n<p class=\"\" data-start=\"856\" data-end=\"941\"><span class=\"relative -mx-px my-[-0.2rem] rounded px-px py-[0.2rem] transition-colors duration-100 ease-in-out\">Odos prie\u017ei\u016brai, siekiant apsaugoti od\u0105 nuo \u017ealingo aplinkos poveikio.<\/span><\/p>\n<\/li>\n<\/ul>\n","protected":false},"excerpt":{"rendered":"<p>Auk\u0161\u010diausios klas\u0117s apsauga riebiai, mi\u0161riai ir akn\u0117s linkusiai odai<\/p>","protected":false},"featured_media":6789,"comment_status":"open","ping_status":"closed","template":"","meta":[],"product_cat":[181,153],"product_tag":[],"class_list":{"0":"post-6788","1":"product","2":"type-product","3":"status-publish","4":"has-post-thumbnail","6":"product_cat-makiazo-pagrindas","7":"product_cat-spf-veido-prieziura","8":"pa_brands-cantabria-labs","9":"pa_talpa-50ml-2","11":"first","12":"instock","13":"taxable","14":"shipping-taxable","15":"purchasable","16":"product-type-variable"},"_links":{"self":[{"href":"https:\/\/miamedic.lt\/en\/wp-json\/wp\/v2\/product\/6788","targetHints":{"allow":["GET"]}}],"collection":[{"href":"https:\/\/miamedic.lt\/en\/wp-json\/wp\/v2\/product"}],"about":[{"href":"https:\/\/miamedic.lt\/en\/wp-json\/wp\/v2\/types\/product"}],"replies":[{"embeddable":true,"href":"https:\/\/miamedic.lt\/en\/wp-json\/wp\/v2\/comments?post=6788"}],"version-history":[{"count":3,"href":"https:\/\/miamedic.lt\/en\/wp-json\/wp\/v2\/product\/6788\/revisions"}],"predecessor-version":[{"id":10109,"href":"https:\/\/miamedic.lt\/en\/wp-json\/wp\/v2\/product\/6788\/revisions\/10109"}],"wp:featuredmedia":[{"embeddable":true,"href":"https:\/\/miamedic.lt\/en\/wp-json\/wp\/v2\/media\/6789"}],"wp:attachment":[{"href":"https:\/\/miamedic.lt\/en\/wp-json\/wp\/v2\/media?parent=6788"}],"wp:term":[{"taxonomy":"product_cat","embeddable":true,"href":"https:\/\/miamedic.lt\/en\/wp-json\/wp\/v2\/product_cat?post=6788"},{"taxonomy":"product_tag","embeddable":true,"href":"https:\/\/miamedic.lt\/en\/wp-json\/wp\/v2\/product_tag?post=6788"}],"curies":[{"name":"wp","href":"https:\/\/api.w.org\/{rel}","templated":true}]}}