{"id":6775,"date":"2025-04-28T14:13:43","date_gmt":"2025-04-28T14:13:43","guid":{"rendered":"https:\/\/miamedic.lt\/?post_type=product&#038;p=6775"},"modified":"2025-12-01T00:30:19","modified_gmt":"2025-12-01T00:30:19","slug":"gelinis-veido-kremas-spf50","status":"publish","type":"product","link":"https:\/\/miamedic.lt\/en\/shop\/gelinis-veido-kremas-spf50\/","title":{"rendered":"GELINIS VEIDO KREMAS SPF50"},"content":{"rendered":"<p class=\"\" data-start=\"0\" data-end=\"106\"><strong data-start=\"0\" data-end=\"106\">Heliocare Color Gelinis Kremas Light SPF50 50 ml \u2013 auk\u0161tos apsaugos ir odos tonus\u0105 i\u0161lyginantis kremas<\/strong><\/p>\n<p class=\"\" data-start=\"108\" data-end=\"315\"><strong data-start=\"108\" data-end=\"154\">Heliocare Color Gelinis Kremas Light SPF50<\/strong> \u2013 tai auk\u0161tos apsaugos nuo saul\u0117s priemon\u0117, sujungta su lengvu makia\u017eo efektu. <span class=\"relative -mx-px my-[-0.2rem] rounded px-px py-[0.2rem] transition-colors duration-100 ease-in-out\">Tinka visiems odos tipams, ypa\u010d rekomenduojama kasdieniam naudojimui, siekiant apsaugoti od\u0105 nuo UV spinduli\u0173 ir i\u0161lyginti jos tonus\u0105.<\/span>\u200b<\/p>\n<p class=\"\" data-start=\"317\" data-end=\"330\"><strong data-start=\"317\" data-end=\"330\">Poveikis:<\/strong><\/p>\n<ul data-start=\"332\" data-end=\"615\">\n<li class=\"\" data-start=\"332\" data-end=\"371\">\n<p class=\"\" data-start=\"334\" data-end=\"371\"><span class=\"relative -mx-px my-[-0.2rem] rounded px-px py-[0.2rem] transition-colors duration-100 ease-in-out\">Auk\u0161ta plataus spektro apsauga nuo UV spinduli\u0173 (SPF50).<\/span><\/p>\n<\/li>\n<li class=\"\" data-start=\"372\" data-end=\"411\">\n<p class=\"\" data-start=\"374\" data-end=\"411\"><span class=\"relative -mx-px my-[-0.2rem] rounded px-px py-[0.2rem] transition-colors duration-100 ease-in-out\">I\u0161lygina odos tonus\u0105 ir suteikia nat\u016bral\u0173 \u0161vyt\u0117jim\u0105.<\/span><\/p>\n<\/li>\n<li class=\"\" data-start=\"412\" data-end=\"451\">\n<p class=\"\" data-start=\"414\" data-end=\"451\"><span class=\"relative -mx-px my-[-0.2rem] rounded px-px py-[0.2rem] transition-colors duration-100 ease-in-out\">Padeda apsaugoti od\u0105 nuo ankstyvo sen\u0117jimo po\u017eymi\u0173.<\/span><\/p>\n<\/li>\n<li class=\"\" data-start=\"452\" data-end=\"491\">\n<p class=\"\" data-start=\"454\" data-end=\"491\"><span class=\"relative -mx-px my-[-0.2rem] rounded px-px py-[0.2rem] transition-colors duration-100 ease-in-out\">Tinka naudoti po estetin\u0117s proced\u016bros ar jautriai odai.<\/span><\/p>\n<\/li>\n<li class=\"\" data-start=\"492\" data-end=\"531\">\n<p class=\"\" data-start=\"494\" data-end=\"531\"><span class=\"relative -mx-px my-[-0.2rem] rounded px-px py-[0.2rem] transition-colors duration-100 ease-in-out\">Nekomedogeninis \u2013 nekem\u0161a por\u0173.<\/span><\/p>\n<\/li>\n<li class=\"\" data-start=\"532\" data-end=\"615\">\n<p class=\"\" data-start=\"534\" data-end=\"615\"><span class=\"relative -mx-px my-[-0.2rem] rounded px-px py-[0.2rem] transition-colors duration-100 ease-in-out\">N\u0117ra alkoholio.<\/span>\u200b<\/p>\n<\/li>\n<li class=\"\" data-start=\"532\" data-end=\"615\">\n<p class=\"\" data-start=\"534\" data-end=\"615\"><span class=\"relative -mx-px my-[-0.2rem] rounded px-px py-[0.2rem] transition-colors duration-100 ease-in-out\">Ryte, po odos valymo ir dr\u0117kinimo, tolygiai u\u017etepkite nedidel\u012f kiek\u012f kremo ant veido ir kaklo.<\/span> <span class=\"relative -mx-px my-[-0.2rem] rounded px-px py-[0.2rem] transition-colors duration-100 ease-in-out\">Naudokite kasdien, siekiant u\u017etikrinti nuolatin\u0119 apsaug\u0105 nuo saul\u0117s.<\/span>\u200b<\/p>\n<\/li>\n<\/ul>\n<p class=\"\" data-start=\"759\" data-end=\"777\"><strong data-start=\"759\" data-end=\"777\">Tinka naudoti:<\/strong><\/p>\n<ul data-start=\"779\" data-end=\"977\">\n<li class=\"\" data-start=\"779\" data-end=\"825\">\n<p class=\"\" data-start=\"781\" data-end=\"825\">Kasdieniam apsaugos nuo saul\u0117s u\u017etikrinimui.<\/p>\n<\/li>\n<li class=\"\" data-start=\"826\" data-end=\"887\">\n<p class=\"\" data-start=\"828\" data-end=\"887\">Odos tonuso i\u0161lyginimui ir nat\u016bralaus \u0161vyt\u0117jimo suteikimui.<\/p>\n<\/li>\n<li class=\"\" data-start=\"888\" data-end=\"977\">\n<p class=\"\" data-start=\"890\" data-end=\"977\">Po estetin\u0117s proced\u016bros ar jautriai odai.<\/p>\n<\/li>\n<\/ul>\n","protected":false},"excerpt":{"rendered":"<p>Auk\u0161tos apsaugos odos tonus\u0105 i\u0161lyginantis kremas<\/p>","protected":false},"featured_media":6779,"comment_status":"open","ping_status":"closed","template":"","meta":[],"product_cat":[181,153],"product_tag":[],"class_list":{"0":"post-6775","1":"product","2":"type-product","3":"status-publish","4":"has-post-thumbnail","6":"product_cat-makiazo-pagrindas","7":"product_cat-spf-veido-prieziura","8":"pa_brands-cantabria-labs","10":"first","11":"instock","12":"taxable","13":"shipping-taxable","14":"purchasable","15":"product-type-variable"},"_links":{"self":[{"href":"https:\/\/miamedic.lt\/en\/wp-json\/wp\/v2\/product\/6775","targetHints":{"allow":["GET"]}}],"collection":[{"href":"https:\/\/miamedic.lt\/en\/wp-json\/wp\/v2\/product"}],"about":[{"href":"https:\/\/miamedic.lt\/en\/wp-json\/wp\/v2\/types\/product"}],"replies":[{"embeddable":true,"href":"https:\/\/miamedic.lt\/en\/wp-json\/wp\/v2\/comments?post=6775"}],"version-history":[{"count":2,"href":"https:\/\/miamedic.lt\/en\/wp-json\/wp\/v2\/product\/6775\/revisions"}],"predecessor-version":[{"id":10110,"href":"https:\/\/miamedic.lt\/en\/wp-json\/wp\/v2\/product\/6775\/revisions\/10110"}],"wp:featuredmedia":[{"embeddable":true,"href":"https:\/\/miamedic.lt\/en\/wp-json\/wp\/v2\/media\/6779"}],"wp:attachment":[{"href":"https:\/\/miamedic.lt\/en\/wp-json\/wp\/v2\/media?parent=6775"}],"wp:term":[{"taxonomy":"product_cat","embeddable":true,"href":"https:\/\/miamedic.lt\/en\/wp-json\/wp\/v2\/product_cat?post=6775"},{"taxonomy":"product_tag","embeddable":true,"href":"https:\/\/miamedic.lt\/en\/wp-json\/wp\/v2\/product_tag?post=6775"}],"curies":[{"name":"wp","href":"https:\/\/api.w.org\/{rel}","templated":true}]}}