{"id":6765,"date":"2025-04-28T14:07:40","date_gmt":"2025-04-28T14:07:40","guid":{"rendered":"https:\/\/miamedic.lt\/?post_type=product&#038;p=6765"},"modified":"2025-12-01T00:29:33","modified_gmt":"2025-12-01T00:29:33","slug":"isorepair-kremas","status":"publish","type":"product","link":"https:\/\/miamedic.lt\/en\/shop\/isorepair-kremas\/","title":{"rendered":"ISOREPAIR KREMAS"},"content":{"rendered":"<p class=\"\" data-start=\"0\" data-end=\"70\"><strong data-start=\"0\" data-end=\"70\">Biretix Isorepair kremas 50 ml \u2013 odos atk\u016brimo ir dr\u0117kinimo kremas<\/strong><\/p>\n<p class=\"\" data-start=\"72\" data-end=\"342\"><strong data-start=\"72\" data-end=\"93\">Biretix Isorepair<\/strong> \u2013 tai specialiai sukurtas veido kremas, skirtas atkurti ir dr\u0117kinti od\u0105, jautri\u0105 po gydymo retinoidais ar intensyvi\u0173 kosmetini\u0173 proced\u016br\u0173. \u0160is kremas padeda atstatyti odos barjer\u0105, ma\u017eina tempimo ir sudirgimo poj\u016bt\u012f bei suteikia ilgalaik\u012f komfort\u0105.<\/p>\n<p class=\"\" data-start=\"344\" data-end=\"357\"><strong data-start=\"344\" data-end=\"357\">Effect:<\/strong><\/p>\n<ul data-start=\"359\" data-end=\"604\">\n<li class=\"\" data-start=\"359\" data-end=\"399\">\n<p class=\"\" data-start=\"361\" data-end=\"399\">Padeda atkurti odos barjerin\u0119 funkcij\u0105<\/p>\n<\/li>\n<li class=\"\" data-start=\"400\" data-end=\"438\">\n<p class=\"\" data-start=\"402\" data-end=\"438\">Intensyviai dr\u0117kina ir mink\u0161tina od\u0105<\/p>\n<\/li>\n<li class=\"\" data-start=\"439\" data-end=\"475\">\n<p class=\"\" data-start=\"441\" data-end=\"475\">Ma\u017eina tempimo ir sudirgimo poj\u016bt\u012f<\/p>\n<\/li>\n<li class=\"\" data-start=\"476\" data-end=\"546\">\n<p class=\"\" data-start=\"478\" data-end=\"546\">Tinka naudoti po gydymo geriamaisiais ir (arba) tepamais retinoidais<\/p>\n<\/li>\n<li class=\"\" data-start=\"547\" data-end=\"579\">\n<p class=\"\" data-start=\"549\" data-end=\"579\">Nekomedogeninis \u2013 nekem\u0161a por\u0173<\/p>\n<\/li>\n<li class=\"\" data-start=\"580\" data-end=\"604\">\n<p class=\"\" data-start=\"582\" data-end=\"604\">I\u0161bandytas dermatolog\u0173<\/p>\n<\/li>\n<\/ul>\n<p class=\"\" data-start=\"606\" data-end=\"621\"><strong data-start=\"606\" data-end=\"621\">Usage:<\/strong><\/p>\n<p class=\"\" data-start=\"623\" data-end=\"778\">Tepkite vien\u0105 ar kelis kartus per dien\u0105 ant \u0161varios, sausos odos. Naudokite pagal poreik\u012f, ypa\u010d po intensyvios kosmetin\u0117s prie\u017ei\u016bros ar gydymo retinoidais.<\/p>\n<p class=\"\" data-start=\"780\" data-end=\"798\"><strong data-start=\"780\" data-end=\"798\">Suitable for use:<\/strong><\/p>\n<ul data-start=\"800\" data-end=\"1024\">\n<li class=\"\" data-start=\"800\" data-end=\"863\">\n<p class=\"\" data-start=\"802\" data-end=\"863\">Po gydymo retinoidais (tiek geriamaisiais, tiek tepamaisiais)<\/p>\n<\/li>\n<li class=\"\" data-start=\"864\" data-end=\"960\">\n<p class=\"\" data-start=\"866\" data-end=\"960\">Po intensyvi\u0173 kosmetini\u0173 proced\u016br\u0173 (pvz., r\u016bg\u0161tini\u0173 piling\u0173, mikroadatin\u0117s terapijos, lazerio)<\/p>\n<\/li>\n<li class=\"\" data-start=\"961\" data-end=\"1024\">\n<p class=\"\" data-start=\"963\" data-end=\"1024\">Odos prie\u017ei\u016brai, siekiant atkurti komfort\u0105 ir dr\u0117gm\u0117s balans\u0105<\/p>\n<\/li>\n<\/ul>","protected":false},"excerpt":{"rendered":"<p>Odos atk\u016brimo ir dr\u0117kinimo kremas<\/p>","protected":false},"featured_media":6766,"comment_status":"open","ping_status":"closed","template":"","meta":[],"product_cat":[129],"product_tag":[],"class_list":{"0":"post-6765","1":"product","2":"type-product","3":"status-publish","4":"has-post-thumbnail","6":"product_cat-veido-kremai","7":"pa_brands-cantabria-labs","8":"pa_talpa-50ml-2","10":"first","11":"instock","12":"taxable","13":"shipping-taxable","14":"purchasable","15":"product-type-simple"},"_links":{"self":[{"href":"https:\/\/miamedic.lt\/en\/wp-json\/wp\/v2\/product\/6765","targetHints":{"allow":["GET"]}}],"collection":[{"href":"https:\/\/miamedic.lt\/en\/wp-json\/wp\/v2\/product"}],"about":[{"href":"https:\/\/miamedic.lt\/en\/wp-json\/wp\/v2\/types\/product"}],"replies":[{"embeddable":true,"href":"https:\/\/miamedic.lt\/en\/wp-json\/wp\/v2\/comments?post=6765"}],"version-history":[{"count":2,"href":"https:\/\/miamedic.lt\/en\/wp-json\/wp\/v2\/product\/6765\/revisions"}],"predecessor-version":[{"id":12462,"href":"https:\/\/miamedic.lt\/en\/wp-json\/wp\/v2\/product\/6765\/revisions\/12462"}],"wp:featuredmedia":[{"embeddable":true,"href":"https:\/\/miamedic.lt\/en\/wp-json\/wp\/v2\/media\/6766"}],"wp:attachment":[{"href":"https:\/\/miamedic.lt\/en\/wp-json\/wp\/v2\/media?parent=6765"}],"wp:term":[{"taxonomy":"product_cat","embeddable":true,"href":"https:\/\/miamedic.lt\/en\/wp-json\/wp\/v2\/product_cat?post=6765"},{"taxonomy":"product_tag","embeddable":true,"href":"https:\/\/miamedic.lt\/en\/wp-json\/wp\/v2\/product_tag?post=6765"}],"curies":[{"name":"wp","href":"https:\/\/api.w.org\/{rel}","templated":true}]}}