{"id":6754,"date":"2025-04-28T14:02:58","date_gmt":"2025-04-28T14:02:58","guid":{"rendered":"https:\/\/miamedic.lt\/?post_type=product&#038;p=6754"},"modified":"2026-02-02T17:20:54","modified_gmt":"2026-02-02T17:20:54","slug":"biretix-veido-kauke","status":"publish","type":"product","link":"https:\/\/miamedic.lt\/en\/shop\/biretix-veido-kauke\/","title":{"rendered":"BIRETIX VEIDO KAUK\u0116"},"content":{"rendered":"<p class=\"\" data-start=\"0\" data-end=\"96\"><strong data-start=\"0\" data-end=\"96\">Biretix Sebum\u0105 reguliuojanti veido kauk\u0117 25 ml \u2013 giliam riebal\u0173 reguliavimui ir por\u0173 valymui<\/strong><\/p>\n<p class=\"\" data-start=\"98\" data-end=\"217\"><span class=\"relative -mx-px my-[-0.2rem] rounded px-px py-[0.2rem] transition-colors duration-100 ease-in-out\"><strong data-start=\"0\" data-end=\"16\" data-is-only-node=\"\">Biretix Mask<\/strong> \u2013 tai specialiai sukurtas veido kauk\u0117, skirta riebiai, mi\u0161riai ir \u012f spuogus linkusiai odai.<\/span> <span class=\"relative -mx-px my-[-0.2rem] rounded px-px py-[0.2rem] transition-colors duration-100 ease-in-out\">\u0160i kauk\u0117 padeda reguliuoti riebal\u0173 gamyb\u0105, ma\u017eina u\u017edegim\u0105 ir valo u\u017esikim\u0161usias poras, suteikdama odai matin\u012f ir \u0161var\u0173 i\u0161vaizd\u0105.<\/span>\u200b<\/p>\n<p class=\"\" data-start=\"219\" data-end=\"232\"><strong data-start=\"219\" data-end=\"232\">Poveikis:<\/strong><\/p>\n<ul data-start=\"233\" data-end=\"476\">\n<li class=\"\" data-start=\"233\" data-end=\"272\">\n<p class=\"\" data-start=\"235\" data-end=\"272\"><span class=\"relative -mx-px my-[-0.2rem] rounded px-px py-[0.2rem] transition-colors duration-100 ease-in-out\">Reguliuoja riebal\u0173 gamyb\u0105<\/span><\/p>\n<\/li>\n<li class=\"\" data-start=\"273\" data-end=\"312\">\n<p class=\"\" data-start=\"275\" data-end=\"312\"><span class=\"relative -mx-px my-[-0.2rem] rounded px-px py-[0.2rem] transition-colors duration-100 ease-in-out\">Ma\u017eina u\u017edegim\u0105 ir paraudim\u0105<\/span><\/p>\n<\/li>\n<li class=\"\" data-start=\"313\" data-end=\"352\">\n<p class=\"\" data-start=\"315\" data-end=\"352\"><span class=\"relative -mx-px my-[-0.2rem] rounded px-px py-[0.2rem] transition-colors duration-100 ease-in-out\">Valo u\u017esikim\u0161usias poras<\/span><\/p>\n<\/li>\n<li class=\"\" data-start=\"353\" data-end=\"392\">\n<p class=\"\" data-start=\"355\" data-end=\"392\"><span class=\"relative -mx-px my-[-0.2rem] rounded px-px py-[0.2rem] transition-colors duration-100 ease-in-out\">Suteikia odai matin\u012f efekt\u0105<\/span><\/p>\n<\/li>\n<li class=\"\" data-start=\"393\" data-end=\"476\">\n<p class=\"\" data-start=\"395\" data-end=\"476\"><span class=\"relative -mx-px my-[-0.2rem] rounded px-px py-[0.2rem] transition-colors duration-100 ease-in-out\">Pagerina odos tekst\u016br\u0105 ir i\u0161vaizd\u0105<\/span>\u200b<\/p>\n<\/li>\n<\/ul>\n<p class=\"\" data-start=\"478\" data-end=\"657\"><strong data-start=\"478\" data-end=\"493\">Naudojimas:<\/strong> <span class=\"relative -mx-px my-[-0.2rem] rounded px-px py-[0.2rem] transition-colors duration-100 ease-in-out\">Ant \u0161varios ir sausos odos u\u017etepkite kauk\u0119 \u012f problemines vietas arba vis\u0105 veid\u0105.<\/span> <span class=\"relative -mx-px my-[-0.2rem] rounded px-px py-[0.2rem] transition-colors duration-100 ease-in-out\">Palikite veikti 30 minu\u010di\u0173, tada nuplaukite \u0161iltu vandeniu.<\/span> <span class=\"relative -mx-px my-[-0.2rem] rounded px-px py-[0.2rem] transition-colors duration-100 ease-in-out\">Naudokite 1\u20132 kartus per savait\u0119.<\/span>\u200b<\/p>\n<p class=\"\" data-start=\"659\" data-end=\"677\"><strong data-start=\"659\" data-end=\"677\">Tinka naudoti:<\/strong><\/p>\n<ul data-start=\"678\" data-end=\"849\">\n<li class=\"\" data-start=\"678\" data-end=\"719\">\n<p class=\"\" data-start=\"680\" data-end=\"719\"><span class=\"relative -mx-px my-[-0.2rem] rounded px-px py-[0.2rem] transition-colors duration-100 ease-in-out\">Riebiai, mi\u0161riai ir \u012f spuogus linkusiai odai<\/span><\/p>\n<\/li>\n<li class=\"\" data-start=\"720\" data-end=\"761\">\n<p class=\"\" data-start=\"722\" data-end=\"761\"><span class=\"relative -mx-px my-[-0.2rem] rounded px-px py-[0.2rem] transition-colors duration-100 ease-in-out\">Odos prie\u017ei\u016brai, siekiant suma\u017einti riebal\u0173 pertekli\u0173<\/span><\/p>\n<\/li>\n<li class=\"\" data-start=\"762\" data-end=\"849\">\n<p class=\"\" data-start=\"764\" data-end=\"849\"><span class=\"relative -mx-px my-[-0.2rem] rounded px-px py-[0.2rem] transition-colors duration-100 ease-in-out\">Odos prie\u017ei\u016brai, siekiant i\u0161valyti u\u017esikim\u0161usias poras<\/span><\/p>\n<\/li>\n<\/ul>\n","protected":false},"excerpt":{"rendered":"<p>Giliam riebal\u0173 reguliavimui ir por\u0173 valymui<\/p>","protected":false},"featured_media":6763,"comment_status":"open","ping_status":"closed","template":"","meta":[],"product_cat":[420],"product_tag":[],"class_list":{"0":"post-6754","1":"product","2":"type-product","3":"status-publish","4":"has-post-thumbnail","6":"product_cat-veido-kaukes","7":"pa_brands-cantabria-labs","8":"pa_talpa-25ml","10":"first","11":"instock","12":"taxable","13":"shipping-taxable","14":"purchasable","15":"product-type-simple"},"_links":{"self":[{"href":"https:\/\/miamedic.lt\/en\/wp-json\/wp\/v2\/product\/6754","targetHints":{"allow":["GET"]}}],"collection":[{"href":"https:\/\/miamedic.lt\/en\/wp-json\/wp\/v2\/product"}],"about":[{"href":"https:\/\/miamedic.lt\/en\/wp-json\/wp\/v2\/types\/product"}],"replies":[{"embeddable":true,"href":"https:\/\/miamedic.lt\/en\/wp-json\/wp\/v2\/comments?post=6754"}],"version-history":[{"count":2,"href":"https:\/\/miamedic.lt\/en\/wp-json\/wp\/v2\/product\/6754\/revisions"}],"predecessor-version":[{"id":12463,"href":"https:\/\/miamedic.lt\/en\/wp-json\/wp\/v2\/product\/6754\/revisions\/12463"}],"wp:featuredmedia":[{"embeddable":true,"href":"https:\/\/miamedic.lt\/en\/wp-json\/wp\/v2\/media\/6763"}],"wp:attachment":[{"href":"https:\/\/miamedic.lt\/en\/wp-json\/wp\/v2\/media?parent=6754"}],"wp:term":[{"taxonomy":"product_cat","embeddable":true,"href":"https:\/\/miamedic.lt\/en\/wp-json\/wp\/v2\/product_cat?post=6754"},{"taxonomy":"product_tag","embeddable":true,"href":"https:\/\/miamedic.lt\/en\/wp-json\/wp\/v2\/product_tag?post=6754"}],"curies":[{"name":"wp","href":"https:\/\/api.w.org\/{rel}","templated":true}]}}