{"id":6751,"date":"2025-04-28T13:45:42","date_gmt":"2025-04-28T13:45:42","guid":{"rendered":"https:\/\/miamedic.lt\/?post_type=product&#038;p=6751"},"modified":"2025-12-01T00:29:33","modified_gmt":"2025-12-01T00:29:33","slug":"biretix-prausiklis","status":"publish","type":"product","link":"https:\/\/miamedic.lt\/en\/shop\/biretix-prausiklis\/","title":{"rendered":"BIRETIX PRAUSIKLIS"},"content":{"rendered":"<p class=\"\" data-start=\"40\" data-end=\"140\"><strong data-start=\"40\" data-end=\"140\">Biretix Cleanser 200 ml \u2013 gilus ir \u0161velnus prausiklis riebiai, mi\u0161riai bei \u012f spuogus linkusiai odai<\/strong><\/p>\n<p class=\"\" data-start=\"142\" data-end=\"261\"><span class=\"relative -mx-px my-[-0.2rem] rounded px-px py-[0.2rem] transition-colors duration-100 ease-in-out\"><strong data-start=\"0\" data-end=\"20\" data-is-only-node=\"\">Biretix Cleanser<\/strong> \u2013 tai specialiai sukurtas prausiklis, skirtas kasdieniam riebios, mi\u0161rios ir \u012f spuogus linkusios odos valymui.<\/span> <span class=\"relative -mx-px my-[-0.2rem] rounded px-px py-[0.2rem] transition-colors duration-100 ease-in-out\">\u0160is gelis efektyviai pa\u0161alina ne\u0161varumus, reguliuoja riebal\u0173 pertekli\u0173 ir ma\u017eina mikroorganizm\u0173 dauginim\u0105si, tuo pa\u010diu i\u0161laikydamas odos apsaugin\u012f barjer\u0105.<\/span><\/p>\n<p class=\"\" data-start=\"263\" data-end=\"276\"><strong data-start=\"263\" data-end=\"276\">Poveikis:<\/strong><\/p>\n<ul data-start=\"277\" data-end=\"520\">\n<li class=\"\" data-start=\"277\" data-end=\"316\">\n<p class=\"\" data-start=\"279\" data-end=\"316\"><span class=\"relative -mx-px my-[-0.2rem] rounded px-px py-[0.2rem] transition-colors duration-100 ease-in-out\">Efektyviai pa\u0161alina ne\u0161varumus ir riebal\u0173 pertekli\u0173<\/span><\/p>\n<\/li>\n<li class=\"\" data-start=\"317\" data-end=\"356\">\n<p class=\"\" data-start=\"319\" data-end=\"356\"><span class=\"relative -mx-px my-[-0.2rem] rounded px-px py-[0.2rem] transition-colors duration-100 ease-in-out\">Reguliuoja riebal\u0173 gamyb\u0105<\/span><\/p>\n<\/li>\n<li class=\"\" data-start=\"357\" data-end=\"396\">\n<p class=\"\" data-start=\"359\" data-end=\"396\"><span class=\"relative -mx-px my-[-0.2rem] rounded px-px py-[0.2rem] transition-colors duration-100 ease-in-out\">Ma\u017eina mikroorganizm\u0173 dauginim\u0105si<\/span><\/p>\n<\/li>\n<li class=\"\" data-start=\"397\" data-end=\"436\">\n<p class=\"\" data-start=\"399\" data-end=\"436\"><span class=\"relative -mx-px my-[-0.2rem] rounded px-px py-[0.2rem] transition-colors duration-100 ease-in-out\">I\u0161laiko odos dr\u0117gm\u0117s balans\u0105<\/span><\/p>\n<\/li>\n<li class=\"\" data-start=\"437\" data-end=\"520\">\n<p class=\"\" data-start=\"439\" data-end=\"520\"><span class=\"relative -mx-px my-[-0.2rem] rounded px-px py-[0.2rem] transition-colors duration-100 ease-in-out\">Ramina ir mink\u0161tina od\u0105<\/span>\u200b<\/p>\n<\/li>\n<\/ul>\n<p class=\"\" data-start=\"522\" data-end=\"703\"><strong data-start=\"522\" data-end=\"537\">Naudojimas:<\/strong> <span class=\"relative -mx-px my-[-0.2rem] rounded px-px py-[0.2rem] transition-colors duration-100 ease-in-out\">Ryte ir vakare u\u017etepkite nedidel\u012f kiek\u012f gelio ant dr\u0117gnos odos.<\/span> <span class=\"relative -mx-px my-[-0.2rem] rounded px-px py-[0.2rem] transition-colors duration-100 ease-in-out\">\u0160velniai masa\u017euokite, kol susidarys puta, tada kruop\u0161\u010diai nuplaukite vandeniu.<\/span> <span class=\"relative -mx-px my-[-0.2rem] rounded px-px py-[0.2rem] transition-colors duration-100 ease-in-out\">Venkite kontakto su akimis.<\/span>\u200b<\/p>\n<p class=\"\" data-start=\"705\" data-end=\"723\"><strong data-start=\"705\" data-end=\"723\">Tinka naudoti:<\/strong><\/p>\n<ul data-start=\"724\" data-end=\"895\">\n<li class=\"\" data-start=\"724\" data-end=\"765\">\n<p class=\"\" data-start=\"726\" data-end=\"765\"><span class=\"relative -mx-px my-[-0.2rem] rounded px-px py-[0.2rem] transition-colors duration-100 ease-in-out\">Riebiai, mi\u0161riai ir \u012f spuogus linkusiai odai<\/span><\/p>\n<\/li>\n<li class=\"\" data-start=\"766\" data-end=\"807\">\n<p class=\"\" data-start=\"768\" data-end=\"807\"><span class=\"relative -mx-px my-[-0.2rem] rounded px-px py-[0.2rem] transition-colors duration-100 ease-in-out\">Kasdieniam odos valymui<\/span><\/p>\n<\/li>\n<li class=\"\" data-start=\"808\" data-end=\"895\">\n<p class=\"\" data-start=\"810\" data-end=\"895\"><span class=\"relative -mx-px my-[-0.2rem] rounded px-px py-[0.2rem] transition-colors duration-100 ease-in-out\">Odos prie\u017ei\u016brai, siekiant suma\u017einti ne\u0161varum\u0173 ir riebal\u0173 pertekli\u0173<\/span><\/p>\n<\/li>\n<\/ul>\n","protected":false},"excerpt":{"rendered":"<p>Gilus ir \u0161velnus prausiklis, mi\u0161riai bei \u012f spuogus linkusiai odai<\/p>","protected":false},"featured_media":6752,"comment_status":"open","ping_status":"closed","template":"","meta":[],"product_cat":[124],"product_tag":[],"class_list":{"0":"post-6751","1":"product","2":"type-product","3":"status-publish","4":"has-post-thumbnail","6":"product_cat-prausikliai","7":"pa_brands-cantabria-labs","8":"pa_talpa-200ml","10":"first","11":"instock","12":"taxable","13":"shipping-taxable","14":"purchasable","15":"product-type-simple"},"_links":{"self":[{"href":"https:\/\/miamedic.lt\/en\/wp-json\/wp\/v2\/product\/6751","targetHints":{"allow":["GET"]}}],"collection":[{"href":"https:\/\/miamedic.lt\/en\/wp-json\/wp\/v2\/product"}],"about":[{"href":"https:\/\/miamedic.lt\/en\/wp-json\/wp\/v2\/types\/product"}],"replies":[{"embeddable":true,"href":"https:\/\/miamedic.lt\/en\/wp-json\/wp\/v2\/comments?post=6751"}],"version-history":[{"count":2,"href":"https:\/\/miamedic.lt\/en\/wp-json\/wp\/v2\/product\/6751\/revisions"}],"predecessor-version":[{"id":12464,"href":"https:\/\/miamedic.lt\/en\/wp-json\/wp\/v2\/product\/6751\/revisions\/12464"}],"wp:featuredmedia":[{"embeddable":true,"href":"https:\/\/miamedic.lt\/en\/wp-json\/wp\/v2\/media\/6752"}],"wp:attachment":[{"href":"https:\/\/miamedic.lt\/en\/wp-json\/wp\/v2\/media?parent=6751"}],"wp:term":[{"taxonomy":"product_cat","embeddable":true,"href":"https:\/\/miamedic.lt\/en\/wp-json\/wp\/v2\/product_cat?post=6751"},{"taxonomy":"product_tag","embeddable":true,"href":"https:\/\/miamedic.lt\/en\/wp-json\/wp\/v2\/product_tag?post=6751"}],"curies":[{"name":"wp","href":"https:\/\/api.w.org\/{rel}","templated":true}]}}