{"id":6744,"date":"2025-04-28T13:26:09","date_gmt":"2025-04-28T13:26:09","guid":{"rendered":"https:\/\/miamedic.lt\/?post_type=product&#038;p=6744"},"modified":"2025-12-01T00:29:34","modified_gmt":"2025-12-01T00:29:34","slug":"tri-active-kuno-purskiklis","status":"publish","type":"product","link":"https:\/\/miamedic.lt\/en\/shop\/tri-active-kuno-purskiklis\/","title":{"rendered":"TRI-ACTIVE K\u016aNO PUR\u0160KIKLIS"},"content":{"rendered":"<p class=\"\" data-start=\"40\" data-end=\"132\"><strong data-start=\"40\" data-end=\"132\">Biretix Tri-Active K\u016bno Pur\u0161kiklis 100 ml \u2013 veiksminga priemon\u0117 k\u016bno odos d\u0117m\u0117ms ma\u017einti<\/strong><\/p>\n<p class=\"\" data-start=\"134\" data-end=\"253\"><span class=\"relative -mx-px my-[-0.2rem] rounded px-px py-[0.2rem] transition-colors duration-100 ease-in-out\"><strong data-start=\"0\" data-end=\"38\" data-is-only-node=\"\">Biretix Tri-Active K\u016bno Pur\u0161kiklis<\/strong> \u2013 tai specialiai sukurta priemon\u0117, skirta kovoti su k\u016bno odos d\u0117m\u0117mis, randais ir netolygia pigmentacija.<\/span> <span class=\"relative -mx-px my-[-0.2rem] rounded px-px py-[0.2rem] transition-colors duration-100 ease-in-out\">D\u0117l patogaus pur\u0161kimo formato, \u0161\u012f produkt\u0105 lengva naudoti didesn\u0117se odos vietose, tokiose kaip nugara ir kr\u016btin\u0117.<\/span>\u200b<\/p>\n<p class=\"\" data-start=\"255\" data-end=\"268\"><strong data-start=\"255\" data-end=\"268\">Poveikis:<\/strong><\/p>\n<ul data-start=\"269\" data-end=\"512\">\n<li class=\"\" data-start=\"269\" data-end=\"308\">\n<p class=\"\" data-start=\"271\" data-end=\"308\"><span class=\"relative -mx-px my-[-0.2rem] rounded px-px py-[0.2rem] transition-colors duration-100 ease-in-out\">Ma\u017eina d\u0117mes ir randus<\/span><\/p>\n<\/li>\n<li class=\"\" data-start=\"309\" data-end=\"348\">\n<p class=\"\" data-start=\"311\" data-end=\"348\"><span class=\"relative -mx-px my-[-0.2rem] rounded px-px py-[0.2rem] transition-colors duration-100 ease-in-out\">Kontroliuoja sebumo gamyb\u0105<\/span><\/p>\n<\/li>\n<li class=\"\" data-start=\"349\" data-end=\"388\">\n<p class=\"\" data-start=\"351\" data-end=\"388\"><span class=\"relative -mx-px my-[-0.2rem] rounded px-px py-[0.2rem] transition-colors duration-100 ease-in-out\">Gerina odos tekst\u016br\u0105<\/span><\/p>\n<\/li>\n<li class=\"\" data-start=\"389\" data-end=\"428\">\n<p class=\"\" data-start=\"391\" data-end=\"428\"><span class=\"relative -mx-px my-[-0.2rem] rounded px-px py-[0.2rem] transition-colors duration-100 ease-in-out\">Koreguoja po spuog\u0173 atsiradusias k\u016bno d\u0117mes<\/span><\/p>\n<\/li>\n<li class=\"\" data-start=\"429\" data-end=\"512\">\n<p class=\"\" data-start=\"431\" data-end=\"512\"><span class=\"relative -mx-px my-[-0.2rem] rounded px-px py-[0.2rem] transition-colors duration-100 ease-in-out\">I\u0161bandyta pri\u017ei\u016brint dermatologui<\/span>\u200b<\/p>\n<\/li>\n<\/ul>\n<p class=\"\" data-start=\"514\" data-end=\"655\"><strong data-start=\"514\" data-end=\"529\">Naudojimas:<\/strong> <span class=\"relative -mx-px my-[-0.2rem] rounded px-px py-[0.2rem] transition-colors duration-100 ease-in-out\">Pur\u0161kite ant \u0161varios ir sausos odos, laikydami pur\u0161kikl\u012f 15\u201320 cm atstumu.<\/span> <span class=\"relative -mx-px my-[-0.2rem] rounded px-px py-[0.2rem] transition-colors duration-100 ease-in-out\">Naudokite 1\u20132 kartus per dien\u0105, vengiant kontakto su akimis.<\/span>\u200b<\/p>\n<p class=\"\" data-start=\"657\" data-end=\"675\"><strong data-start=\"657\" data-end=\"675\">Tinka naudoti:<\/strong><\/p>\n<ul data-start=\"676\" data-end=\"847\">\n<li class=\"\" data-start=\"676\" data-end=\"717\">\n<p class=\"\" data-start=\"678\" data-end=\"717\"><span class=\"relative -mx-px my-[-0.2rem] rounded px-px py-[0.2rem] transition-colors duration-100 ease-in-out\">Odos prie\u017ei\u016brai po spuog\u0173 atsiradusi\u0173 d\u0117mi\u0173 ir rand\u0173<\/span><\/p>\n<\/li>\n<li class=\"\" data-start=\"718\" data-end=\"759\">\n<p class=\"\" data-start=\"720\" data-end=\"759\"><span class=\"relative -mx-px my-[-0.2rem] rounded px-px py-[0.2rem] transition-colors duration-100 ease-in-out\">Odos prie\u017ei\u016brai, siekiant pagerinti tekst\u016br\u0105 ir i\u0161vaizd\u0105<\/span><\/p>\n<\/li>\n<li class=\"\" data-start=\"760\" data-end=\"847\">\n<p class=\"\" data-start=\"762\" data-end=\"847\"><span class=\"relative -mx-px my-[-0.2rem] rounded px-px py-[0.2rem] transition-colors duration-100 ease-in-out\">Odos prie\u017ei\u016brai didesn\u0117se srityse, tokiose kaip nugara ir kr\u016btin\u0117<\/span><\/p>\n<\/li>\n<\/ul>\n","protected":false},"excerpt":{"rendered":"<p>Veiksminga priemon\u0117 k\u016bno odos d\u0117m\u0117ms ma\u017einti<\/p>","protected":false},"featured_media":6745,"comment_status":"open","ping_status":"closed","template":"","meta":[],"product_cat":[143],"product_tag":[],"class_list":{"0":"post-6744","1":"product","2":"type-product","3":"status-publish","4":"has-post-thumbnail","6":"product_cat-purskikliai","7":"pa_brands-cantabria-labs","8":"pa_talpa-100ml","10":"first","11":"instock","12":"taxable","13":"shipping-taxable","14":"purchasable","15":"product-type-simple"},"_links":{"self":[{"href":"https:\/\/miamedic.lt\/en\/wp-json\/wp\/v2\/product\/6744","targetHints":{"allow":["GET"]}}],"collection":[{"href":"https:\/\/miamedic.lt\/en\/wp-json\/wp\/v2\/product"}],"about":[{"href":"https:\/\/miamedic.lt\/en\/wp-json\/wp\/v2\/types\/product"}],"replies":[{"embeddable":true,"href":"https:\/\/miamedic.lt\/en\/wp-json\/wp\/v2\/comments?post=6744"}],"version-history":[{"count":3,"href":"https:\/\/miamedic.lt\/en\/wp-json\/wp\/v2\/product\/6744\/revisions"}],"predecessor-version":[{"id":12466,"href":"https:\/\/miamedic.lt\/en\/wp-json\/wp\/v2\/product\/6744\/revisions\/12466"}],"wp:featuredmedia":[{"embeddable":true,"href":"https:\/\/miamedic.lt\/en\/wp-json\/wp\/v2\/media\/6745"}],"wp:attachment":[{"href":"https:\/\/miamedic.lt\/en\/wp-json\/wp\/v2\/media?parent=6744"}],"wp:term":[{"taxonomy":"product_cat","embeddable":true,"href":"https:\/\/miamedic.lt\/en\/wp-json\/wp\/v2\/product_cat?post=6744"},{"taxonomy":"product_tag","embeddable":true,"href":"https:\/\/miamedic.lt\/en\/wp-json\/wp\/v2\/product_tag?post=6744"}],"curies":[{"name":"wp","href":"https:\/\/api.w.org\/{rel}","templated":true}]}}