{"id":6742,"date":"2025-04-28T13:18:35","date_gmt":"2025-04-28T13:18:35","guid":{"rendered":"https:\/\/miamedic.lt\/?post_type=product&#038;p=6742"},"modified":"2025-12-01T00:29:34","modified_gmt":"2025-12-01T00:29:34","slug":"tri-active-gelis","status":"publish","type":"product","link":"https:\/\/miamedic.lt\/en\/shop\/tri-active-gelis\/","title":{"rendered":"TRI-ACTIVE GELIS"},"content":{"rendered":"<p class=\"\" data-start=\"0\" data-end=\"86\"><strong data-start=\"0\" data-end=\"86\">Biretix Tri-Active Gel 50 ml \u2013 veiksminga priemon\u0117 suaugusi\u0173j\u0173 odos d\u0117m\u0117ms ma\u017einti<\/strong><\/p>\n<p class=\"\" data-start=\"88\" data-end=\"245\"><span class=\"relative -mx-px my-[-0.2rem] rounded px-px py-[0.2rem] transition-colors duration-100 ease-in-out\"><strong data-start=\"0\" data-end=\"26\" data-is-only-node=\"\">Biretix Tri-Active Gel<\/strong> \u2013 tai pa\u017eangi gelio formul\u0117, sukurta specialiai suaugusi\u0173j\u0173 odai, linkusiai \u012f d\u0117mes ir spuogus.<\/span> <span class=\"relative -mx-px my-[-0.2rem] rounded px-px py-[0.2rem] transition-colors duration-100 ease-in-out\">\u0160is produktas padeda kontroliuoti sebumo gamyb\u0105, gerina odos tekst\u016br\u0105 ir ma\u017eina po spuog\u0173 atsiradusias d\u0117mes bei randus.<\/span> <span class=\"relative -mx-px my-[-0.2rem] rounded px-px py-[0.2rem] transition-colors duration-100 ease-in-out\">I\u0161bandyta pri\u017ei\u016brint dermatologui.<\/span>\u200b<\/p>\n<p class=\"\" data-start=\"247\" data-end=\"260\"><strong data-start=\"247\" data-end=\"260\">Poveikis:<\/strong><\/p>\n<ul data-start=\"261\" data-end=\"504\">\n<li class=\"\" data-start=\"261\" data-end=\"300\">\n<p class=\"\" data-start=\"263\" data-end=\"300\"><span class=\"relative -mx-px my-[-0.2rem] rounded px-px py-[0.2rem] transition-colors duration-100 ease-in-out\">Ma\u017eina d\u0117mes ir spuogus<\/span><\/p>\n<\/li>\n<li class=\"\" data-start=\"301\" data-end=\"340\">\n<p class=\"\" data-start=\"303\" data-end=\"340\"><span class=\"relative -mx-px my-[-0.2rem] rounded px-px py-[0.2rem] transition-colors duration-100 ease-in-out\">Kontroliuoja sebumo gamyb\u0105<\/span><\/p>\n<\/li>\n<li class=\"\" data-start=\"341\" data-end=\"380\">\n<p class=\"\" data-start=\"343\" data-end=\"380\"><span class=\"relative -mx-px my-[-0.2rem] rounded px-px py-[0.2rem] transition-colors duration-100 ease-in-out\">Gerina odos tekst\u016br\u0105<\/span><\/p>\n<\/li>\n<li class=\"\" data-start=\"381\" data-end=\"420\">\n<p class=\"\" data-start=\"383\" data-end=\"420\"><span class=\"relative -mx-px my-[-0.2rem] rounded px-px py-[0.2rem] transition-colors duration-100 ease-in-out\">Ma\u017eina po spuog\u0173 atsiradusias d\u0117mes ir randus<\/span><\/p>\n<\/li>\n<li class=\"\" data-start=\"421\" data-end=\"504\">\n<p class=\"\" data-start=\"423\" data-end=\"504\"><span class=\"relative -mx-px my-[-0.2rem] rounded px-px py-[0.2rem] transition-colors duration-100 ease-in-out\">I\u0161bandyta pri\u017ei\u016brint dermatologui<\/span>\u200b<\/p>\n<\/li>\n<\/ul>\n<p class=\"\" data-start=\"506\" data-end=\"647\"><strong data-start=\"506\" data-end=\"521\">Naudojimas:<\/strong> <span class=\"relative -mx-px my-[-0.2rem] rounded px-px py-[0.2rem] transition-colors duration-100 ease-in-out\">Tepti ant \u0161varios ir sausos odos vakare, vengiant kontakto su akimis.<\/span> <span class=\"relative -mx-px my-[-0.2rem] rounded px-px py-[0.2rem] transition-colors duration-100 ease-in-out\">Naudoti kasdien arba pagal poreik\u012f.<\/span>\u200b<\/p>\n<p class=\"\" data-start=\"649\" data-end=\"667\"><strong data-start=\"649\" data-end=\"667\">Tinka naudoti:<\/strong><\/p>\n<ul data-start=\"668\" data-end=\"876\">\n<li class=\"\" data-start=\"668\" data-end=\"716\">\n<p class=\"\" data-start=\"670\" data-end=\"716\">Suaugusi\u0173j\u0173 odai, linkusiai \u012f d\u0117mes ir spuogus<\/p>\n<\/li>\n<li class=\"\" data-start=\"717\" data-end=\"771\">\n<p class=\"\" data-start=\"719\" data-end=\"771\">Odos prie\u017ei\u016brai po spuog\u0173 atsiradusi\u0173 d\u0117mi\u0173 ir rand\u0173<\/p>\n<\/li>\n<li class=\"\" data-start=\"772\" data-end=\"876\">\n<p class=\"\" data-start=\"774\" data-end=\"876\">Odos prie\u017ei\u016brai, siekiant pagerinti tekst\u016br\u0105 ir i\u0161vaizd\u0105<\/p>\n<\/li>\n<\/ul>\n","protected":false},"excerpt":{"rendered":"<p>Veiksminga priemon\u0117 odos d\u0117m\u0117ms ma\u017einti<\/p>","protected":false},"featured_media":6756,"comment_status":"open","ping_status":"closed","template":"","meta":[],"product_cat":[107,129],"product_tag":[],"class_list":{"0":"post-6742","1":"product","2":"type-product","3":"status-publish","4":"has-post-thumbnail","6":"product_cat-serumai","7":"product_cat-veido-kremai","8":"pa_brands-cantabria-labs","9":"pa_talpa-50ml-2","11":"first","12":"instock","13":"taxable","14":"shipping-taxable","15":"purchasable","16":"product-type-simple"},"_links":{"self":[{"href":"https:\/\/miamedic.lt\/en\/wp-json\/wp\/v2\/product\/6742","targetHints":{"allow":["GET"]}}],"collection":[{"href":"https:\/\/miamedic.lt\/en\/wp-json\/wp\/v2\/product"}],"about":[{"href":"https:\/\/miamedic.lt\/en\/wp-json\/wp\/v2\/types\/product"}],"replies":[{"embeddable":true,"href":"https:\/\/miamedic.lt\/en\/wp-json\/wp\/v2\/comments?post=6742"}],"version-history":[{"count":4,"href":"https:\/\/miamedic.lt\/en\/wp-json\/wp\/v2\/product\/6742\/revisions"}],"predecessor-version":[{"id":12467,"href":"https:\/\/miamedic.lt\/en\/wp-json\/wp\/v2\/product\/6742\/revisions\/12467"}],"wp:featuredmedia":[{"embeddable":true,"href":"https:\/\/miamedic.lt\/en\/wp-json\/wp\/v2\/media\/6756"}],"wp:attachment":[{"href":"https:\/\/miamedic.lt\/en\/wp-json\/wp\/v2\/media?parent=6742"}],"wp:term":[{"taxonomy":"product_cat","embeddable":true,"href":"https:\/\/miamedic.lt\/en\/wp-json\/wp\/v2\/product_cat?post=6742"},{"taxonomy":"product_tag","embeddable":true,"href":"https:\/\/miamedic.lt\/en\/wp-json\/wp\/v2\/product_tag?post=6742"}],"curies":[{"name":"wp","href":"https:\/\/api.w.org\/{rel}","templated":true}]}}