{"id":6737,"date":"2025-04-28T13:09:02","date_gmt":"2025-04-28T13:09:02","guid":{"rendered":"https:\/\/miamedic.lt\/?post_type=product&#038;p=6737"},"modified":"2025-12-01T00:30:19","modified_gmt":"2025-12-01T00:30:19","slug":"endocare-micelinis-vanduo","status":"publish","type":"product","link":"https:\/\/miamedic.lt\/en\/shop\/endocare-micelinis-vanduo\/","title":{"rendered":"ENDOCARE MICELINIS VANDUO"},"content":{"rendered":"<p class=\"\" data-start=\"0\" data-end=\"111\"><strong data-start=\"0\" data-end=\"43\">Endocare Hydractive Micelinis vanduo 100 ml<\/strong> \u2013 <strong data-start=\"46\" data-end=\"111\">\u0161velnus ir dr\u0117kinantis veido valiklis su probiotik\u0173 kompleksu<\/strong><\/p>\n<p class=\"\" data-start=\"113\" data-end=\"232\"><span class=\"relative -mx-px my-[-0.2rem] rounded px-px py-[0.2rem] transition-colors duration-100 ease-in-out\"><strong data-start=\"0\" data-end=\"36\" data-is-only-node=\"\">Endocare Hydractive Micelinis Vanduo<\/strong>\u00a0\u2013 tai \u0161velni ir dr\u0117kinanti micelin\u0117 vandens formul\u0117, sukurta efektyviam makia\u017eo ir ne\u0161varum\u0173 valymui bei odos prie\u017ei\u016brai.<\/span> <span class=\"relative -mx-px my-[-0.2rem] rounded px-px py-[0.2rem] transition-colors duration-100 ease-in-out\">Tinka visiems odos tipams, \u012fskaitant jautri\u0105 ir linkusi\u0105 \u012f sudirgimus od\u0105, taip pat kontaktini\u0173 l\u0119\u0161i\u0173 ne\u0161iotojams.<\/span>\u200b<\/p>\n<p class=\"\" data-start=\"234\" data-end=\"247\"><strong data-start=\"234\" data-end=\"247\">Poveikis:<\/strong><\/p>\n<ul data-start=\"248\" data-end=\"491\">\n<li class=\"\" data-start=\"248\" data-end=\"287\">\n<p class=\"\" data-start=\"250\" data-end=\"287\"><span class=\"relative -mx-px my-[-0.2rem] rounded px-px py-[0.2rem] transition-colors duration-100 ease-in-out\">\u0160velniai valo od\u0105, pa\u0161alindama makia\u017e\u0105 ir ne\u0161varumus<\/span><\/p>\n<\/li>\n<li class=\"\" data-start=\"288\" data-end=\"327\">\n<p class=\"\" data-start=\"290\" data-end=\"327\"><span class=\"relative -mx-px my-[-0.2rem] rounded px-px py-[0.2rem] transition-colors duration-100 ease-in-out\">Dr\u0117kina ir ramina od\u0105<\/span><\/p>\n<\/li>\n<li class=\"\" data-start=\"328\" data-end=\"367\">\n<p class=\"\" data-start=\"330\" data-end=\"367\"><span class=\"relative -mx-px my-[-0.2rem] rounded px-px py-[0.2rem] transition-colors duration-100 ease-in-out\">Padeda atkurti odos barjero funkcij\u0105<\/span><\/p>\n<\/li>\n<li class=\"\" data-start=\"368\" data-end=\"407\">\n<p class=\"\" data-start=\"370\" data-end=\"407\"><span class=\"relative -mx-px my-[-0.2rem] rounded px-px py-[0.2rem] transition-colors duration-100 ease-in-out\">Apsaugo nuo aplinkos streso<\/span><\/p>\n<\/li>\n<li class=\"\" data-start=\"408\" data-end=\"491\">\n<p class=\"\" data-start=\"410\" data-end=\"491\"><span class=\"relative -mx-px my-[-0.2rem] rounded px-px py-[0.2rem] transition-colors duration-100 ease-in-out\">Palieka od\u0105 \u0161vari\u0105, mink\u0161t\u0105 ir tonizuot\u0105<\/span>\u200b<\/p>\n<\/li>\n<\/ul>\n<p class=\"\" data-start=\"493\" data-end=\"672\"><strong data-start=\"493\" data-end=\"508\">Naudojimas:<\/strong> <span class=\"relative -mx-px my-[-0.2rem] rounded px-px py-[0.2rem] transition-colors duration-100 ease-in-out\">Ant vatos diskelio u\u017ela\u0161inkite micelinio vandens ir \u0161velniai nuvalykite veid\u0105 bei aki\u0173 srit\u012f.<\/span> <span class=\"relative -mx-px my-[-0.2rem] rounded px-px py-[0.2rem] transition-colors duration-100 ease-in-out\">Nereikia nuskalauti.<\/span> <span class=\"relative -mx-px my-[-0.2rem] rounded px-px py-[0.2rem] transition-colors duration-100 ease-in-out\">Galima naudoti ryte ir vakare.<\/span>\u200b<\/p>\n<p class=\"\" data-start=\"674\" data-end=\"692\"><strong data-start=\"674\" data-end=\"692\">Tinka naudoti:<\/strong><\/p>\n<ul data-start=\"693\" data-end=\"906\">\n<li class=\"\" data-start=\"693\" data-end=\"734\">\n<p class=\"\" data-start=\"695\" data-end=\"734\"><span class=\"relative -mx-px my-[-0.2rem] rounded px-px py-[0.2rem] transition-colors duration-100 ease-in-out\">Visiems odos tipams, \u012fskaitant jautri\u0105 ir linkusi\u0105 \u012f sudirgimus<\/span><\/p>\n<\/li>\n<li class=\"\" data-start=\"735\" data-end=\"776\">\n<p class=\"\" data-start=\"737\" data-end=\"776\"><span class=\"relative -mx-px my-[-0.2rem] rounded px-px py-[0.2rem] bg-[#FCECC1] dark:bg-[#64572A] transition-colors duration-100 ease-in-out\">Kontaktini\u0173 l\u0119\u0161i\u0173 ne\u0161iotojams<\/span><\/p>\n<\/li>\n<li class=\"\" data-start=\"777\" data-end=\"818\">\n<p class=\"\" data-start=\"779\" data-end=\"818\"><span class=\"relative -mx-px my-[-0.2rem] rounded px-px py-[0.2rem] transition-colors duration-100 ease-in-out\">Odos prie\u017ei\u016brai po saul\u0117s poveikio<\/span><\/p>\n<\/li>\n<li class=\"\" data-start=\"819\" data-end=\"906\">\n<p class=\"\" data-start=\"821\" data-end=\"906\"><span class=\"relative -mx-px my-[-0.2rem] rounded px-px py-[0.2rem] transition-colors duration-100 ease-in-out\">Makia\u017eo valymui, \u012fskaitant vandeniui atspar\u0173 makia\u017e\u0105<\/span><\/p>\n<\/li>\n<\/ul>\n","protected":false},"excerpt":{"rendered":"<p>\u0160velnus ir dr\u0117kinantis micelinis vanduo su probiotik\u0173 kompleksu<\/p>","protected":false},"featured_media":6738,"comment_status":"open","ping_status":"closed","template":"","meta":[],"product_cat":[191],"product_tag":[],"class_list":{"0":"post-6737","1":"product","2":"type-product","3":"status-publish","4":"has-post-thumbnail","6":"product_cat-makiazo-valymas-veido-prieziura","7":"pa_brands-cantabria-labs","8":"pa_talpa-100ml","9":"pa_talpa-400ml","11":"first","12":"instock","13":"taxable","14":"shipping-taxable","15":"purchasable","16":"product-type-variable"},"_links":{"self":[{"href":"https:\/\/miamedic.lt\/en\/wp-json\/wp\/v2\/product\/6737","targetHints":{"allow":["GET"]}}],"collection":[{"href":"https:\/\/miamedic.lt\/en\/wp-json\/wp\/v2\/product"}],"about":[{"href":"https:\/\/miamedic.lt\/en\/wp-json\/wp\/v2\/types\/product"}],"replies":[{"embeddable":true,"href":"https:\/\/miamedic.lt\/en\/wp-json\/wp\/v2\/comments?post=6737"}],"version-history":[{"count":2,"href":"https:\/\/miamedic.lt\/en\/wp-json\/wp\/v2\/product\/6737\/revisions"}],"predecessor-version":[{"id":12468,"href":"https:\/\/miamedic.lt\/en\/wp-json\/wp\/v2\/product\/6737\/revisions\/12468"}],"wp:featuredmedia":[{"embeddable":true,"href":"https:\/\/miamedic.lt\/en\/wp-json\/wp\/v2\/media\/6738"}],"wp:attachment":[{"href":"https:\/\/miamedic.lt\/en\/wp-json\/wp\/v2\/media?parent=6737"}],"wp:term":[{"taxonomy":"product_cat","embeddable":true,"href":"https:\/\/miamedic.lt\/en\/wp-json\/wp\/v2\/product_cat?post=6737"},{"taxonomy":"product_tag","embeddable":true,"href":"https:\/\/miamedic.lt\/en\/wp-json\/wp\/v2\/product_tag?post=6737"}],"curies":[{"name":"wp","href":"https:\/\/api.w.org\/{rel}","templated":true}]}}