{"id":6733,"date":"2025-04-28T13:01:26","date_gmt":"2025-04-28T13:01:26","guid":{"rendered":"https:\/\/miamedic.lt\/?post_type=product&#038;p=6733"},"modified":"2025-12-01T00:29:34","modified_gmt":"2025-12-01T00:29:34","slug":"jojobos-aliejus","status":"publish","type":"product","link":"https:\/\/miamedic.lt\/en\/shop\/jojobos-aliejus\/","title":{"rendered":"Jojobos aliejus"},"content":{"rendered":"<p class=\"\" data-start=\"0\" data-end=\"84\"><strong data-start=\"0\" data-end=\"84\">OxygenCeuticals Jojoba Oil \u2013 Universalus odos, plauk\u0173 ir k\u016bno prie\u017ei\u016bros aliejus<\/strong><\/p>\n<p class=\"\" data-start=\"86\" data-end=\"205\"><span class=\"relative -mx-px my-[-0.2rem] rounded px-px py-[0.2rem] transition-colors duration-100 ease-in-out\"><strong data-start=\"0\" data-end=\"30\" data-is-only-node=\"\">OxygenCeuticals Jojoba Oil<\/strong> \u2013 tai 100% grynas, \u0161alto spaudimo simondsij\u0173 (jojobos) aliejus, i\u0161gautas i\u0161 Argentinos augan\u010di\u0173 Simmondsia Chinensis s\u0117kl\u0173.<\/span> <span class=\"relative -mx-px my-[-0.2rem] rounded px-px py-[0.2rem] transition-colors duration-100 ease-in-out\">\u0160is aliejus pasi\u017eymi giliu dr\u0117kinimu, greitu \u012fsiskverbimu ir geb\u0117jimu subalansuoti odos riebal\u0173 gamyb\u0105, tod\u0117l tinka visiems odos tipams ir \u012fvairioms naudojimo sritims.<\/span><\/p>\n<p class=\"\" data-start=\"207\" data-end=\"220\"><strong data-start=\"207\" data-end=\"220\">Poveikis:<\/strong><\/p>\n<ul data-start=\"221\" data-end=\"504\">\n<li class=\"\" data-start=\"221\" data-end=\"260\">\n<p class=\"\" data-start=\"223\" data-end=\"260\"><span class=\"relative -mx-px my-[-0.2rem] rounded px-px py-[0.2rem] transition-colors duration-100 ease-in-out\">Intensyviai dr\u0117kina od\u0105, nepalikdamas riebumo jausmo<\/span><\/p>\n<\/li>\n<li class=\"\" data-start=\"261\" data-end=\"300\">\n<p class=\"\" data-start=\"263\" data-end=\"300\"><span class=\"relative -mx-px my-[-0.2rem] rounded px-px py-[0.2rem] transition-colors duration-100 ease-in-out\">Subalansuoja odos riebal\u0173 ir dr\u0117gm\u0117s lyg\u012f<\/span><\/p>\n<\/li>\n<li class=\"\" data-start=\"301\" data-end=\"340\">\n<p class=\"\" data-start=\"303\" data-end=\"340\"><span class=\"relative -mx-px my-[-0.2rem] rounded px-px py-[0.2rem] transition-colors duration-100 ease-in-out\">Apsaugo od\u0105 nuo i\u0161saus\u0117jimo ir dirginimo<\/span><\/p>\n<\/li>\n<li class=\"\" data-start=\"341\" data-end=\"380\">\n<p class=\"\" data-start=\"343\" data-end=\"380\"><span class=\"relative -mx-px my-[-0.2rem] rounded px-px py-[0.2rem] transition-colors duration-100 ease-in-out\">Padeda atkurti pa\u017eeist\u0105 odos barjer\u0105<\/span><\/p>\n<\/li>\n<li class=\"\" data-start=\"381\" data-end=\"420\">\n<p class=\"\" data-start=\"383\" data-end=\"420\"><span class=\"relative -mx-px my-[-0.2rem] rounded px-px py-[0.2rem] transition-colors duration-100 ease-in-out\">Suma\u017eina u\u017edegimus ir ramina sudirgusi\u0105 od\u0105<\/span><\/p>\n<\/li>\n<li class=\"\" data-start=\"421\" data-end=\"504\">\n<p class=\"\" data-start=\"423\" data-end=\"504\"><span class=\"relative -mx-px my-[-0.2rem] rounded px-px py-[0.2rem] transition-colors duration-100 ease-in-out\">Tinka naudoti veidui, k\u016bnui ir plaukams<\/span>\u200b<\/p>\n<\/li>\n<\/ul>\n<p class=\"\" data-start=\"506\" data-end=\"687\"><strong data-start=\"506\" data-end=\"521\">Naudojimas:<\/strong> <span class=\"relative -mx-px my-[-0.2rem] rounded px-px py-[0.2rem] transition-colors duration-100 ease-in-out\">U\u017etepkite nedidel\u012f kiek\u012f aliejaus ant saus\u0173 veido, k\u016bno ar plauk\u0173 viet\u0173.<\/span> <span class=\"relative -mx-px my-[-0.2rem] rounded px-px py-[0.2rem] transition-colors duration-100 ease-in-out\">\u0160velniai \u012fmasa\u017euokite, kol visi\u0161kai \u012fsigers.<\/span> <span class=\"relative -mx-px my-[-0.2rem] rounded px-px py-[0.2rem] transition-colors duration-100 ease-in-out\">Galima naudoti kasdien arba pagal poreik\u012f.<\/span>\u200b<\/p>\n<p class=\"\" data-start=\"689\" data-end=\"707\"><strong data-start=\"689\" data-end=\"707\">Tinka naudoti:<\/strong><\/p>\n<ul data-start=\"708\" data-end=\"921\">\n<li class=\"\" data-start=\"708\" data-end=\"749\">\n<p class=\"\" data-start=\"710\" data-end=\"749\"><span class=\"relative -mx-px my-[-0.2rem] rounded px-px py-[0.2rem] bg-[#FCECC1] dark:bg-[#64572A] transition-colors duration-100 ease-in-out\">Visiems odos tipams<\/span><\/p>\n<\/li>\n<li class=\"\" data-start=\"750\" data-end=\"791\">\n<p class=\"\" data-start=\"752\" data-end=\"791\"><span class=\"relative -mx-px my-[-0.2rem] rounded px-px py-[0.2rem] transition-colors duration-100 ease-in-out\">Sausai, jautriai ir dehidratuotai odai<\/span><\/p>\n<\/li>\n<li class=\"\" data-start=\"792\" data-end=\"833\">\n<p class=\"\" data-start=\"794\" data-end=\"833\"><span class=\"relative -mx-px my-[-0.2rem] rounded px-px py-[0.2rem] transition-colors duration-100 ease-in-out\">Odos prie\u017ei\u016brai po saul\u0117s poveikio<\/span><\/p>\n<\/li>\n<li class=\"\" data-start=\"834\" data-end=\"921\">\n<p class=\"\" data-start=\"836\" data-end=\"921\"><span class=\"relative -mx-px my-[-0.2rem] rounded px-px py-[0.2rem] transition-colors duration-100 ease-in-out\">Plauk\u0173 dr\u0117kinimui ir apsaugai<\/span><\/p>\n<\/li>\n<\/ul>\n","protected":false},"excerpt":{"rendered":"<p>OxygenCeuticals Jojoba Oil \u2013 Universalus odos, plauk\u0173 ir k\u016bno prie\u017ei\u016bros aliejus OxygenCeuticals Jojoba Oil \u2013 tai 100% grynas, \u0161alto spaudimo simondsij\u0173 (jojobos)&hellip;<\/p>","protected":false},"featured_media":6734,"comment_status":"open","ping_status":"closed","template":"","meta":[],"product_cat":[113,246,129],"product_tag":[],"class_list":{"0":"post-6733","1":"product","2":"type-product","3":"status-publish","4":"has-post-thumbnail","6":"product_cat-kuno-kremas","7":"product_cat-plauku-aliejai","8":"product_cat-veido-kremai","9":"pa_brands-oxygenceuticals","10":"pa_talpa-45ml","12":"first","13":"instock","14":"taxable","15":"shipping-taxable","16":"purchasable","17":"product-type-simple"},"_links":{"self":[{"href":"https:\/\/miamedic.lt\/en\/wp-json\/wp\/v2\/product\/6733","targetHints":{"allow":["GET"]}}],"collection":[{"href":"https:\/\/miamedic.lt\/en\/wp-json\/wp\/v2\/product"}],"about":[{"href":"https:\/\/miamedic.lt\/en\/wp-json\/wp\/v2\/types\/product"}],"replies":[{"embeddable":true,"href":"https:\/\/miamedic.lt\/en\/wp-json\/wp\/v2\/comments?post=6733"}],"version-history":[{"count":3,"href":"https:\/\/miamedic.lt\/en\/wp-json\/wp\/v2\/product\/6733\/revisions"}],"predecessor-version":[{"id":12469,"href":"https:\/\/miamedic.lt\/en\/wp-json\/wp\/v2\/product\/6733\/revisions\/12469"}],"wp:featuredmedia":[{"embeddable":true,"href":"https:\/\/miamedic.lt\/en\/wp-json\/wp\/v2\/media\/6734"}],"wp:attachment":[{"href":"https:\/\/miamedic.lt\/en\/wp-json\/wp\/v2\/media?parent=6733"}],"wp:term":[{"taxonomy":"product_cat","embeddable":true,"href":"https:\/\/miamedic.lt\/en\/wp-json\/wp\/v2\/product_cat?post=6733"},{"taxonomy":"product_tag","embeddable":true,"href":"https:\/\/miamedic.lt\/en\/wp-json\/wp\/v2\/product_tag?post=6733"}],"curies":[{"name":"wp","href":"https:\/\/api.w.org\/{rel}","templated":true}]}}