{"id":6729,"date":"2025-04-28T12:57:32","date_gmt":"2025-04-28T12:57:32","guid":{"rendered":"https:\/\/miamedic.lt\/?post_type=product&#038;p=6729"},"modified":"2025-12-01T00:29:34","modified_gmt":"2025-12-01T00:29:34","slug":"ranku-ir-kuno-kremas","status":"publish","type":"product","link":"https:\/\/miamedic.lt\/en\/shop\/ranku-ir-kuno-kremas\/","title":{"rendered":"Rank\u0173 ir k\u016bno kremas"},"content":{"rendered":"<p class=\"\" data-start=\"0\" data-end=\"123\"><strong data-start=\"0\" data-end=\"45\">OxygenCeuticals Rich Body and Hand Lotion<\/strong> \u2013 <strong data-start=\"48\" data-end=\"123\">odos dr\u0117kinimo ir apsaugos priemon\u0117 su ceramidais ir hialurono r\u016bg\u0161timi<\/strong><\/p>\n<p class=\"\" data-start=\"125\" data-end=\"244\"><span class=\"relative -mx-px my-[-0.2rem] rounded px-px py-[0.2rem] transition-colors duration-100 ease-in-out\"><strong data-start=\"0\" data-end=\"45\" data-is-only-node=\"\">OxygenCeuticals Rich Body and Hand Lotion<\/strong> \u2013 tai prabangi ir maitinanti k\u016bno ir rank\u0173 losjonas, sukurtas su ceramidais ir natrio hialuronu, siekiant giliai dr\u0117kinti ir apsaugoti od\u0105.<\/span> <span class=\"relative -mx-px my-[-0.2rem] rounded px-px py-[0.2rem] transition-colors duration-100 ease-in-out\">\u0160i formul\u0117 greitai \u012fsigeria, nepalikdama lipnaus jausmo, ir suteikia odai mink\u0161tumo bei dr\u0117kinimo iki 24 valand\u0173.<\/span>\u200b<\/p>\n<p class=\"\" data-start=\"246\" data-end=\"259\"><strong data-start=\"246\" data-end=\"259\">Poveikis:<\/strong><\/p>\n<ul data-start=\"260\" data-end=\"423\">\n<li class=\"\" data-start=\"260\" data-end=\"299\">\n<p class=\"\" data-start=\"262\" data-end=\"299\"><span class=\"relative -mx-px my-[-0.2rem] rounded px-px py-[0.2rem] transition-colors duration-100 ease-in-out\">Intensyviai dr\u0117kina saus\u0105, nie\u017etin\u010di\u0105 ir pleiskanojan\u010di\u0105 od\u0105<\/span><\/p>\n<\/li>\n<li class=\"\" data-start=\"300\" data-end=\"339\">\n<p class=\"\" data-start=\"302\" data-end=\"339\"><span class=\"relative -mx-px my-[-0.2rem] rounded px-px py-[0.2rem] transition-colors duration-100 ease-in-out\">Ramina jautri\u0105 od\u0105, ypa\u010d po saul\u0117s poveikio<\/span><\/p>\n<\/li>\n<li class=\"\" data-start=\"340\" data-end=\"423\">\n<p class=\"\" data-start=\"342\" data-end=\"423\"><span class=\"relative -mx-px my-[-0.2rem] rounded px-px py-[0.2rem] transition-colors duration-100 ease-in-out\">Padeda apsaugoti ir i\u0161laikyti dr\u0117gm\u0119 odos barjere<\/span>\u200b<\/p>\n<\/li>\n<\/ul>\n<p class=\"\" data-start=\"425\" data-end=\"560\"><strong data-start=\"425\" data-end=\"440\">Naudojimas:<\/strong> <span class=\"relative -mx-px my-[-0.2rem] rounded px-px py-[0.2rem] transition-colors duration-100 ease-in-out\">U\u017etepkite ant k\u016bno ir rank\u0173 po du\u0161o ar bet kuriuo metu, kai oda jau\u010diasi sausa, \u012fkaitusi ar \u012ftempta.<\/span> <span class=\"relative -mx-px my-[-0.2rem] rounded px-px py-[0.2rem] transition-colors duration-100 ease-in-out\">\u0160velniai \u012fmasa\u017euokite, kol visi\u0161kai \u012fsigers.<\/span>\u200b<\/p>\n<p class=\"\" data-start=\"562\" data-end=\"580\"><strong data-start=\"562\" data-end=\"580\">Tinka naudoti:<\/strong><\/p>\n<ul data-start=\"581\" data-end=\"744\">\n<li class=\"\" data-start=\"581\" data-end=\"602\">\n<p class=\"\" data-start=\"583\" data-end=\"602\">Visiems odos tipams<\/p>\n<\/li>\n<li class=\"\" data-start=\"603\" data-end=\"643\">\n<p class=\"\" data-start=\"605\" data-end=\"643\">Sausai, jautriai ir dehidratuotai odai<\/p>\n<\/li>\n<li class=\"\" data-start=\"644\" data-end=\"744\">\n<p class=\"\" data-start=\"646\" data-end=\"744\">Odai, kuriai reikia ilgalaikio dr\u0117kinimo ir apsaugos<\/p>\n<\/li>\n<\/ul>\n","protected":false},"excerpt":{"rendered":"<p>Odos dr\u0117kinimo ir apsaugos priemon\u0117 su keramidais ir hialurono r\u016bg\u0161timi<\/p>","protected":false},"featured_media":6730,"comment_status":"open","ping_status":"closed","template":"","meta":[],"product_cat":[113],"product_tag":[],"class_list":{"0":"post-6729","1":"product","2":"type-product","3":"status-publish","4":"has-post-thumbnail","6":"product_cat-kuno-kremas","7":"pa_brands-oxygenceuticals","8":"pa_talpa-1l","10":"first","11":"instock","12":"taxable","13":"shipping-taxable","14":"purchasable","15":"product-type-simple"},"_links":{"self":[{"href":"https:\/\/miamedic.lt\/en\/wp-json\/wp\/v2\/product\/6729","targetHints":{"allow":["GET"]}}],"collection":[{"href":"https:\/\/miamedic.lt\/en\/wp-json\/wp\/v2\/product"}],"about":[{"href":"https:\/\/miamedic.lt\/en\/wp-json\/wp\/v2\/types\/product"}],"replies":[{"embeddable":true,"href":"https:\/\/miamedic.lt\/en\/wp-json\/wp\/v2\/comments?post=6729"}],"version-history":[{"count":3,"href":"https:\/\/miamedic.lt\/en\/wp-json\/wp\/v2\/product\/6729\/revisions"}],"predecessor-version":[{"id":12470,"href":"https:\/\/miamedic.lt\/en\/wp-json\/wp\/v2\/product\/6729\/revisions\/12470"}],"wp:featuredmedia":[{"embeddable":true,"href":"https:\/\/miamedic.lt\/en\/wp-json\/wp\/v2\/media\/6730"}],"wp:attachment":[{"href":"https:\/\/miamedic.lt\/en\/wp-json\/wp\/v2\/media?parent=6729"}],"wp:term":[{"taxonomy":"product_cat","embeddable":true,"href":"https:\/\/miamedic.lt\/en\/wp-json\/wp\/v2\/product_cat?post=6729"},{"taxonomy":"product_tag","embeddable":true,"href":"https:\/\/miamedic.lt\/en\/wp-json\/wp\/v2\/product_tag?post=6729"}],"curies":[{"name":"wp","href":"https:\/\/api.w.org\/{rel}","templated":true}]}}