{"id":6726,"date":"2025-04-28T12:54:09","date_gmt":"2025-04-28T12:54:09","guid":{"rendered":"https:\/\/miamedic.lt\/?post_type=product&#038;p=6726"},"modified":"2025-12-01T00:29:35","modified_gmt":"2025-12-01T00:29:35","slug":"ranku-dezinfekantas","status":"publish","type":"product","link":"https:\/\/miamedic.lt\/en\/shop\/ranku-dezinfekantas\/","title":{"rendered":"Rank\u0173 dezinfekantas"},"content":{"rendered":"<p class=\"\" data-start=\"0\" data-end=\"97\"><strong data-start=\"0\" data-end=\"39\">OxygenCeuticals rank\u0173 dezinfekantas<\/strong> \u2013 <strong data-start=\"42\" data-end=\"97\">odos prie\u017ei\u016bros priemon\u0117 su alaviju ir 70% etanoliu<\/strong><\/p>\n<p class=\"\" data-start=\"99\" data-end=\"218\"><span class=\"relative -mx-px my-[-0.2rem] rounded px-px py-[0.2rem] transition-colors duration-100 ease-in-out\"><strong data-start=\"0\" data-end=\"39\" data-is-only-node=\"\">OxygenCeuticals rank\u0173 dezinfekantas<\/strong> \u2013 tai efektyvi ir \u0161velni priemon\u0117, skirta greitai ir patogiai dezinfekuoti rankas be vandens.<\/span> <span class=\"relative -mx-px my-[-0.2rem] rounded px-px py-[0.2rem] transition-colors duration-100 ease-in-out\">D\u0117l sud\u0117tyje esan\u010dio 70% etanolio jis efektyviai naikina daugiau nei 99% bakterij\u0173, o praturtintas alavijo ekstraktu ir glicerinu padeda i\u0161laikyti odos dr\u0117gm\u0119 ir \u0161velnum\u0105.<\/span>\u200b<\/p>\n<p class=\"\" data-start=\"220\" data-end=\"233\"><strong data-start=\"220\" data-end=\"233\">Poveikis:<\/strong><\/p>\n<ul data-start=\"234\" data-end=\"437\">\n<li class=\"\" data-start=\"234\" data-end=\"273\">\n<p class=\"\" data-start=\"236\" data-end=\"273\"><span class=\"relative -mx-px my-[-0.2rem] rounded px-px py-[0.2rem] transition-colors duration-100 ease-in-out\">Efektyviai naikina daugiau nei 99% bakterij\u0173<\/span><\/p>\n<\/li>\n<li class=\"\" data-start=\"274\" data-end=\"313\">\n<p class=\"\" data-start=\"276\" data-end=\"313\"><span class=\"relative -mx-px my-[-0.2rem] rounded px-px py-[0.2rem] transition-colors duration-100 ease-in-out\">Nepriekai\u0161tingai valo ir dezinfekuoja rankas be vandens<\/span><\/p>\n<\/li>\n<li class=\"\" data-start=\"314\" data-end=\"353\">\n<p class=\"\" data-start=\"316\" data-end=\"353\"><span class=\"relative -mx-px my-[-0.2rem] rounded px-px py-[0.2rem] transition-colors duration-100 ease-in-out\">Palieka od\u0105 \u0161velni\u0105 ir dr\u0117gn\u0105<\/span><\/p>\n<\/li>\n<li class=\"\" data-start=\"354\" data-end=\"437\">\n<p class=\"\" data-start=\"356\" data-end=\"437\"><span class=\"relative -mx-px my-[-0.2rem] rounded px-px py-[0.2rem] transition-colors duration-100 ease-in-out\">Patogus naudoti bet kur ir bet kada<\/span>\u200b<\/p>\n<\/li>\n<\/ul>\n<p class=\"\" data-start=\"439\" data-end=\"536\"><strong data-start=\"439\" data-end=\"454\">Naudojimas:<\/strong> <span class=\"relative -mx-px my-[-0.2rem] rounded px-px py-[0.2rem] transition-colors duration-100 ease-in-out\">I\u0161spauskite nedidel\u012f kiek\u012f dezinfekanto ant saus\u0173 rank\u0173 ir \u012ftrinkite jas, kol produktas visi\u0161kai \u012fsigers ir rankos i\u0161d\u017eius.<\/span>\u200b<\/p>\n<p class=\"\" data-start=\"538\" data-end=\"548\"><strong data-start=\"538\" data-end=\"548\">Tinka:<\/strong><\/p>\n<ul data-start=\"549\" data-end=\"742\">\n<li class=\"\" data-start=\"549\" data-end=\"587\">\n<p class=\"\" data-start=\"551\" data-end=\"587\">Kasdieniam rank\u0173 higienos palaikymui<\/p>\n<\/li>\n<li class=\"\" data-start=\"588\" data-end=\"742\">\n<p class=\"\" data-start=\"590\" data-end=\"742\">Naudoti vie\u0161ose vietose, biuruose, mokyklose ir kitose aplinkose, kur reikalinga greita rank\u0173 dezinfekcija<\/p>\n<\/li>\n<\/ul>\n","protected":false},"excerpt":{"rendered":"<p>Odos dezinfekantas su alaviju ir 70% etanoliu<\/p>","protected":false},"featured_media":6727,"comment_status":"open","ping_status":"closed","template":"","meta":[],"product_cat":[245],"product_tag":[],"class_list":{"0":"post-6726","1":"product","2":"type-product","3":"status-publish","4":"has-post-thumbnail","6":"product_cat-dezinfekantai","7":"pa_brands-oxygenceuticals","8":"pa_talpa-300ml","10":"first","11":"instock","12":"taxable","13":"shipping-taxable","14":"purchasable","15":"product-type-simple"},"_links":{"self":[{"href":"https:\/\/miamedic.lt\/en\/wp-json\/wp\/v2\/product\/6726","targetHints":{"allow":["GET"]}}],"collection":[{"href":"https:\/\/miamedic.lt\/en\/wp-json\/wp\/v2\/product"}],"about":[{"href":"https:\/\/miamedic.lt\/en\/wp-json\/wp\/v2\/types\/product"}],"replies":[{"embeddable":true,"href":"https:\/\/miamedic.lt\/en\/wp-json\/wp\/v2\/comments?post=6726"}],"version-history":[{"count":2,"href":"https:\/\/miamedic.lt\/en\/wp-json\/wp\/v2\/product\/6726\/revisions"}],"predecessor-version":[{"id":12471,"href":"https:\/\/miamedic.lt\/en\/wp-json\/wp\/v2\/product\/6726\/revisions\/12471"}],"wp:featuredmedia":[{"embeddable":true,"href":"https:\/\/miamedic.lt\/en\/wp-json\/wp\/v2\/media\/6727"}],"wp:attachment":[{"href":"https:\/\/miamedic.lt\/en\/wp-json\/wp\/v2\/media?parent=6726"}],"wp:term":[{"taxonomy":"product_cat","embeddable":true,"href":"https:\/\/miamedic.lt\/en\/wp-json\/wp\/v2\/product_cat?post=6726"},{"taxonomy":"product_tag","embeddable":true,"href":"https:\/\/miamedic.lt\/en\/wp-json\/wp\/v2\/product_tag?post=6726"}],"curies":[{"name":"wp","href":"https:\/\/api.w.org\/{rel}","templated":true}]}}