{"id":6717,"date":"2025-04-28T12:48:47","date_gmt":"2025-04-28T12:48:47","guid":{"rendered":"https:\/\/miamedic.lt\/?post_type=product&#038;p=6717"},"modified":"2025-12-01T00:29:35","modified_gmt":"2025-12-01T00:29:35","slug":"sukalming-derma-kit","status":"publish","type":"product","link":"https:\/\/miamedic.lt\/en\/shop\/sukalming-derma-kit\/","title":{"rendered":"SUKALMING DERMA KIT"},"content":{"rendered":"<p class=\"\" data-start=\"40\" data-end=\"121\"><strong data-start=\"40\" data-end=\"79\">OxygenCeuticals Sukalming Derma Kit<\/strong> \u2013 <strong data-start=\"82\" data-end=\"121\">odos atstatymo ir raminimo rinkinys<\/strong><\/p>\n<p class=\"\" data-start=\"123\" data-end=\"242\"><span class=\"relative -mx-px my-[-0.2rem] rounded px-px py-[0.2rem] transition-colors duration-100 ease-in-out\"><strong data-start=\"0\" data-end=\"39\" data-is-only-node=\"\">OxygenCeuticals Sukalming Derma Kit<\/strong> \u2013 tai dviej\u0173 \u017eingsni\u0173 sistema, skirta odos prie\u017ei\u016brai po proced\u016br\u0173 ir pa\u017eeistos odos atstatymui.<\/span> <span class=\"relative -mx-px my-[-0.2rem] rounded px-px py-[0.2rem] transition-colors duration-100 ease-in-out\">\u0160is rinkinys, praturtintas vitaminais A, E, F ir K, padeda nuraminti dirginim\u0105, stiprina odos barjer\u0105 ir ma\u017eina patinim\u0105 bei paraudim\u0105, suteikdamas odai ramyb\u0117s ir gaivumo poj\u016bt\u012f.<\/span>\u200b<\/p>\n<p class=\"\" data-start=\"244\" data-end=\"257\"><strong data-start=\"244\" data-end=\"257\">Poveikis:<\/strong><\/p>\n<ul data-start=\"258\" data-end=\"501\">\n<li class=\"\" data-start=\"258\" data-end=\"297\">\n<p class=\"\" data-start=\"260\" data-end=\"297\"><span class=\"relative -mx-px my-[-0.2rem] rounded px-px py-[0.2rem] transition-colors duration-100 ease-in-out\">Ramina sudirgusi\u0105 ir pa\u017eeist\u0105 od\u0105<\/span><\/p>\n<\/li>\n<li class=\"\" data-start=\"298\" data-end=\"337\">\n<p class=\"\" data-start=\"300\" data-end=\"337\"><span class=\"relative -mx-px my-[-0.2rem] rounded px-px py-[0.2rem] transition-colors duration-100 ease-in-out\">Stiprina odos apsaugin\u012f barjer\u0105<\/span><\/p>\n<\/li>\n<li class=\"\" data-start=\"338\" data-end=\"377\">\n<p class=\"\" data-start=\"340\" data-end=\"377\"><span class=\"relative -mx-px my-[-0.2rem] rounded px-px py-[0.2rem] transition-colors duration-100 ease-in-out\">Ma\u017eina paraudim\u0105, patinim\u0105 ir m\u0117lynes<\/span><\/p>\n<\/li>\n<li class=\"\" data-start=\"378\" data-end=\"417\">\n<p class=\"\" data-start=\"380\" data-end=\"417\"><span class=\"relative -mx-px my-[-0.2rem] rounded px-px py-[0.2rem] transition-colors duration-100 ease-in-out\">Skatina greitesn\u012f odos gijim\u0105<\/span><\/p>\n<\/li>\n<li class=\"\" data-start=\"418\" data-end=\"501\">\n<p class=\"\" data-start=\"420\" data-end=\"501\"><span class=\"relative -mx-px my-[-0.2rem] rounded px-px py-[0.2rem] transition-colors duration-100 ease-in-out\">Suteikia odai gaivumo ir komforto poj\u016bt\u012f<\/span>\u200b<\/p>\n<\/li>\n<\/ul>\n<p class=\"\" data-start=\"503\" data-end=\"518\"><strong data-start=\"503\" data-end=\"518\">Naudojimas:<\/strong><\/p>\n<ol data-start=\"519\" data-end=\"693\">\n<li class=\"\" data-start=\"519\" data-end=\"561\">\n<p class=\"\" data-start=\"522\" data-end=\"561\"><span class=\"relative -mx-px my-[-0.2rem] rounded px-px py-[0.2rem] transition-colors duration-100 ease-in-out\">Paruo\u0161us od\u0105, u\u017etepkite tinkam\u0105 kiek\u012f <strong data-start=\"38\" data-end=\"57\">Sukalming Serum<\/strong> ant veido ir \u0161velniai \u012ftap\u0161nokite, kad \u012fsiskverbt\u0173.<\/span><\/p>\n<\/li>\n<li class=\"\" data-start=\"562\" data-end=\"604\">\n<p class=\"\" data-start=\"565\" data-end=\"604\"><span class=\"relative -mx-px my-[-0.2rem] rounded px-px py-[0.2rem] transition-colors duration-100 ease-in-out\">Tada u\u017etepkite <strong data-start=\"15\" data-end=\"34\">Sukalming Cream<\/strong> ir \u0161velniai \u012fmasa\u017euokite, kad pagerintum\u0117te veikli\u0173j\u0173 med\u017eiag\u0173 \u012fsiskverbim\u0105.<\/span><\/p>\n<\/li>\n<li class=\"\" data-start=\"605\" data-end=\"693\">\n<p class=\"\" data-start=\"608\" data-end=\"693\"><span class=\"relative -mx-px my-[-0.2rem] rounded px-px py-[0.2rem] transition-colors duration-100 ease-in-out\">Esant didesniam jautrumui ar pa\u017eeidimams, u\u017etepkite papildom\u0105 sluoksn\u012f problemin\u0117se vietose.<\/span>\u200b<\/p>\n<\/li>\n<\/ol>\n<p class=\"\" data-start=\"695\" data-end=\"714\"><strong data-start=\"695\" data-end=\"714\">Rinkin\u012f sudaro:<\/strong><\/p>\n<ul data-start=\"715\" data-end=\"844\">\n<li class=\"\" data-start=\"715\" data-end=\"756\">\n<p class=\"\" data-start=\"717\" data-end=\"756\"><span class=\"relative -mx-px my-[-0.2rem] rounded px-px py-[0.2rem] transition-colors duration-100 ease-in-out\"><strong data-start=\"0\" data-end=\"19\" data-is-only-node=\"\">Sukalming Serum<\/strong> (30 ml)<\/span><\/p>\n<\/li>\n<li class=\"\" data-start=\"757\" data-end=\"844\">\n<p class=\"\" data-start=\"759\" data-end=\"844\"><span class=\"relative -mx-px my-[-0.2rem] rounded px-px py-[0.2rem] transition-colors duration-100 ease-in-out\"><strong data-start=\"0\" data-end=\"19\" data-is-only-node=\"\">Sukalming Cream<\/strong> (30 ml)<\/span>\u200b<\/p>\n<\/li>\n<\/ul>\n<p class=\"\" data-start=\"846\" data-end=\"856\"><strong data-start=\"846\" data-end=\"856\">Tinka:<\/strong><\/p>\n<ul data-start=\"857\" data-end=\"1028\">\n<li class=\"\" data-start=\"857\" data-end=\"898\">\n<p class=\"\" data-start=\"859\" data-end=\"898\"><span class=\"relative -mx-px my-[-0.2rem] rounded px-px py-[0.2rem] transition-colors duration-100 ease-in-out\">Odos prie\u017ei\u016brai po kosmetini\u0173 proced\u016br\u0173<\/span><\/p>\n<\/li>\n<li class=\"\" data-start=\"899\" data-end=\"940\">\n<p class=\"\" data-start=\"901\" data-end=\"940\"><span class=\"relative -mx-px my-[-0.2rem] rounded px-px py-[0.2rem] transition-colors duration-100 ease-in-out\">Pa\u017eeistai, sudirgusiai ir jautriai odai<\/span><\/p>\n<\/li>\n<li class=\"\" data-start=\"941\" data-end=\"1028\">\n<p class=\"\" data-start=\"943\" data-end=\"1028\"><span class=\"relative -mx-px my-[-0.2rem] rounded px-px py-[0.2rem] transition-colors duration-100 ease-in-out\">Odos atstatymui ir gijimui<\/span><\/p>\n<\/li>\n<\/ul>\n","protected":false},"excerpt":{"rendered":"<p>Odos atstatymo ir raminimo rinkinys<\/p>","protected":false},"featured_media":6718,"comment_status":"open","ping_status":"closed","template":"","meta":[],"product_cat":[200,188,107,129],"product_tag":[],"class_list":{"0":"post-6717","1":"product","2":"type-product","3":"status-publish","4":"has-post-thumbnail","6":"product_cat-dovanos","7":"product_cat-rinkiniai","8":"product_cat-serumai","9":"product_cat-veido-kremai","10":"pa_brands-oxygenceuticals","12":"first","13":"instock","14":"taxable","15":"shipping-taxable","16":"purchasable","17":"product-type-simple"},"_links":{"self":[{"href":"https:\/\/miamedic.lt\/en\/wp-json\/wp\/v2\/product\/6717","targetHints":{"allow":["GET"]}}],"collection":[{"href":"https:\/\/miamedic.lt\/en\/wp-json\/wp\/v2\/product"}],"about":[{"href":"https:\/\/miamedic.lt\/en\/wp-json\/wp\/v2\/types\/product"}],"replies":[{"embeddable":true,"href":"https:\/\/miamedic.lt\/en\/wp-json\/wp\/v2\/comments?post=6717"}],"version-history":[{"count":2,"href":"https:\/\/miamedic.lt\/en\/wp-json\/wp\/v2\/product\/6717\/revisions"}],"predecessor-version":[{"id":12472,"href":"https:\/\/miamedic.lt\/en\/wp-json\/wp\/v2\/product\/6717\/revisions\/12472"}],"wp:featuredmedia":[{"embeddable":true,"href":"https:\/\/miamedic.lt\/en\/wp-json\/wp\/v2\/media\/6718"}],"wp:attachment":[{"href":"https:\/\/miamedic.lt\/en\/wp-json\/wp\/v2\/media?parent=6717"}],"wp:term":[{"taxonomy":"product_cat","embeddable":true,"href":"https:\/\/miamedic.lt\/en\/wp-json\/wp\/v2\/product_cat?post=6717"},{"taxonomy":"product_tag","embeddable":true,"href":"https:\/\/miamedic.lt\/en\/wp-json\/wp\/v2\/product_tag?post=6717"}],"curies":[{"name":"wp","href":"https:\/\/api.w.org\/{rel}","templated":true}]}}