{"id":6710,"date":"2025-04-28T12:40:11","date_gmt":"2025-04-28T12:40:11","guid":{"rendered":"https:\/\/miamedic.lt\/?post_type=product&#038;p=6710"},"modified":"2025-12-01T00:29:35","modified_gmt":"2025-12-01T00:29:35","slug":"ceutisome-h-trial-kit","status":"publish","type":"product","link":"https:\/\/miamedic.lt\/en\/shop\/ceutisome-h-trial-kit\/","title":{"rendered":"Ceutisome H Trial Kit"},"content":{"rendered":"<p class=\"\" data-start=\"40\" data-end=\"124\"><strong data-start=\"40\" data-end=\"81\">OxygenCeuticals Ceutisome H Trial Kit<\/strong> \u2013 <strong data-start=\"84\" data-end=\"124\">odos dr\u0117kinimo ir atstatymo rinkinys<\/strong><\/p>\n<p class=\"\" data-start=\"126\" data-end=\"245\"><span class=\"relative -mx-px my-[-0.2rem] rounded px-px py-[0.2rem] transition-colors duration-100 ease-in-out\"><strong data-start=\"0\" data-end=\"41\" data-is-only-node=\"\">OxygenCeuticals Ceutisome H Trial Kit<\/strong> \u2013 tai trij\u0173 \u017eingsni\u0173 sistema, sukurta intensyviai dr\u0117kinti ir atkurti saus\u0105 bei dehidratuot\u0105 od\u0105.<\/span> <span class=\"relative -mx-px my-[-0.2rem] rounded px-px py-[0.2rem] transition-colors duration-100 ease-in-out\">\u0160is rinkinys padeda gilinti dr\u0117gm\u0119, stiprina odos elastingum\u0105 ir suteikia sveiko \u0161vyt\u0117jimo.<\/span>\u200b<\/p>\n<p class=\"\" data-start=\"247\" data-end=\"260\"><strong data-start=\"247\" data-end=\"260\">Poveikis:<\/strong><\/p>\n<ul data-start=\"261\" data-end=\"464\">\n<li class=\"\" data-start=\"261\" data-end=\"300\">\n<p class=\"\" data-start=\"263\" data-end=\"300\"><span class=\"relative -mx-px my-[-0.2rem] rounded px-px py-[0.2rem] transition-colors duration-100 ease-in-out\">Intensyviai dr\u0117kina ir atkuria odos dr\u0117gm\u0117s balans\u0105<\/span><\/p>\n<\/li>\n<li class=\"\" data-start=\"301\" data-end=\"340\">\n<p class=\"\" data-start=\"303\" data-end=\"340\"><span class=\"relative -mx-px my-[-0.2rem] rounded px-px py-[0.2rem] transition-colors duration-100 ease-in-out\">Pagerina odos elastingum\u0105 ir stangrum\u0105<\/span><\/p>\n<\/li>\n<li class=\"\" data-start=\"341\" data-end=\"380\">\n<p class=\"\" data-start=\"343\" data-end=\"380\"><span class=\"relative -mx-px my-[-0.2rem] rounded px-px py-[0.2rem] transition-colors duration-100 ease-in-out\">Suma\u017eina smulkias rauk\u0161les ir u\u017ekerta keli\u0105 nauj\u0173 atsiradimui<\/span><\/p>\n<\/li>\n<li class=\"\" data-start=\"381\" data-end=\"464\">\n<p class=\"\" data-start=\"383\" data-end=\"464\"><span class=\"relative -mx-px my-[-0.2rem] rounded px-px py-[0.2rem] transition-colors duration-100 ease-in-out\">Suteikia odai \u0161vyt\u0117jimo ir sveikos i\u0161vaizdos<\/span>\u200b<\/p>\n<\/li>\n<\/ul>\n<p class=\"\" data-start=\"466\" data-end=\"481\"><strong data-start=\"466\" data-end=\"481\">Naudojimas:<\/strong><\/p>\n<ol data-start=\"482\" data-end=\"654\">\n<li class=\"\" data-start=\"482\" data-end=\"522\">\n<p class=\"\" data-start=\"485\" data-end=\"522\"><span class=\"relative -mx-px my-[-0.2rem] rounded px-px py-[0.2rem] transition-colors duration-100 ease-in-out\">Po odos valymo ir tonizavimo u\u017etepkite <strong data-start=\"39\" data-end=\"66\">Hyaluronic Acid Ampoule<\/strong> ant veido ir \u0161velniai \u012ftap\u0161nokite, kad \u012fsiskverbt\u0173.<\/span><\/p>\n<\/li>\n<li class=\"\" data-start=\"523\" data-end=\"565\">\n<p class=\"\" data-start=\"526\" data-end=\"565\"><span class=\"relative -mx-px my-[-0.2rem] rounded px-px py-[0.2rem] transition-colors duration-100 ease-in-out\">Sumai\u0161ykite <strong data-start=\"12\" data-end=\"25\">H-Booster<\/strong> su <strong data-start=\"29\" data-end=\"55\">Ceutisome Stem Formula<\/strong> ir u\u017etepkite ant veido, \u0161velniai \u012fmasa\u017euokite, kad pagerintum\u0117te veikli\u0173j\u0173 med\u017eiag\u0173 \u012fsiskverbim\u0105.<\/span><\/p>\n<\/li>\n<li class=\"\" data-start=\"566\" data-end=\"654\">\n<p class=\"\" data-start=\"569\" data-end=\"654\"><span class=\"relative -mx-px my-[-0.2rem] rounded px-px py-[0.2rem] transition-colors duration-100 ease-in-out\">U\u017ebaikite proced\u016br\u0105 su <strong data-start=\"23\" data-end=\"49\">Ceutisome Stem Formula<\/strong>: paskirstykite nedidel\u012f kiek\u012f ant veido ir kaklo, \u0161velniai \u012fmasa\u017euokite, kad u\u017erakintum\u0117te dr\u0117gm\u0119 ir apsaugotum\u0117te od\u0105.<\/span>\u200b<\/p>\n<\/li>\n<\/ol>\n<p class=\"\" data-start=\"656\" data-end=\"675\"><strong data-start=\"656\" data-end=\"675\">Rinkin\u012f sudaro:<\/strong><\/p>\n<ul data-start=\"676\" data-end=\"847\">\n<li class=\"\" data-start=\"676\" data-end=\"717\">\n<p class=\"\" data-start=\"678\" data-end=\"717\"><span class=\"relative -mx-px my-[-0.2rem] rounded px-px py-[0.2rem] transition-colors duration-100 ease-in-out\"><strong data-start=\"0\" data-end=\"27\" data-is-only-node=\"\">Hyaluronic Acid Ampoule<\/strong> (5 ml)<\/span><\/p>\n<\/li>\n<li class=\"\" data-start=\"718\" data-end=\"759\">\n<p class=\"\" data-start=\"720\" data-end=\"759\"><span class=\"relative -mx-px my-[-0.2rem] rounded px-px py-[0.2rem] transition-colors duration-100 ease-in-out\"><strong data-start=\"0\" data-end=\"13\" data-is-only-node=\"\">H-Booster<\/strong> (2,5 ml)<\/span><\/p>\n<\/li>\n<li class=\"\" data-start=\"760\" data-end=\"847\">\n<p class=\"\" data-start=\"762\" data-end=\"847\"><span class=\"relative -mx-px my-[-0.2rem] rounded px-px py-[0.2rem] transition-colors duration-100 ease-in-out\"><strong data-start=\"0\" data-end=\"26\" data-is-only-node=\"\">Ceutisome Stem Formula<\/strong> (4 g)<\/span>\u200b<\/p>\n<\/li>\n<\/ul>\n<p class=\"\" data-start=\"849\" data-end=\"859\"><strong data-start=\"849\" data-end=\"859\">Tinka:<\/strong><\/p>\n<ul data-start=\"860\" data-end=\"1031\">\n<li class=\"\" data-start=\"860\" data-end=\"901\">\n<p class=\"\" data-start=\"862\" data-end=\"901\"><span class=\"relative -mx-px my-[-0.2rem] rounded px-px py-[0.2rem] transition-colors duration-100 ease-in-out\">Sausai, dehidratuotai ir brand\u017eiai odai<\/span><\/p>\n<\/li>\n<li class=\"\" data-start=\"902\" data-end=\"943\">\n<p class=\"\" data-start=\"904\" data-end=\"943\"><span class=\"relative -mx-px my-[-0.2rem] rounded px-px py-[0.2rem] transition-colors duration-100 ease-in-out\">Odai, kuriai reikia intensyvios dr\u0117kinimo ir atk\u016brimo prie\u017ei\u016bros<\/span><\/p>\n<\/li>\n<li class=\"\" data-start=\"944\" data-end=\"1031\">\n<p class=\"\" data-start=\"946\" data-end=\"1031\"><span class=\"relative -mx-px my-[-0.2rem] rounded px-px py-[0.2rem] transition-colors duration-100 ease-in-out\">Odai, kuriems reikia elastingumo ir \u0161vyt\u0117jimo<\/span><\/p>\n<\/li>\n<\/ul>\n","protected":false},"excerpt":{"rendered":"<p>Odos dr\u0117kinimo ir atstatymo rinkinys<\/p>","protected":false},"featured_media":6711,"comment_status":"open","ping_status":"closed","template":"","meta":[],"product_cat":[187,188],"product_tag":[],"class_list":{"0":"post-6710","1":"product","2":"type-product","3":"status-publish","4":"has-post-thumbnail","6":"product_cat-ampules","7":"product_cat-rinkiniai","8":"pa_brands-oxygenceuticals","10":"first","11":"instock","12":"taxable","13":"shipping-taxable","14":"purchasable","15":"product-type-simple"},"_links":{"self":[{"href":"https:\/\/miamedic.lt\/en\/wp-json\/wp\/v2\/product\/6710","targetHints":{"allow":["GET"]}}],"collection":[{"href":"https:\/\/miamedic.lt\/en\/wp-json\/wp\/v2\/product"}],"about":[{"href":"https:\/\/miamedic.lt\/en\/wp-json\/wp\/v2\/types\/product"}],"replies":[{"embeddable":true,"href":"https:\/\/miamedic.lt\/en\/wp-json\/wp\/v2\/comments?post=6710"}],"version-history":[{"count":2,"href":"https:\/\/miamedic.lt\/en\/wp-json\/wp\/v2\/product\/6710\/revisions"}],"predecessor-version":[{"id":12473,"href":"https:\/\/miamedic.lt\/en\/wp-json\/wp\/v2\/product\/6710\/revisions\/12473"}],"wp:featuredmedia":[{"embeddable":true,"href":"https:\/\/miamedic.lt\/en\/wp-json\/wp\/v2\/media\/6711"}],"wp:attachment":[{"href":"https:\/\/miamedic.lt\/en\/wp-json\/wp\/v2\/media?parent=6710"}],"wp:term":[{"taxonomy":"product_cat","embeddable":true,"href":"https:\/\/miamedic.lt\/en\/wp-json\/wp\/v2\/product_cat?post=6710"},{"taxonomy":"product_tag","embeddable":true,"href":"https:\/\/miamedic.lt\/en\/wp-json\/wp\/v2\/product_tag?post=6710"}],"curies":[{"name":"wp","href":"https:\/\/api.w.org\/{rel}","templated":true}]}}