{"id":6696,"date":"2025-04-28T12:35:22","date_gmt":"2025-04-28T12:35:22","guid":{"rendered":"https:\/\/miamedic.lt\/?post_type=product&#038;p=6696"},"modified":"2025-12-01T00:29:35","modified_gmt":"2025-12-01T00:29:35","slug":"ceutisome-o-trial-kit","status":"publish","type":"product","link":"https:\/\/miamedic.lt\/en\/shop\/ceutisome-o-trial-kit\/","title":{"rendered":"Ceutisome O Trial Kit"},"content":{"rendered":"<p class=\"\" data-start=\"0\" data-end=\"87\"><strong data-start=\"0\" data-end=\"41\">OxygenCeuticals Ceutisome O Trial Kit<\/strong> \u2013 <strong data-start=\"44\" data-end=\"87\">odos atsinaujinimo ir apsaugos rinkinys<\/strong><\/p>\n<p class=\"\" data-start=\"89\" data-end=\"391\"><strong data-start=\"89\" data-end=\"130\">OxygenCeuticals Ceutisome O Trial Kit<\/strong> \u2013 tai trij\u0173 \u017eingsni\u0173 sistema, skirta riebiai, spuoguotai ir probleminei odai. Sujungus <strong data-start=\"218\" data-end=\"237\">Oilycom Ampoule<\/strong>, <strong data-start=\"239\" data-end=\"252\">O-Booster<\/strong> ir <strong data-start=\"256\" data-end=\"282\">Ceutisome Stem Formula<\/strong>, \u0161is rinkinys padeda nuraminti od\u0105, stiprina nat\u016bral\u0173 barjer\u0105 ir suteikia sveikesn\u0119 bei spindin\u010di\u0105 i\u0161vaizd\u0105.<\/p>\n<p class=\"\" data-start=\"393\" data-end=\"406\"><strong data-start=\"393\" data-end=\"406\">Effect:<\/strong><\/p>\n<ul data-start=\"407\" data-end=\"580\">\n<li class=\"\" data-start=\"407\" data-end=\"460\">\n<p class=\"\" data-start=\"409\" data-end=\"460\">Ramina ir atstato riebios bei spuoguotos odos b\u016bkl\u0119<\/p>\n<\/li>\n<li class=\"\" data-start=\"461\" data-end=\"493\">\n<p class=\"\" data-start=\"463\" data-end=\"493\">Stiprina nat\u016bral\u0173 odos barjer\u0105<\/p>\n<\/li>\n<li class=\"\" data-start=\"494\" data-end=\"532\">\n<p class=\"\" data-start=\"496\" data-end=\"532\">Skatina odos atsinaujinim\u0105 ir gijim\u0105<\/p>\n<\/li>\n<li class=\"\" data-start=\"533\" data-end=\"580\">\n<p class=\"\" data-start=\"535\" data-end=\"580\">Suteikia odai sveiko \u0161vyt\u0117jimo ir elastingumo<\/p>\n<\/li>\n<\/ul>\n<p class=\"\" data-start=\"582\" data-end=\"597\"><strong data-start=\"582\" data-end=\"597\">Usage:<\/strong><\/p>\n<ol data-start=\"598\" data-end=\"1041\">\n<li class=\"\" data-start=\"598\" data-end=\"711\">\n<p class=\"\" data-start=\"601\" data-end=\"711\">Po odos valymo ir tonizavimo u\u017etepkite <strong data-start=\"640\" data-end=\"659\">Oilycom Ampoule<\/strong> ant veido ir \u0161velniai \u012ftap\u0161nokite, kad \u012fsiskverbt\u0173.<\/p>\n<\/li>\n<li class=\"\" data-start=\"712\" data-end=\"868\">\n<p class=\"\" data-start=\"715\" data-end=\"868\">Sumai\u0161ykite <strong data-start=\"727\" data-end=\"740\">O-Booster<\/strong> su <strong data-start=\"744\" data-end=\"770\">Ceutisome Stem Formula<\/strong> ir u\u017etepkite ant veido, \u0161velniai \u012fmasa\u017euokite, kad pagerintum\u0117te veikli\u0173j\u0173 med\u017eiag\u0173 \u012fsiskverbim\u0105.<\/p>\n<\/li>\n<li class=\"\" data-start=\"869\" data-end=\"1041\">\n<p class=\"\" data-start=\"872\" data-end=\"1041\">U\u017ebaikite proced\u016br\u0105 su <strong data-start=\"895\" data-end=\"921\">Ceutisome Stem Formula<\/strong>: paskirstykite nedidel\u012f kiek\u012f ant veido ir kaklo, \u0161velniai \u012fmasa\u017euokite, kad u\u017erakintum\u0117te dr\u0117gm\u0119 ir apsaugotum\u0117te od\u0105.<\/p>\n<\/li>\n<\/ol>\n<p class=\"\" data-start=\"1043\" data-end=\"1062\"><strong data-start=\"1043\" data-end=\"1062\">Rinkin\u012f sudaro:<\/strong><\/p>\n<ul data-start=\"1063\" data-end=\"1151\">\n<li class=\"\" data-start=\"1063\" data-end=\"1091\">\n<p class=\"\" data-start=\"1065\" data-end=\"1091\"><strong data-start=\"1065\" data-end=\"1084\">Oilycom Ampoule<\/strong> (5 ml)<\/p>\n<\/li>\n<li class=\"\" data-start=\"1092\" data-end=\"1116\">\n<p class=\"\" data-start=\"1094\" data-end=\"1116\"><strong data-start=\"1094\" data-end=\"1107\">O-Booster<\/strong> (2,5 ml)<\/p>\n<\/li>\n<li class=\"\" data-start=\"1117\" data-end=\"1151\">\n<p class=\"\" data-start=\"1119\" data-end=\"1151\"><strong data-start=\"1119\" data-end=\"1145\">Ceutisome Stem Formula<\/strong> (4 g)<\/p>\n<\/li>\n<\/ul>\n<p class=\"\" data-start=\"1153\" data-end=\"1163\"><strong data-start=\"1153\" data-end=\"1163\">Tinka:<\/strong><\/p>\n<ul data-start=\"1164\" data-end=\"1317\">\n<li class=\"\" data-start=\"1164\" data-end=\"1205\">\n<p class=\"\" data-start=\"1166\" data-end=\"1205\">Riebiai, spuoguotai ir probleminei odai<\/p>\n<\/li>\n<li class=\"\" data-start=\"1206\" data-end=\"1264\">\n<p class=\"\" data-start=\"1208\" data-end=\"1264\">Odai, kuriems reikia intensyvios prie\u017ei\u016bros ir atstatymo<\/p>\n<\/li>\n<li class=\"\" data-start=\"1265\" data-end=\"1317\">\n<p class=\"\" data-start=\"1267\" data-end=\"1317\">Odai, kuriems reikia nat\u016bralaus barjero stiprinimo<\/p>\n<\/li>\n<\/ul>","protected":false},"excerpt":{"rendered":"<p>Odos atsinaujinimo ir apsaugos rinkinys<\/p>","protected":false},"featured_media":6697,"comment_status":"open","ping_status":"closed","template":"","meta":[],"product_cat":[187,188],"product_tag":[],"class_list":{"0":"post-6696","1":"product","2":"type-product","3":"status-publish","4":"has-post-thumbnail","6":"product_cat-ampules","7":"product_cat-rinkiniai","8":"pa_brands-oxygenceuticals","10":"first","11":"instock","12":"taxable","13":"shipping-taxable","14":"purchasable","15":"product-type-simple"},"_links":{"self":[{"href":"https:\/\/miamedic.lt\/en\/wp-json\/wp\/v2\/product\/6696","targetHints":{"allow":["GET"]}}],"collection":[{"href":"https:\/\/miamedic.lt\/en\/wp-json\/wp\/v2\/product"}],"about":[{"href":"https:\/\/miamedic.lt\/en\/wp-json\/wp\/v2\/types\/product"}],"replies":[{"embeddable":true,"href":"https:\/\/miamedic.lt\/en\/wp-json\/wp\/v2\/comments?post=6696"}],"version-history":[{"count":2,"href":"https:\/\/miamedic.lt\/en\/wp-json\/wp\/v2\/product\/6696\/revisions"}],"predecessor-version":[{"id":12474,"href":"https:\/\/miamedic.lt\/en\/wp-json\/wp\/v2\/product\/6696\/revisions\/12474"}],"wp:featuredmedia":[{"embeddable":true,"href":"https:\/\/miamedic.lt\/en\/wp-json\/wp\/v2\/media\/6697"}],"wp:attachment":[{"href":"https:\/\/miamedic.lt\/en\/wp-json\/wp\/v2\/media?parent=6696"}],"wp:term":[{"taxonomy":"product_cat","embeddable":true,"href":"https:\/\/miamedic.lt\/en\/wp-json\/wp\/v2\/product_cat?post=6696"},{"taxonomy":"product_tag","embeddable":true,"href":"https:\/\/miamedic.lt\/en\/wp-json\/wp\/v2\/product_tag?post=6696"}],"curies":[{"name":"wp","href":"https:\/\/api.w.org\/{rel}","templated":true}]}}