{"id":6693,"date":"2025-04-28T12:32:58","date_gmt":"2025-04-28T12:32:58","guid":{"rendered":"https:\/\/miamedic.lt\/?post_type=product&#038;p=6693"},"modified":"2025-12-01T00:29:35","modified_gmt":"2025-12-01T00:29:35","slug":"ceutisome-w-trial-kit","status":"publish","type":"product","link":"https:\/\/miamedic.lt\/en\/shop\/ceutisome-w-trial-kit\/","title":{"rendered":"Ceutisome W Trial Kit"},"content":{"rendered":"<p class=\"\" data-start=\"0\" data-end=\"86\"><strong data-start=\"0\" data-end=\"41\">OxygenCeuticals Ceutisome W Trial Kit<\/strong> \u2013 <strong data-start=\"44\" data-end=\"86\">odos stangrumo ir elastingumo rinkinys<\/strong><\/p>\n<p class=\"\" data-start=\"88\" data-end=\"400\"><strong data-start=\"88\" data-end=\"129\">OxygenCeuticals Ceutisome W Trial Kit<\/strong> \u2013 tai trij\u0173 \u017eingsni\u0173 sistema, sukurta kovoti su rauk\u0161l\u0117mis ir odos suglebimu. \u0160is rinkinys, praturtintas adenosinu, EGF 7 kompleksu ir deguonies ne\u0161ikliu Ceutisome, padeda pagerinti odos elastingum\u0105, skatinti l\u0105steli\u0173 atsinaujinim\u0105 ir suteikti odai jaunatvi\u0161k\u0105 i\u0161vaizd\u0105.<\/p>\n<p class=\"\" data-start=\"402\" data-end=\"415\"><strong data-start=\"402\" data-end=\"415\">Effect:<\/strong><\/p>\n<ul data-start=\"416\" data-end=\"657\">\n<li class=\"\" data-start=\"416\" data-end=\"479\">\n<p class=\"\" data-start=\"418\" data-end=\"479\">Suma\u017eina smulkias rauk\u0161les ir u\u017ekerta keli\u0105 nauj\u0173 atsiradimui<\/p>\n<\/li>\n<li class=\"\" data-start=\"480\" data-end=\"520\">\n<p class=\"\" data-start=\"482\" data-end=\"520\">Pagerina odos elastingum\u0105 ir stangrum\u0105<\/p>\n<\/li>\n<li class=\"\" data-start=\"521\" data-end=\"574\">\n<p class=\"\" data-start=\"523\" data-end=\"574\">Skatina l\u0105steli\u0173 atsinaujinim\u0105 ir odos regeneracij\u0105<\/p>\n<\/li>\n<li class=\"\" data-start=\"575\" data-end=\"621\">\n<p class=\"\" data-start=\"577\" data-end=\"621\">I\u0161lygina odos tekst\u016br\u0105 ir suteikia \u0161vyt\u0117jimo<\/p>\n<\/li>\n<li class=\"\" data-start=\"622\" data-end=\"657\">\n<p class=\"\" data-start=\"624\" data-end=\"657\">Apsaugo od\u0105 nuo aplinkos poveikio<\/p>\n<\/li>\n<\/ul>\n<p class=\"\" data-start=\"659\" data-end=\"674\"><strong data-start=\"659\" data-end=\"674\">Usage:<\/strong><\/p>\n<ol data-start=\"675\" data-end=\"1086\">\n<li class=\"\" data-start=\"675\" data-end=\"795\">\n<p class=\"\" data-start=\"678\" data-end=\"795\">Po odos valymo ir tonizavimo u\u017etepkite <strong data-start=\"717\" data-end=\"743\">Wrinkle Effect Ampoule<\/strong> ant veido ir \u0161velniai \u012ftap\u0161nokite, kad \u012fsiskverbt\u0173.<\/p>\n<\/li>\n<li class=\"\" data-start=\"796\" data-end=\"913\">\n<p class=\"\" data-start=\"799\" data-end=\"913\">Tepkite <strong data-start=\"807\" data-end=\"820\">W-Booster<\/strong> ant veido ir kaklo, lengvai \u012fmasa\u017euokite, kad pagerintum\u0117te veikli\u0173j\u0173 med\u017eiag\u0173 \u012fsiskverbim\u0105.<\/p>\n<\/li>\n<li class=\"\" data-start=\"914\" data-end=\"1086\">\n<p class=\"\" data-start=\"917\" data-end=\"1086\">U\u017ebaikite proced\u016br\u0105 su <strong data-start=\"940\" data-end=\"966\">Ceutisome Stem Formula<\/strong>: paskirstykite nedidel\u012f kiek\u012f ant veido ir kaklo, \u0161velniai \u012fmasa\u017euokite, kad u\u017erakintum\u0117te dr\u0117gm\u0119 ir apsaugotum\u0117te od\u0105.<\/p>\n<\/li>\n<\/ol>\n<p class=\"\" data-start=\"1088\" data-end=\"1107\"><strong data-start=\"1088\" data-end=\"1107\">Rinkin\u012f sudaro:<\/strong><\/p>\n<ul data-start=\"1108\" data-end=\"1201\">\n<li class=\"\" data-start=\"1108\" data-end=\"1142\">\n<p class=\"\" data-start=\"1110\" data-end=\"1142\"><strong data-start=\"1110\" data-end=\"1136\">Wrinkle Effect Ampoule<\/strong> (5 g)<\/p>\n<\/li>\n<li class=\"\" data-start=\"1143\" data-end=\"1166\">\n<p class=\"\" data-start=\"1145\" data-end=\"1166\"><strong data-start=\"1145\" data-end=\"1158\">W-Booster<\/strong> (2,5 g)<\/p>\n<\/li>\n<li class=\"\" data-start=\"1167\" data-end=\"1201\">\n<p class=\"\" data-start=\"1169\" data-end=\"1201\"><strong data-start=\"1169\" data-end=\"1195\">Ceutisome Stem Formula<\/strong> (4 g)<\/p>\n<\/li>\n<\/ul>","protected":false},"excerpt":{"rendered":"<p>Odos stangrumo ir elastingumo rinkinys<\/p>","protected":false},"featured_media":6694,"comment_status":"open","ping_status":"closed","template":"","meta":[],"product_cat":[187,188],"product_tag":[],"class_list":{"0":"post-6693","1":"product","2":"type-product","3":"status-publish","4":"has-post-thumbnail","6":"product_cat-ampules","7":"product_cat-rinkiniai","8":"pa_brands-oxygenceuticals","10":"first","11":"instock","12":"taxable","13":"shipping-taxable","14":"purchasable","15":"product-type-simple"},"_links":{"self":[{"href":"https:\/\/miamedic.lt\/en\/wp-json\/wp\/v2\/product\/6693","targetHints":{"allow":["GET"]}}],"collection":[{"href":"https:\/\/miamedic.lt\/en\/wp-json\/wp\/v2\/product"}],"about":[{"href":"https:\/\/miamedic.lt\/en\/wp-json\/wp\/v2\/types\/product"}],"replies":[{"embeddable":true,"href":"https:\/\/miamedic.lt\/en\/wp-json\/wp\/v2\/comments?post=6693"}],"version-history":[{"count":3,"href":"https:\/\/miamedic.lt\/en\/wp-json\/wp\/v2\/product\/6693\/revisions"}],"predecessor-version":[{"id":12475,"href":"https:\/\/miamedic.lt\/en\/wp-json\/wp\/v2\/product\/6693\/revisions\/12475"}],"wp:featuredmedia":[{"embeddable":true,"href":"https:\/\/miamedic.lt\/en\/wp-json\/wp\/v2\/media\/6694"}],"wp:attachment":[{"href":"https:\/\/miamedic.lt\/en\/wp-json\/wp\/v2\/media?parent=6693"}],"wp:term":[{"taxonomy":"product_cat","embeddable":true,"href":"https:\/\/miamedic.lt\/en\/wp-json\/wp\/v2\/product_cat?post=6693"},{"taxonomy":"product_tag","embeddable":true,"href":"https:\/\/miamedic.lt\/en\/wp-json\/wp\/v2\/product_tag?post=6693"}],"curies":[{"name":"wp","href":"https:\/\/api.w.org\/{rel}","templated":true}]}}