{"id":6690,"date":"2025-04-28T12:32:27","date_gmt":"2025-04-28T12:32:27","guid":{"rendered":"https:\/\/miamedic.lt\/?post_type=product&#038;p=6690"},"modified":"2025-12-01T00:29:36","modified_gmt":"2025-12-01T00:29:36","slug":"ceutisome-p-trial-kit","status":"publish","type":"product","link":"https:\/\/miamedic.lt\/en\/shop\/ceutisome-p-trial-kit\/","title":{"rendered":"Ceutisome P Trial Kit"},"content":{"rendered":"<p class=\"\" data-start=\"0\" data-end=\"82\"><strong data-start=\"0\" data-end=\"41\">OxygenCeuticals Ceutisome P Trial Kit<\/strong> \u2013 <strong data-start=\"44\" data-end=\"82\">odos \u0161vyt\u0117jimo ir \u0161varumo rinkinys<\/strong><\/p>\n<p class=\"\" data-start=\"84\" data-end=\"389\"><strong data-start=\"84\" data-end=\"125\">OxygenCeuticals Ceutisome P Trial Kit<\/strong> \u2013 tai trij\u0173 \u017eingsni\u0173 rinkinys, sukurtas odos \u0161vyt\u0117jimui, tolygiam tonui ir \u0161varumui. Sujungus <strong data-start=\"220\" data-end=\"245\">Hyper Pigment Ampoule<\/strong>, <strong data-start=\"247\" data-end=\"260\">P-Booster<\/strong> ir <strong data-start=\"264\" data-end=\"290\">Ceutisome Stem Formula<\/strong>, \u0161is rinkinys padeda suma\u017einti pigmentacij\u0105, i\u0161lygina odos ton\u0105 ir suteikia jaunatvi\u0161ko spindesio.<\/p>\n<p class=\"\" data-start=\"391\" data-end=\"404\"><strong data-start=\"391\" data-end=\"404\">Effect:<\/strong><\/p>\n<ul data-start=\"405\" data-end=\"596\">\n<li class=\"\" data-start=\"405\" data-end=\"454\">\n<p class=\"\" data-start=\"407\" data-end=\"454\">Suma\u017eina melanino gamyb\u0105 ir ma\u017eina pigmentacij\u0105<\/p>\n<\/li>\n<li class=\"\" data-start=\"455\" data-end=\"487\">\n<p class=\"\" data-start=\"457\" data-end=\"487\">I\u0161lygina odos ton\u0105 ir tekst\u016br\u0105<\/p>\n<\/li>\n<li class=\"\" data-start=\"488\" data-end=\"539\">\n<p class=\"\" data-start=\"490\" data-end=\"539\">Suteikia odai \u0161vyt\u0117jimo ir jaunatvi\u0161kos i\u0161vaizdos<\/p>\n<\/li>\n<li class=\"\" data-start=\"540\" data-end=\"596\">\n<p class=\"\" data-start=\"542\" data-end=\"596\">Apsaugo od\u0105 nuo laisv\u0173j\u0173 radikal\u0173 ir aplinkos poveikio<\/p>\n<\/li>\n<\/ul>\n<p class=\"\" data-start=\"598\" data-end=\"613\"><strong data-start=\"598\" data-end=\"613\">Usage:<\/strong><\/p>\n<ol data-start=\"614\" data-end=\"1024\">\n<li class=\"\" data-start=\"614\" data-end=\"733\">\n<p class=\"\" data-start=\"617\" data-end=\"733\">Po odos valymo ir tonizavimo u\u017etepkite <strong data-start=\"656\" data-end=\"681\">Hyper Pigment Ampoule<\/strong> ant veido ir \u0161velniai \u012ftap\u0161nokite, kad \u012fsiskverbt\u0173.<\/p>\n<\/li>\n<li class=\"\" data-start=\"734\" data-end=\"851\">\n<p class=\"\" data-start=\"737\" data-end=\"851\">Tepkite <strong data-start=\"745\" data-end=\"758\">P-Booster<\/strong> ant veido ir kaklo, lengvai \u012fmasa\u017euokite, kad pagerintum\u0117te veikli\u0173j\u0173 med\u017eiag\u0173 \u012fsiskverbim\u0105.<\/p>\n<\/li>\n<li class=\"\" data-start=\"852\" data-end=\"1024\">\n<p class=\"\" data-start=\"855\" data-end=\"1024\">U\u017ebaikite proced\u016br\u0105 su <strong data-start=\"878\" data-end=\"904\">Ceutisome Stem Formula<\/strong>: paskirstykite nedidel\u012f kiek\u012f ant veido ir kaklo, \u0161velniai \u012fmasa\u017euokite, kad u\u017erakintum\u0117te dr\u0117gm\u0119 ir apsaugotum\u0117te od\u0105.<\/p>\n<\/li>\n<\/ol>\n<p class=\"\" data-start=\"1026\" data-end=\"1045\"><strong data-start=\"1026\" data-end=\"1045\">Rinkin\u012f sudaro:<\/strong><\/p>\n<ul data-start=\"1046\" data-end=\"1140\">\n<li class=\"\" data-start=\"1046\" data-end=\"1080\">\n<p class=\"\" data-start=\"1048\" data-end=\"1080\"><strong data-start=\"1048\" data-end=\"1073\">Hyper Pigment Ampoule<\/strong> (5 ml)<\/p>\n<\/li>\n<li class=\"\" data-start=\"1081\" data-end=\"1105\">\n<p class=\"\" data-start=\"1083\" data-end=\"1105\"><strong data-start=\"1083\" data-end=\"1096\">P-Booster<\/strong> (2,5 ml)<\/p>\n<\/li>\n<li class=\"\" data-start=\"1106\" data-end=\"1140\">\n<p class=\"\" data-start=\"1108\" data-end=\"1140\"><strong data-start=\"1108\" data-end=\"1134\">Ceutisome Stem Formula<\/strong> (4 g)<\/p>\n<\/li>\n<\/ul>\n<p class=\"\" data-start=\"1142\" data-end=\"1152\"><strong data-start=\"1142\" data-end=\"1152\">Tinka:<\/strong><\/p>\n<ul data-start=\"1153\" data-end=\"1266\">\n<li class=\"\" data-start=\"1153\" data-end=\"1193\">\n<p class=\"\" data-start=\"1155\" data-end=\"1193\">Odai su netolygiu tonu ir pigmentacija<\/p>\n<\/li>\n<li class=\"\" data-start=\"1194\" data-end=\"1220\">\n<p class=\"\" data-start=\"1196\" data-end=\"1220\">Dulsai, pavargusiai odai<\/p>\n<\/li>\n<li class=\"\" data-start=\"1221\" data-end=\"1266\">\n<p class=\"\" data-start=\"1223\" data-end=\"1266\">Odai, kuriems reikia \u0161vyt\u0117jimo ir spindesio<\/p>\n<\/li>\n<\/ul>","protected":false},"excerpt":{"rendered":"<p>Odos \u0161vyt\u0117jimo ir \u0161varumo rinkinys<\/p>","protected":false},"featured_media":6691,"comment_status":"open","ping_status":"closed","template":"","meta":[],"product_cat":[187,188],"product_tag":[],"class_list":{"0":"post-6690","1":"product","2":"type-product","3":"status-publish","4":"has-post-thumbnail","6":"product_cat-ampules","7":"product_cat-rinkiniai","8":"pa_brands-oxygenceuticals","10":"first","11":"instock","12":"taxable","13":"shipping-taxable","14":"purchasable","15":"product-type-simple"},"_links":{"self":[{"href":"https:\/\/miamedic.lt\/en\/wp-json\/wp\/v2\/product\/6690","targetHints":{"allow":["GET"]}}],"collection":[{"href":"https:\/\/miamedic.lt\/en\/wp-json\/wp\/v2\/product"}],"about":[{"href":"https:\/\/miamedic.lt\/en\/wp-json\/wp\/v2\/types\/product"}],"replies":[{"embeddable":true,"href":"https:\/\/miamedic.lt\/en\/wp-json\/wp\/v2\/comments?post=6690"}],"version-history":[{"count":2,"href":"https:\/\/miamedic.lt\/en\/wp-json\/wp\/v2\/product\/6690\/revisions"}],"predecessor-version":[{"id":12476,"href":"https:\/\/miamedic.lt\/en\/wp-json\/wp\/v2\/product\/6690\/revisions\/12476"}],"wp:featuredmedia":[{"embeddable":true,"href":"https:\/\/miamedic.lt\/en\/wp-json\/wp\/v2\/media\/6691"}],"wp:attachment":[{"href":"https:\/\/miamedic.lt\/en\/wp-json\/wp\/v2\/media?parent=6690"}],"wp:term":[{"taxonomy":"product_cat","embeddable":true,"href":"https:\/\/miamedic.lt\/en\/wp-json\/wp\/v2\/product_cat?post=6690"},{"taxonomy":"product_tag","embeddable":true,"href":"https:\/\/miamedic.lt\/en\/wp-json\/wp\/v2\/product_tag?post=6690"}],"curies":[{"name":"wp","href":"https:\/\/api.w.org\/{rel}","templated":true}]}}