{"id":6687,"date":"2025-04-28T12:27:58","date_gmt":"2025-04-28T12:27:58","guid":{"rendered":"https:\/\/miamedic.lt\/?post_type=product&#038;p=6687"},"modified":"2025-12-01T00:29:36","modified_gmt":"2025-12-01T00:29:36","slug":"sos-pp-kit","status":"publish","type":"product","link":"https:\/\/miamedic.lt\/en\/shop\/sos-pp-kit\/","title":{"rendered":"SOS PP Kit"},"content":{"rendered":"<p class=\"\" data-start=\"0\" data-end=\"72\"><strong data-start=\"0\" data-end=\"30\">OxygenCeuticals SOS PP Kit<\/strong> \u2013 <strong data-start=\"33\" data-end=\"72\">odos atk\u016brimo rinkinys po proced\u016br\u0173<\/strong><\/p>\n<p class=\"\" data-start=\"74\" data-end=\"401\"><strong data-start=\"74\" data-end=\"104\">OxygenCeuticals SOS PP Kit<\/strong> \u2013 tai trij\u0173 \u017eingsni\u0173 rinkinys, sukurtas specialiai jautriai, sudirgusiai ir po proced\u016br\u0173 (pvz., lazerio, cheminio \u0161veitimo ar microneedling) odai. \u0160is rinkinys padeda greitai nuraminti, dr\u0117kinti ir atkurti odos komfort\u0105, skatindamas l\u0105steli\u0173 atsinaujinim\u0105 ir u\u017etikrindamas skland\u0173 gijimo proces\u0105.<\/p>\n<p class=\"\" data-start=\"403\" data-end=\"416\"><strong data-start=\"403\" data-end=\"416\">Effect:<\/strong><\/p>\n<ul data-start=\"417\" data-end=\"638\">\n<li class=\"\" data-start=\"417\" data-end=\"452\">\n<p class=\"\" data-start=\"419\" data-end=\"452\">Intensyviai dr\u0117kina ir ramina od\u0105<\/p>\n<\/li>\n<li class=\"\" data-start=\"453\" data-end=\"500\">\n<p class=\"\" data-start=\"455\" data-end=\"500\">Skatina l\u0105steli\u0173 atsinaujinim\u0105 ir odos gijim\u0105<\/p>\n<\/li>\n<li class=\"\" data-start=\"501\" data-end=\"551\">\n<p class=\"\" data-start=\"503\" data-end=\"551\">Suma\u017eina sudirgimus, paraudimus ir odos jautrum\u0105<\/p>\n<\/li>\n<li class=\"\" data-start=\"552\" data-end=\"587\">\n<p class=\"\" data-start=\"554\" data-end=\"587\">Gerina odos elastingum\u0105 ir tonus\u0105<\/p>\n<\/li>\n<li class=\"\" data-start=\"588\" data-end=\"638\">\n<p class=\"\" data-start=\"590\" data-end=\"638\">Apsaugo od\u0105 nuo aplinkos poveikio ir i\u0161saus\u0117jimo<\/p>\n<\/li>\n<\/ul>\n<p class=\"\" data-start=\"640\" data-end=\"655\"><strong data-start=\"640\" data-end=\"655\">Usage:<\/strong><\/p>\n<ol data-start=\"656\" data-end=\"1087\">\n<li class=\"\" data-start=\"656\" data-end=\"822\">\n<p class=\"\" data-start=\"659\" data-end=\"822\"><strong data-start=\"659\" data-end=\"673\">Toning Gel<\/strong>: Po odos valymo u\u017etepkite nedidel\u012f kiek\u012f gelio ant veido ir kaklo, \u0161velniai \u012fmasa\u017euokite, kad nuramintum\u0117te ir paruo\u0161tum\u0117te od\u0105 tolesnei prie\u017ei\u016brai.<\/p>\n<\/li>\n<li class=\"\" data-start=\"823\" data-end=\"959\">\n<p class=\"\" data-start=\"826\" data-end=\"959\"><strong data-start=\"826\" data-end=\"849\">Moisture Aqua Serum<\/strong>: U\u017etepkite serum\u0105 ant veido ir kaklo, lengvai \u012ftap\u0161nokite, kad pagerintum\u0117te dr\u0117kinim\u0105 ir odos atsinaujinim\u0105.<\/p>\n<\/li>\n<li class=\"\" data-start=\"960\" data-end=\"1087\">\n<p class=\"\" data-start=\"963\" data-end=\"1087\"><strong data-start=\"963\" data-end=\"975\">PP Cream<\/strong>: Paskutin\u012f \u017eingsn\u012f u\u017ebaikite u\u017etepdami krem\u0105 ant veido ir kaklo, kad u\u017erakintum\u0117te dr\u0117gm\u0119 ir apsaugotum\u0117te od\u0105.<\/p>\n<\/li>\n<\/ol>\n<p class=\"\" data-start=\"1089\" data-end=\"1108\"><strong data-start=\"1089\" data-end=\"1108\">Rinkin\u012f sudaro:<\/strong><\/p>\n<ul data-start=\"1109\" data-end=\"1190\">\n<li class=\"\" data-start=\"1109\" data-end=\"1133\">\n<p class=\"\" data-start=\"1111\" data-end=\"1133\"><strong data-start=\"1111\" data-end=\"1125\">Toning Gel<\/strong> (50 ml)<\/p>\n<\/li>\n<li class=\"\" data-start=\"1134\" data-end=\"1167\">\n<p class=\"\" data-start=\"1136\" data-end=\"1167\"><strong data-start=\"1136\" data-end=\"1159\">Moisture Aqua Serum<\/strong> (10 ml)<\/p>\n<\/li>\n<li class=\"\" data-start=\"1168\" data-end=\"1190\">\n<p class=\"\" data-start=\"1170\" data-end=\"1190\"><strong data-start=\"1170\" data-end=\"1182\">PP Cream<\/strong> (50 ml)<\/p>\n<\/li>\n<\/ul>\n<p class=\"\" data-start=\"1192\" data-end=\"1202\"><strong data-start=\"1192\" data-end=\"1202\">Tinka:<\/strong><\/p>\n<ul data-start=\"1203\" data-end=\"1382\">\n<li class=\"\" data-start=\"1203\" data-end=\"1247\">\n<p class=\"\" data-start=\"1205\" data-end=\"1247\">Jautriai, sudirgusiai ir po proced\u016br\u0173 odai<\/p>\n<\/li>\n<li class=\"\" data-start=\"1248\" data-end=\"1314\">\n<p class=\"\" data-start=\"1250\" data-end=\"1314\">Odai, kuriai reikia intensyvios dr\u0117kinimo ir atk\u016brimo prie\u017ei\u016bros<\/p>\n<\/li>\n<li class=\"\" data-start=\"1315\" data-end=\"1382\">\n<p class=\"\" data-start=\"1317\" data-end=\"1382\">Odai, kuriems reikia nuraminimo ir apsaugos nuo aplinkos poveikio<\/p>\n<\/li>\n<\/ul>","protected":false},"excerpt":{"rendered":"<p>Odos atk\u016brimo rinkinys po proced\u016br\u0173<\/p>","protected":false},"featured_media":6688,"comment_status":"open","ping_status":"closed","template":"","meta":[],"product_cat":[200,188,107,129],"product_tag":[],"class_list":{"0":"post-6687","1":"product","2":"type-product","3":"status-publish","4":"has-post-thumbnail","6":"product_cat-dovanos","7":"product_cat-rinkiniai","8":"product_cat-serumai","9":"product_cat-veido-kremai","10":"pa_brands-oxygenceuticals","12":"first","13":"instock","14":"taxable","15":"shipping-taxable","16":"purchasable","17":"product-type-simple"},"_links":{"self":[{"href":"https:\/\/miamedic.lt\/en\/wp-json\/wp\/v2\/product\/6687","targetHints":{"allow":["GET"]}}],"collection":[{"href":"https:\/\/miamedic.lt\/en\/wp-json\/wp\/v2\/product"}],"about":[{"href":"https:\/\/miamedic.lt\/en\/wp-json\/wp\/v2\/types\/product"}],"replies":[{"embeddable":true,"href":"https:\/\/miamedic.lt\/en\/wp-json\/wp\/v2\/comments?post=6687"}],"version-history":[{"count":2,"href":"https:\/\/miamedic.lt\/en\/wp-json\/wp\/v2\/product\/6687\/revisions"}],"predecessor-version":[{"id":12477,"href":"https:\/\/miamedic.lt\/en\/wp-json\/wp\/v2\/product\/6687\/revisions\/12477"}],"wp:featuredmedia":[{"embeddable":true,"href":"https:\/\/miamedic.lt\/en\/wp-json\/wp\/v2\/media\/6688"}],"wp:attachment":[{"href":"https:\/\/miamedic.lt\/en\/wp-json\/wp\/v2\/media?parent=6687"}],"wp:term":[{"taxonomy":"product_cat","embeddable":true,"href":"https:\/\/miamedic.lt\/en\/wp-json\/wp\/v2\/product_cat?post=6687"},{"taxonomy":"product_tag","embeddable":true,"href":"https:\/\/miamedic.lt\/en\/wp-json\/wp\/v2\/product_tag?post=6687"}],"curies":[{"name":"wp","href":"https:\/\/api.w.org\/{rel}","templated":true}]}}