{"id":6683,"date":"2025-04-28T12:24:25","date_gmt":"2025-04-28T12:24:25","guid":{"rendered":"https:\/\/miamedic.lt\/?post_type=product&#038;p=6683"},"modified":"2025-12-01T00:29:36","modified_gmt":"2025-12-01T00:29:36","slug":"glutathione-toneup-kit","status":"publish","type":"product","link":"https:\/\/miamedic.lt\/en\/shop\/glutathione-toneup-kit\/","title":{"rendered":"Glutathione ToneUp Kit"},"content":{"rendered":"<p class=\"\" data-start=\"0\" data-end=\"89\"><strong data-start=\"0\" data-end=\"42\">OxygenCeuticals Glutathione ToneUp Kit<\/strong> \u2013 <strong data-start=\"45\" data-end=\"89\">odos \u0161vyt\u0117jimo ir tolygaus tono rinkinys<\/strong><\/p>\n<p class=\"\" data-start=\"91\" data-end=\"403\"><strong data-start=\"91\" data-end=\"133\">OxygenCeuticals Glutathione ToneUp Kit<\/strong> \u2013 tai dviej\u0173 \u017eingsni\u0173 rinkinys, sukurtas odos \u0161vyt\u0117jimui, tolygiam tonui ir antioksidacinei apsaugai. Sujungus <strong data-start=\"245\" data-end=\"268\">Glutathione Ampoule<\/strong> ir <strong data-start=\"272\" data-end=\"300\">Glutathione ToneUp Cream<\/strong>, \u0161is rinkinys padeda suma\u017einti pigmentacij\u0105, i\u0161lygina odos tekst\u016br\u0105 ir suteikia jaunatvi\u0161ko spindesio.<\/p>\n<p class=\"\" data-start=\"405\" data-end=\"418\"><strong data-start=\"405\" data-end=\"418\">Effect:<\/strong><\/p>\n<ul data-start=\"419\" data-end=\"610\">\n<li class=\"\" data-start=\"419\" data-end=\"468\">\n<p class=\"\" data-start=\"421\" data-end=\"468\">Suma\u017eina melanino gamyb\u0105 ir ma\u017eina pigmentacij\u0105<\/p>\n<\/li>\n<li class=\"\" data-start=\"469\" data-end=\"501\">\n<p class=\"\" data-start=\"471\" data-end=\"501\">I\u0161lygina odos ton\u0105 ir tekst\u016br\u0105<\/p>\n<\/li>\n<li class=\"\" data-start=\"502\" data-end=\"553\">\n<p class=\"\" data-start=\"504\" data-end=\"553\">Suteikia odai \u0161vyt\u0117jimo ir jaunatvi\u0161kos i\u0161vaizdos<\/p>\n<\/li>\n<li class=\"\" data-start=\"554\" data-end=\"610\">\n<p class=\"\" data-start=\"556\" data-end=\"610\">Apsaugo od\u0105 nuo laisv\u0173j\u0173 radikal\u0173 ir aplinkos poveikio<\/p>\n<\/li>\n<\/ul>\n<p class=\"\" data-start=\"612\" data-end=\"627\"><strong data-start=\"612\" data-end=\"627\">Usage:<\/strong><\/p>\n<ol data-start=\"628\" data-end=\"854\">\n<li class=\"\" data-start=\"628\" data-end=\"745\">\n<p class=\"\" data-start=\"631\" data-end=\"745\">Po odos valymo ir tonizavimo u\u017etepkite <strong data-start=\"670\" data-end=\"693\">Glutathione Ampoule<\/strong> ant veido ir \u0161velniai \u012ftap\u0161nokite, kad \u012fsiskverbt\u0173.<\/p>\n<\/li>\n<li class=\"\" data-start=\"746\" data-end=\"854\">\n<p class=\"\" data-start=\"749\" data-end=\"854\">Tepkite <strong data-start=\"757\" data-end=\"785\">Glutathione ToneUp Cream<\/strong> ant veido ir kaklo, \u0161velniai \u012fmasa\u017euokite, kad u\u017erakintum\u0117te dr\u0117gm\u0119.<\/p>\n<\/li>\n<\/ol>\n<p class=\"\" data-start=\"856\" data-end=\"875\"><strong data-start=\"856\" data-end=\"875\">Rinkin\u012f sudaro:<\/strong><\/p>\n<ul data-start=\"876\" data-end=\"951\">\n<li class=\"\" data-start=\"876\" data-end=\"912\">\n<p class=\"\" data-start=\"878\" data-end=\"912\"><strong data-start=\"878\" data-end=\"901\">Glutathione Ampoule<\/strong> (5ml x 2)<\/p>\n<\/li>\n<li class=\"\" data-start=\"913\" data-end=\"951\">\n<p class=\"\" data-start=\"915\" data-end=\"951\"><strong data-start=\"915\" data-end=\"943\">Glutathione ToneUp Cream<\/strong> (50 ml)<\/p>\n<\/li>\n<\/ul>\n<p class=\"\" data-start=\"953\" data-end=\"963\"><strong data-start=\"953\" data-end=\"963\">Tinka:<\/strong><\/p>\n<ul data-start=\"964\" data-end=\"1077\">\n<li class=\"\" data-start=\"964\" data-end=\"1004\">\n<p class=\"\" data-start=\"966\" data-end=\"1004\">Odai su netolygiu tonu ir pigmentacija<\/p>\n<\/li>\n<li class=\"\" data-start=\"1005\" data-end=\"1031\">\n<p class=\"\" data-start=\"1007\" data-end=\"1031\">Dulsai, pavargusiai odai<\/p>\n<\/li>\n<li class=\"\" data-start=\"1032\" data-end=\"1077\">\n<p class=\"\" data-start=\"1034\" data-end=\"1077\">Odai, kuriems reikia \u0161vyt\u0117jimo ir spindesio<\/p>\n<\/li>\n<\/ul>","protected":false},"excerpt":{"rendered":"<p>Odos \u0161vyt\u0117jimo ir tolygaus tono rinkinys<\/p>","protected":false},"featured_media":6684,"comment_status":"open","ping_status":"closed","template":"","meta":[],"product_cat":[187,188,129],"product_tag":[],"class_list":{"0":"post-6683","1":"product","2":"type-product","3":"status-publish","4":"has-post-thumbnail","6":"product_cat-ampules","7":"product_cat-rinkiniai","8":"product_cat-veido-kremai","9":"pa_brands-oxygenceuticals","11":"first","12":"instock","13":"taxable","14":"shipping-taxable","15":"purchasable","16":"product-type-simple"},"_links":{"self":[{"href":"https:\/\/miamedic.lt\/en\/wp-json\/wp\/v2\/product\/6683","targetHints":{"allow":["GET"]}}],"collection":[{"href":"https:\/\/miamedic.lt\/en\/wp-json\/wp\/v2\/product"}],"about":[{"href":"https:\/\/miamedic.lt\/en\/wp-json\/wp\/v2\/types\/product"}],"replies":[{"embeddable":true,"href":"https:\/\/miamedic.lt\/en\/wp-json\/wp\/v2\/comments?post=6683"}],"version-history":[{"count":3,"href":"https:\/\/miamedic.lt\/en\/wp-json\/wp\/v2\/product\/6683\/revisions"}],"predecessor-version":[{"id":12478,"href":"https:\/\/miamedic.lt\/en\/wp-json\/wp\/v2\/product\/6683\/revisions\/12478"}],"wp:featuredmedia":[{"embeddable":true,"href":"https:\/\/miamedic.lt\/en\/wp-json\/wp\/v2\/media\/6684"}],"wp:attachment":[{"href":"https:\/\/miamedic.lt\/en\/wp-json\/wp\/v2\/media?parent=6683"}],"wp:term":[{"taxonomy":"product_cat","embeddable":true,"href":"https:\/\/miamedic.lt\/en\/wp-json\/wp\/v2\/product_cat?post=6683"},{"taxonomy":"product_tag","embeddable":true,"href":"https:\/\/miamedic.lt\/en\/wp-json\/wp\/v2\/product_tag?post=6683"}],"curies":[{"name":"wp","href":"https:\/\/api.w.org\/{rel}","templated":true}]}}