{"id":6680,"date":"2025-04-28T12:20:41","date_gmt":"2025-04-28T12:20:41","guid":{"rendered":"https:\/\/miamedic.lt\/?post_type=product&#038;p=6680"},"modified":"2025-12-01T00:29:36","modified_gmt":"2025-12-01T00:29:36","slug":"agedefying-caviar-kit","status":"publish","type":"product","link":"https:\/\/miamedic.lt\/en\/shop\/agedefying-caviar-kit\/","title":{"rendered":"AgeDefying Caviar Kit"},"content":{"rendered":"<p class=\"\" data-start=\"0\" data-end=\"122\"><strong data-start=\"0\" data-end=\"42\">OxygenCeuticals Age Defying Caviar Kit<\/strong> \u2013 <strong data-start=\"45\" data-end=\"122\">prabangus sen\u0117jimo po\u017eymi\u0173 ma\u017einimo rinkinys su juodosios ikros ekstraktu<\/strong><\/p>\n<p class=\"\" data-start=\"124\" data-end=\"464\"><strong data-start=\"124\" data-end=\"166\">OxygenCeuticals Age Defying Caviar Kit<\/strong> \u2013 tai auk\u0161\u010diausios kokyb\u0117s dviej\u0173 \u017eingsni\u0173 sen\u0117jimo po\u017eymi\u0173 ma\u017einimo sistema, sukurta atkurti odos stangrum\u0105, elastingum\u0105 ir \u0161vyt\u0117jim\u0105. \u0160is rinkinys, praturtintas juodosios ikros ekstraktu, niacinamidu ir adenosinu, suteikia odai gil\u0173 dr\u0117kinim\u0105, pagerina odos tonus\u0105 ir ma\u017eina smulkias rauk\u0161leles.<\/p>\n<p class=\"\" data-start=\"466\" data-end=\"479\"><strong data-start=\"466\" data-end=\"479\">Effect:<\/strong><\/p>\n<ul data-start=\"480\" data-end=\"726\">\n<li class=\"\" data-start=\"480\" data-end=\"520\">\n<p class=\"\" data-start=\"482\" data-end=\"520\">Pagerina odos elastingum\u0105 ir stangrum\u0105<\/p>\n<\/li>\n<li class=\"\" data-start=\"521\" data-end=\"584\">\n<p class=\"\" data-start=\"523\" data-end=\"584\">Ma\u017eina smulkias rauk\u0161leles ir u\u017ekerta keli\u0105 nauj\u0173 atsiradimui<\/p>\n<\/li>\n<li class=\"\" data-start=\"585\" data-end=\"628\">\n<p class=\"\" data-start=\"587\" data-end=\"628\">I\u0161lygina odos ton\u0105 ir ma\u017eina pigmentacij\u0105<\/p>\n<\/li>\n<li class=\"\" data-start=\"629\" data-end=\"674\">\n<p class=\"\" data-start=\"631\" data-end=\"674\">Intensyviai dr\u0117kina ir atkuria odos barjer\u0105<\/p>\n<\/li>\n<li class=\"\" data-start=\"675\" data-end=\"726\">\n<p class=\"\" data-start=\"677\" data-end=\"726\">Suteikia odai \u0161vyt\u0117jimo ir jaunatvi\u0161kos i\u0161vaizdos<\/p>\n<\/li>\n<\/ul>\n<p class=\"\" data-start=\"728\" data-end=\"743\"><strong data-start=\"728\" data-end=\"743\">Usage:<\/strong><\/p>\n<ol data-start=\"744\" data-end=\"917\">\n<li class=\"\" data-start=\"744\" data-end=\"825\">\n<p class=\"\" data-start=\"747\" data-end=\"825\">Po odos valymo ir tonizavimo naudokite <strong data-start=\"786\" data-end=\"810\">Caviar Protein Fluid<\/strong> kaip esencij\u0105.<\/p>\n<\/li>\n<li class=\"\" data-start=\"826\" data-end=\"917\">\n<p class=\"\" data-start=\"829\" data-end=\"917\">Tepkite <strong data-start=\"837\" data-end=\"865\">Age Defying Caviar Cream<\/strong> kaip paskutin\u012f \u017eingsn\u012f kasdien\u0117je odos prie\u017ei\u016broje.<\/p>\n<\/li>\n<\/ol>\n<p class=\"\" data-start=\"919\" data-end=\"938\"><strong data-start=\"919\" data-end=\"938\">Rinkin\u012f sudaro:<\/strong><\/p>\n<ul data-start=\"939\" data-end=\"1012\">\n<li class=\"\" data-start=\"939\" data-end=\"973\">\n<p class=\"\" data-start=\"941\" data-end=\"973\"><strong data-start=\"941\" data-end=\"965\">Caviar Protein Fluid<\/strong> (50 ml)<\/p>\n<\/li>\n<li class=\"\" data-start=\"974\" data-end=\"1012\">\n<p class=\"\" data-start=\"976\" data-end=\"1012\"><strong data-start=\"976\" data-end=\"1004\">Age Defying Caviar Cream<\/strong> (50 ml)<\/p>\n<\/li>\n<\/ul>\n<p class=\"\" data-start=\"1014\" data-end=\"1024\"><strong data-start=\"1014\" data-end=\"1024\">Tinka:<\/strong><\/p>\n<ul data-start=\"1025\" data-end=\"1217\">\n<li class=\"\" data-start=\"1025\" data-end=\"1066\">\n<p class=\"\" data-start=\"1027\" data-end=\"1066\">Brand\u017eiai odai, praradusiai elastingum\u0105<\/p>\n<\/li>\n<li class=\"\" data-start=\"1067\" data-end=\"1116\">\n<p class=\"\" data-start=\"1069\" data-end=\"1116\">Odai su smulkiomis rauk\u0161l\u0117mis ir netolygiu tonu<\/p>\n<\/li>\n<li class=\"\" data-start=\"1117\" data-end=\"1145\">\n<p class=\"\" data-start=\"1119\" data-end=\"1145\">Sausai, dehidratuotai odai<\/p>\n<\/li>\n<li class=\"\" data-start=\"1146\" data-end=\"1217\">\n<p class=\"\" data-start=\"1148\" data-end=\"1217\">Odai, kuriems reikia intensyvios sen\u0117jimo po\u017eymi\u0173 ma\u017einimo prie\u017ei\u016bros<\/p>\n<\/li>\n<\/ul>","protected":false},"excerpt":{"rendered":"<p>Prabangus sen\u0117jimo po\u017eymi\u0173 ma\u017einimo rinkinys su juod\u0173j\u0173 ikr\u0173 ekstraktu<\/p>","protected":false},"featured_media":6681,"comment_status":"open","ping_status":"closed","template":"","meta":[],"product_cat":[107,129],"product_tag":[],"class_list":{"0":"post-6680","1":"product","2":"type-product","3":"status-publish","4":"has-post-thumbnail","6":"product_cat-serumai","7":"product_cat-veido-kremai","8":"pa_brands-oxygenceuticals","10":"first","11":"instock","12":"taxable","13":"shipping-taxable","14":"purchasable","15":"product-type-simple"},"_links":{"self":[{"href":"https:\/\/miamedic.lt\/en\/wp-json\/wp\/v2\/product\/6680","targetHints":{"allow":["GET"]}}],"collection":[{"href":"https:\/\/miamedic.lt\/en\/wp-json\/wp\/v2\/product"}],"about":[{"href":"https:\/\/miamedic.lt\/en\/wp-json\/wp\/v2\/types\/product"}],"replies":[{"embeddable":true,"href":"https:\/\/miamedic.lt\/en\/wp-json\/wp\/v2\/comments?post=6680"}],"version-history":[{"count":2,"href":"https:\/\/miamedic.lt\/en\/wp-json\/wp\/v2\/product\/6680\/revisions"}],"predecessor-version":[{"id":12479,"href":"https:\/\/miamedic.lt\/en\/wp-json\/wp\/v2\/product\/6680\/revisions\/12479"}],"wp:featuredmedia":[{"embeddable":true,"href":"https:\/\/miamedic.lt\/en\/wp-json\/wp\/v2\/media\/6681"}],"wp:attachment":[{"href":"https:\/\/miamedic.lt\/en\/wp-json\/wp\/v2\/media?parent=6680"}],"wp:term":[{"taxonomy":"product_cat","embeddable":true,"href":"https:\/\/miamedic.lt\/en\/wp-json\/wp\/v2\/product_cat?post=6680"},{"taxonomy":"product_tag","embeddable":true,"href":"https:\/\/miamedic.lt\/en\/wp-json\/wp\/v2\/product_tag?post=6680"}],"curies":[{"name":"wp","href":"https:\/\/api.w.org\/{rel}","templated":true}]}}