{"id":6677,"date":"2025-04-28T12:17:48","date_gmt":"2025-04-28T12:17:48","guid":{"rendered":"https:\/\/miamedic.lt\/?post_type=product&#038;p=6677"},"modified":"2025-12-01T00:29:37","modified_gmt":"2025-12-01T00:29:37","slug":"regenon-rewind-kit","status":"publish","type":"product","link":"https:\/\/miamedic.lt\/en\/shop\/regenon-rewind-kit\/","title":{"rendered":"ReGenon Rewind Kit"},"content":{"rendered":"<p class=\"\" data-start=\"0\" data-end=\"93\"><strong data-start=\"0\" data-end=\"38\">OxygenCeuticals ReGenon Rewind Kit<\/strong> \u2013 <strong data-start=\"41\" data-end=\"93\">kompleksinis anti-sen\u0117jimo rinkinys su idebenonu<\/strong><\/p>\n<p class=\"\" data-start=\"95\" data-end=\"406\"><strong data-start=\"95\" data-end=\"133\">OxygenCeuticals ReGenon Rewind Kit<\/strong> \u2013 tai auk\u0161\u010diausios kokyb\u0117s trij\u0173 \u017eingsni\u0173 anti-sen\u0117jimo sistema, sukurta kovoti su smulkiomis rauk\u0161l\u0117mis, praradusia elastingum\u0105 oda ir netolygia veido spalva. \u0160is rinkinys, pagr\u012fstas galingu antioksidantu idebenonu, padeda atstatyti odos jaunatvi\u0161k\u0105 i\u0161vaizd\u0105 ir spindes\u012f.<\/p>\n<p class=\"\" data-start=\"408\" data-end=\"421\"><strong data-start=\"408\" data-end=\"421\">Effect:<\/strong><\/p>\n<ul data-start=\"422\" data-end=\"692\">\n<li class=\"\" data-start=\"422\" data-end=\"497\">\n<p class=\"\" data-start=\"424\" data-end=\"497\">Stiprus antioksidacinis poveikis, 4 kartus stipresnis u\u017e vitaminus C ir E<\/p>\n<\/li>\n<li class=\"\" data-start=\"498\" data-end=\"538\">\n<p class=\"\" data-start=\"500\" data-end=\"538\">Pagerina odos elastingum\u0105 ir stangrum\u0105<\/p>\n<\/li>\n<li class=\"\" data-start=\"539\" data-end=\"602\">\n<p class=\"\" data-start=\"541\" data-end=\"602\">Ma\u017eina smulkias rauk\u0161leles ir u\u017ekerta keli\u0105 nauj\u0173 atsiradimui<\/p>\n<\/li>\n<li class=\"\" data-start=\"603\" data-end=\"646\">\n<p class=\"\" data-start=\"605\" data-end=\"646\">I\u0161lygina odos ton\u0105 ir ma\u017eina pigmentacij\u0105<\/p>\n<\/li>\n<li class=\"\" data-start=\"647\" data-end=\"692\">\n<p class=\"\" data-start=\"649\" data-end=\"692\">Intensyviai dr\u0117kina ir atkuria odos barjer\u0105<\/p>\n<\/li>\n<\/ul>\n<p class=\"\" data-start=\"694\" data-end=\"709\"><strong data-start=\"694\" data-end=\"709\">Usage:<\/strong><\/p>\n<ol data-start=\"710\" data-end=\"1053\">\n<li class=\"\" data-start=\"710\" data-end=\"822\">\n<p class=\"\" data-start=\"713\" data-end=\"822\">Po odos valymo naudokite <strong data-start=\"738\" data-end=\"759\">ReGenon Activator<\/strong>: purk\u0161kite ant veido ir \u0161velniai \u012ftap\u0161nokite, kad \u012fsiskverbt\u0173.<\/p>\n<\/li>\n<li class=\"\" data-start=\"823\" data-end=\"919\">\n<p class=\"\" data-start=\"826\" data-end=\"919\">Tepkite <strong data-start=\"834\" data-end=\"851\">ReGenon Serum<\/strong>: u\u017etepkite nedidel\u012f kiek\u012f ant veido ir kaklo, lengvai \u012fmasa\u017euokite.<\/p>\n<\/li>\n<li class=\"\" data-start=\"920\" data-end=\"1053\">\n<p class=\"\" data-start=\"923\" data-end=\"1053\">U\u017ebaikite proced\u016br\u0105 su <strong data-start=\"946\" data-end=\"963\">ReGenon Cream<\/strong>: paskirstykite krem\u0105 ant veido ir kaklo, \u0161velniai \u012fmasa\u017euokite, kad u\u017erakintum\u0117te dr\u0117gm\u0119.<\/p>\n<\/li>\n<\/ol>\n<p class=\"\" data-start=\"1055\" data-end=\"1074\"><strong data-start=\"1055\" data-end=\"1074\">Rinkin\u012f sudaro:<\/strong><\/p>\n<ul data-start=\"1075\" data-end=\"1163\">\n<li class=\"\" data-start=\"1075\" data-end=\"1107\">\n<p class=\"\" data-start=\"1077\" data-end=\"1107\"><strong data-start=\"1077\" data-end=\"1098\">ReGenon Activator<\/strong> (100 ml)<\/p>\n<\/li>\n<li class=\"\" data-start=\"1108\" data-end=\"1135\">\n<p class=\"\" data-start=\"1110\" data-end=\"1135\"><strong data-start=\"1110\" data-end=\"1127\">ReGenon Serum<\/strong> (50 ml)<\/p>\n<\/li>\n<li class=\"\" data-start=\"1136\" data-end=\"1163\">\n<p class=\"\" data-start=\"1138\" data-end=\"1163\"><strong data-start=\"1138\" data-end=\"1155\">ReGenon Cream<\/strong> (50 ml)<\/p>\n<\/li>\n<\/ul>\n<p class=\"\" data-start=\"1165\" data-end=\"1175\"><strong data-start=\"1165\" data-end=\"1175\">Tinka:<\/strong><\/p>\n<ul data-start=\"1176\" data-end=\"1356\">\n<li class=\"\" data-start=\"1176\" data-end=\"1217\">\n<p class=\"\" data-start=\"1178\" data-end=\"1217\">Brand\u017eiai odai, praradusiai elastingum\u0105<\/p>\n<\/li>\n<li class=\"\" data-start=\"1218\" data-end=\"1267\">\n<p class=\"\" data-start=\"1220\" data-end=\"1267\">Odai su smulkiomis rauk\u0161l\u0117mis ir netolygiu tonu<\/p>\n<\/li>\n<li class=\"\" data-start=\"1268\" data-end=\"1296\">\n<p class=\"\" data-start=\"1270\" data-end=\"1296\">Sausai, dehidratuotai odai<\/p>\n<\/li>\n<li class=\"\" data-start=\"1297\" data-end=\"1356\">\n<p class=\"\" data-start=\"1299\" data-end=\"1356\">Odai, kuriems reikia intensyvios anti-sen\u0117jimo prie\u017ei\u016bros<\/p>\n<\/li>\n<\/ul>","protected":false},"excerpt":{"rendered":"<p>Kompleksinis rinkinys su idebenonu<\/p>","protected":false},"featured_media":6678,"comment_status":"open","ping_status":"closed","template":"","meta":[],"product_cat":[200,188,107,129],"product_tag":[],"class_list":{"0":"post-6677","1":"product","2":"type-product","3":"status-publish","4":"has-post-thumbnail","6":"product_cat-dovanos","7":"product_cat-rinkiniai","8":"product_cat-serumai","9":"product_cat-veido-kremai","10":"pa_brands-oxygenceuticals","12":"first","13":"instock","14":"taxable","15":"shipping-taxable","16":"purchasable","17":"product-type-simple"},"_links":{"self":[{"href":"https:\/\/miamedic.lt\/en\/wp-json\/wp\/v2\/product\/6677","targetHints":{"allow":["GET"]}}],"collection":[{"href":"https:\/\/miamedic.lt\/en\/wp-json\/wp\/v2\/product"}],"about":[{"href":"https:\/\/miamedic.lt\/en\/wp-json\/wp\/v2\/types\/product"}],"replies":[{"embeddable":true,"href":"https:\/\/miamedic.lt\/en\/wp-json\/wp\/v2\/comments?post=6677"}],"version-history":[{"count":3,"href":"https:\/\/miamedic.lt\/en\/wp-json\/wp\/v2\/product\/6677\/revisions"}],"predecessor-version":[{"id":12481,"href":"https:\/\/miamedic.lt\/en\/wp-json\/wp\/v2\/product\/6677\/revisions\/12481"}],"wp:featuredmedia":[{"embeddable":true,"href":"https:\/\/miamedic.lt\/en\/wp-json\/wp\/v2\/media\/6678"}],"wp:attachment":[{"href":"https:\/\/miamedic.lt\/en\/wp-json\/wp\/v2\/media?parent=6677"}],"wp:term":[{"taxonomy":"product_cat","embeddable":true,"href":"https:\/\/miamedic.lt\/en\/wp-json\/wp\/v2\/product_cat?post=6677"},{"taxonomy":"product_tag","embeddable":true,"href":"https:\/\/miamedic.lt\/en\/wp-json\/wp\/v2\/product_tag?post=6677"}],"curies":[{"name":"wp","href":"https:\/\/api.w.org\/{rel}","templated":true}]}}