{"id":6673,"date":"2025-04-28T12:13:09","date_gmt":"2025-04-28T12:13:09","guid":{"rendered":"https:\/\/miamedic.lt\/?post_type=product&#038;p=6673"},"modified":"2025-12-01T00:29:37","modified_gmt":"2025-12-01T00:29:37","slug":"cc-starter-kit","status":"publish","type":"product","link":"https:\/\/miamedic.lt\/en\/shop\/cc-starter-kit\/","title":{"rendered":"CC Starter Kit"},"content":{"rendered":"<p class=\"\" data-start=\"0\" data-end=\"76\"><strong data-start=\"0\" data-end=\"34\">OxygenCeuticals CC Starter Kit<\/strong> \u2013 <strong data-start=\"37\" data-end=\"76\">odos dr\u0117kinimo ir raminimo rinkinys<\/strong><\/p>\n<p class=\"\" data-start=\"78\" data-end=\"298\"><strong data-start=\"78\" data-end=\"112\">OxygenCeuticals CC Starter Kit<\/strong> \u2013 tai intensyviai dr\u0117kinantis ir raminantis rinkinys, skirtas jautriai, sudirgusiai ar sausai odai. Puikiai tinka po proced\u016br\u0173 arba kai reikia atkurti nat\u016bral\u0173 odos balans\u0105 ir komfort\u0105.<\/p>\n<p class=\"\" data-start=\"300\" data-end=\"313\"><strong data-start=\"300\" data-end=\"313\">Effect:<\/strong><\/p>\n<ul data-start=\"314\" data-end=\"503\">\n<li class=\"\" data-start=\"314\" data-end=\"349\">\n<p class=\"\" data-start=\"316\" data-end=\"349\">Intensyviai dr\u0117kina ir ramina od\u0105<\/p>\n<\/li>\n<li class=\"\" data-start=\"350\" data-end=\"383\">\n<p class=\"\" data-start=\"352\" data-end=\"383\">Stiprina odos apsaugin\u012f barjer\u0105<\/p>\n<\/li>\n<li class=\"\" data-start=\"384\" data-end=\"415\">\n<p class=\"\" data-start=\"386\" data-end=\"415\">Ma\u017eina paraudim\u0105 ir sudirgim\u0105<\/p>\n<\/li>\n<li class=\"\" data-start=\"416\" data-end=\"458\">\n<p class=\"\" data-start=\"418\" data-end=\"458\">Gerina odos atsparum\u0105 aplinkos poveikiui<\/p>\n<\/li>\n<li class=\"\" data-start=\"459\" data-end=\"503\">\n<p class=\"\" data-start=\"461\" data-end=\"503\">Suteikia odai mink\u0161tumo ir komforto poj\u016bt\u012f<\/p>\n<\/li>\n<\/ul>\n<p class=\"\" data-start=\"505\" data-end=\"643\"><strong data-start=\"505\" data-end=\"520\">Usage:<\/strong> Po odos valymo naudokite Skin Balancing Toner, Couperose Fluid ir Couperose Cream, kad nuramintum\u0117te ir apsaugotum\u0117te od\u0105.<\/p>\n<p class=\"\" data-start=\"645\" data-end=\"664\"><strong data-start=\"645\" data-end=\"664\">Rinkin\u012f sudaro:<\/strong><\/p>\n<ul data-start=\"665\" data-end=\"747\">\n<li class=\"\" data-start=\"665\" data-end=\"695\">\n<p class=\"\" data-start=\"667\" data-end=\"695\">Skin Balancing Toner (30 ml)<\/p>\n<\/li>\n<li class=\"\" data-start=\"696\" data-end=\"721\">\n<p class=\"\" data-start=\"698\" data-end=\"721\">Couperose Fluid (15 ml)<\/p>\n<\/li>\n<li class=\"\" data-start=\"722\" data-end=\"747\">\n<p class=\"\" data-start=\"724\" data-end=\"747\">Couperose Cream (30 ml)<\/p>\n<\/li>\n<\/ul>\n<p class=\"\" data-start=\"749\" data-end=\"759\"><strong data-start=\"749\" data-end=\"759\">Tinka:<\/strong><\/p>\n<ul data-start=\"760\" data-end=\"866\">\n<li class=\"\" data-start=\"760\" data-end=\"798\">\n<p class=\"\" data-start=\"762\" data-end=\"798\">Jautriai, raustan\u010diai ir sausai odai<\/p>\n<\/li>\n<li class=\"\" data-start=\"799\" data-end=\"824\">\n<p class=\"\" data-start=\"801\" data-end=\"824\">Po kosmetini\u0173 proced\u016br\u0173<\/p>\n<\/li>\n<li class=\"\" data-start=\"825\" data-end=\"866\">\n<p class=\"\" data-start=\"827\" data-end=\"866\">Norint atkurti odos komfort\u0105 ir balans\u0105<\/p>\n<\/li>\n<\/ul>","protected":false},"excerpt":{"rendered":"<p>Odos dr\u0117kinimo ir raminimo rinkinys<\/p>","protected":false},"featured_media":6674,"comment_status":"open","ping_status":"closed","template":"","meta":[],"product_cat":[200,188,107,105,129],"product_tag":[],"class_list":{"0":"post-6673","1":"product","2":"type-product","3":"status-publish","4":"has-post-thumbnail","6":"product_cat-dovanos","7":"product_cat-rinkiniai","8":"product_cat-serumai","9":"product_cat-tonikai","10":"product_cat-veido-kremai","11":"pa_brands-oxygenceuticals","13":"first","14":"instock","15":"taxable","16":"shipping-taxable","17":"purchasable","18":"product-type-simple"},"_links":{"self":[{"href":"https:\/\/miamedic.lt\/en\/wp-json\/wp\/v2\/product\/6673","targetHints":{"allow":["GET"]}}],"collection":[{"href":"https:\/\/miamedic.lt\/en\/wp-json\/wp\/v2\/product"}],"about":[{"href":"https:\/\/miamedic.lt\/en\/wp-json\/wp\/v2\/types\/product"}],"replies":[{"embeddable":true,"href":"https:\/\/miamedic.lt\/en\/wp-json\/wp\/v2\/comments?post=6673"}],"version-history":[{"count":3,"href":"https:\/\/miamedic.lt\/en\/wp-json\/wp\/v2\/product\/6673\/revisions"}],"predecessor-version":[{"id":12482,"href":"https:\/\/miamedic.lt\/en\/wp-json\/wp\/v2\/product\/6673\/revisions\/12482"}],"wp:featuredmedia":[{"embeddable":true,"href":"https:\/\/miamedic.lt\/en\/wp-json\/wp\/v2\/media\/6674"}],"wp:attachment":[{"href":"https:\/\/miamedic.lt\/en\/wp-json\/wp\/v2\/media?parent=6673"}],"wp:term":[{"taxonomy":"product_cat","embeddable":true,"href":"https:\/\/miamedic.lt\/en\/wp-json\/wp\/v2\/product_cat?post=6673"},{"taxonomy":"product_tag","embeddable":true,"href":"https:\/\/miamedic.lt\/en\/wp-json\/wp\/v2\/product_tag?post=6673"}],"curies":[{"name":"wp","href":"https:\/\/api.w.org\/{rel}","templated":true}]}}