{"id":6668,"date":"2025-04-28T12:03:10","date_gmt":"2025-04-28T12:03:10","guid":{"rendered":"https:\/\/miamedic.lt\/?post_type=product&#038;p=6668"},"modified":"2025-12-01T00:29:37","modified_gmt":"2025-12-01T00:29:37","slug":"ag-starter-kit","status":"publish","type":"product","link":"https:\/\/miamedic.lt\/en\/shop\/ag-starter-kit\/","title":{"rendered":"AG Starter Kit"},"content":{"rendered":"<p class=\"\" data-start=\"85\" data-end=\"168\"><strong data-start=\"85\" data-end=\"168\">OxygenCeuticals AG Starter Kit \u2013 odos stangrinimo ir rauk\u0161li\u0173 ma\u017einimo rinkinys<\/strong><\/p>\n<p class=\"\" data-start=\"170\" data-end=\"416\">OxygenCeuticals AG Starter Kit \u2013 tai specialiai sukurtas rinkinys, skirtas kovoti su odos sen\u0117jimo po\u017eymiais, pagerinti odos elastingum\u0105, stangrum\u0105 ir suteikti odai \u0161vyt\u0117jimo. Idealiai tinka brand\u017eiai, pavargusiai ar elastingum\u0105 praradusiai odai.<\/p>\n<p class=\"\" data-start=\"418\" data-end=\"431\"><strong data-start=\"418\" data-end=\"431\">Effect:<\/strong><\/p>\n<ul data-start=\"432\" data-end=\"636\">\n<li class=\"\" data-start=\"432\" data-end=\"475\">\n<p class=\"\" data-start=\"434\" data-end=\"475\">Stangrina od\u0105 ir pagerina jos elastingum\u0105<\/p>\n<\/li>\n<li class=\"\" data-start=\"476\" data-end=\"522\">\n<p class=\"\" data-start=\"478\" data-end=\"522\">Suma\u017eina rauk\u0161li\u0173 ir smulki\u0173 linij\u0173 matomum\u0105<\/p>\n<\/li>\n<li class=\"\" data-start=\"523\" data-end=\"549\">\n<p class=\"\" data-start=\"525\" data-end=\"549\">Gerina odos dr\u0117gm\u0117s lyg\u012f<\/p>\n<\/li>\n<li class=\"\" data-start=\"550\" data-end=\"596\">\n<p class=\"\" data-start=\"552\" data-end=\"596\">Suteikia odai skaistumo ir sveikos i\u0161vaizdos<\/p>\n<\/li>\n<li class=\"\" data-start=\"597\" data-end=\"636\">\n<p class=\"\" data-start=\"599\" data-end=\"636\">Palaiko stipr\u0173 odos apsaugin\u012f barjer\u0105<\/p>\n<\/li>\n<\/ul>\n<p class=\"\" data-start=\"638\" data-end=\"653\"><strong data-start=\"638\" data-end=\"653\">Usage:<\/strong><\/p>\n<ul data-start=\"654\" data-end=\"960\">\n<li class=\"\" data-start=\"654\" data-end=\"739\">\n<p class=\"\" data-start=\"656\" data-end=\"739\">Po odos valymo naudokite Nutrient Toner, kad paruo\u0161tum\u0117te od\u0105 tolesniems \u017eingsniams<\/p>\n<\/li>\n<li class=\"\" data-start=\"740\" data-end=\"820\">\n<p class=\"\" data-start=\"742\" data-end=\"820\">Tepkite Caviar Protein Fluid, kad skatintum\u0117te odos atsinaujinim\u0105 ir stangrum\u0105<\/p>\n<\/li>\n<li class=\"\" data-start=\"821\" data-end=\"933\">\n<p class=\"\" data-start=\"823\" data-end=\"933\">Pabaigai naudokite Age-Defying Caviar Cream, kad u\u017efiksuotum\u0117te dr\u0117gm\u0119 ir sustiprintum\u0117te anti-sen\u0117jimo efekt\u0105<\/p>\n<\/li>\n<li class=\"\" data-start=\"934\" data-end=\"960\">\n<p class=\"\" data-start=\"936\" data-end=\"960\">Naudokite ryte ir vakare<\/p>\n<\/li>\n<\/ul>\n<p class=\"\" data-start=\"962\" data-end=\"980\"><strong data-start=\"962\" data-end=\"980\">Suitable for use:<\/strong><\/p>\n<ul data-start=\"981\" data-end=\"1085\">\n<li class=\"\" data-start=\"981\" data-end=\"997\">\n<p class=\"\" data-start=\"983\" data-end=\"997\">Brand\u017eiai odai<\/p>\n<\/li>\n<li class=\"\" data-start=\"998\" data-end=\"1044\">\n<p class=\"\" data-start=\"1000\" data-end=\"1044\">Odai su elastingumo suma\u017e\u0117jimu ir rauk\u0161l\u0117mis<\/p>\n<\/li>\n<li class=\"\" data-start=\"1045\" data-end=\"1085\">\n<p class=\"\" data-start=\"1047\" data-end=\"1085\">Odai, kuri prarado \u0161vyt\u0117jim\u0105 ir tonus\u0105<\/p>\n<\/li>\n<\/ul>\n<p class=\"\" data-start=\"1087\" data-end=\"1106\"><strong data-start=\"1087\" data-end=\"1106\">Rinkin\u012f sudaro:<\/strong><\/p>\n<ul data-start=\"1107\" data-end=\"1197\">\n<li class=\"\" data-start=\"1107\" data-end=\"1131\">\n<p class=\"\" data-start=\"1109\" data-end=\"1131\">Nutrient Toner (30 ml)<\/p>\n<\/li>\n<li class=\"\" data-start=\"1132\" data-end=\"1162\">\n<p class=\"\" data-start=\"1134\" data-end=\"1162\">Caviar Protein Fluid (15 ml)<\/p>\n<\/li>\n<li class=\"\" data-start=\"1163\" data-end=\"1197\">\n<p class=\"\" data-start=\"1165\" data-end=\"1197\">Age-Defying Caviar Cream (30 ml)<\/p>\n<\/li>\n<\/ul>","protected":false},"excerpt":{"rendered":"<p>Odos stangrinimo ir rauk\u0161li\u0173 ma\u017einimo rinkinys<\/p>","protected":false},"featured_media":6669,"comment_status":"open","ping_status":"closed","template":"","meta":[],"product_cat":[188,107,105,129],"product_tag":[],"class_list":{"0":"post-6668","1":"product","2":"type-product","3":"status-publish","4":"has-post-thumbnail","6":"product_cat-rinkiniai","7":"product_cat-serumai","8":"product_cat-tonikai","9":"product_cat-veido-kremai","10":"pa_brands-oxygenceuticals","12":"first","13":"instock","14":"taxable","15":"shipping-taxable","16":"purchasable","17":"product-type-simple"},"_links":{"self":[{"href":"https:\/\/miamedic.lt\/en\/wp-json\/wp\/v2\/product\/6668","targetHints":{"allow":["GET"]}}],"collection":[{"href":"https:\/\/miamedic.lt\/en\/wp-json\/wp\/v2\/product"}],"about":[{"href":"https:\/\/miamedic.lt\/en\/wp-json\/wp\/v2\/types\/product"}],"replies":[{"embeddable":true,"href":"https:\/\/miamedic.lt\/en\/wp-json\/wp\/v2\/comments?post=6668"}],"version-history":[{"count":2,"href":"https:\/\/miamedic.lt\/en\/wp-json\/wp\/v2\/product\/6668\/revisions"}],"predecessor-version":[{"id":12483,"href":"https:\/\/miamedic.lt\/en\/wp-json\/wp\/v2\/product\/6668\/revisions\/12483"}],"wp:featuredmedia":[{"embeddable":true,"href":"https:\/\/miamedic.lt\/en\/wp-json\/wp\/v2\/media\/6669"}],"wp:attachment":[{"href":"https:\/\/miamedic.lt\/en\/wp-json\/wp\/v2\/media?parent=6668"}],"wp:term":[{"taxonomy":"product_cat","embeddable":true,"href":"https:\/\/miamedic.lt\/en\/wp-json\/wp\/v2\/product_cat?post=6668"},{"taxonomy":"product_tag","embeddable":true,"href":"https:\/\/miamedic.lt\/en\/wp-json\/wp\/v2\/product_tag?post=6668"}],"curies":[{"name":"wp","href":"https:\/\/api.w.org\/{rel}","templated":true}]}}