{"id":6659,"date":"2025-04-28T11:58:07","date_gmt":"2025-04-28T11:58:07","guid":{"rendered":"https:\/\/miamedic.lt\/?post_type=product&#038;p=6659"},"modified":"2025-12-01T00:29:37","modified_gmt":"2025-12-01T00:29:37","slug":"acell-moisture-kit","status":"publish","type":"product","link":"https:\/\/miamedic.lt\/en\/shop\/acell-moisture-kit\/","title":{"rendered":"Acell Moisture Kit"},"content":{"rendered":"<p class=\"\" data-start=\"53\" data-end=\"143\"><strong data-start=\"53\" data-end=\"143\">RIBOTO LEIDIMO OxygenCeuticals Acell Moisture Kit \u2013 intensyvaus dr\u0117kinimo ir odos stiprinimo rinkinys<\/strong><\/p>\n<p class=\"\" data-start=\"145\" data-end=\"392\">OxygenCeuticals Acell Moisture Kit \u2013 tai dr\u0117kinamasis rinkinys, skirtas atkurti odos dr\u0117gm\u0117s balans\u0105, stiprinti apsaugin\u012f barjer\u0105 ir palaikyti odos elastingum\u0105. Puikiai tinka i\u0161saus\u0117jusiai, jautriai ir pa\u017eeistai odai, ypa\u010d po kosmetini\u0173 proced\u016br\u0173.<\/p>\n<p class=\"\" data-start=\"394\" data-end=\"407\"><strong data-start=\"394\" data-end=\"407\">Effect:<\/strong><\/p>\n<ul data-start=\"408\" data-end=\"611\">\n<li class=\"\" data-start=\"408\" data-end=\"444\">\n<p class=\"\" data-start=\"410\" data-end=\"444\">U\u017etikrina ilgalaik\u012f odos dr\u0117kinim\u0105<\/p>\n<\/li>\n<li class=\"\" data-start=\"445\" data-end=\"487\">\n<p class=\"\" data-start=\"447\" data-end=\"487\">Stiprina nat\u016bral\u0173 odos apsaugin\u012f barjer\u0105<\/p>\n<\/li>\n<li class=\"\" data-start=\"488\" data-end=\"520\">\n<p class=\"\" data-start=\"490\" data-end=\"520\">Ma\u017eina sudirgimus ir paraudim\u0105<\/p>\n<\/li>\n<li class=\"\" data-start=\"521\" data-end=\"566\">\n<p class=\"\" data-start=\"523\" data-end=\"566\">Palaiko odos elastingum\u0105 ir lygina tekst\u016br\u0105<\/p>\n<\/li>\n<li class=\"\" data-start=\"567\" data-end=\"611\">\n<p class=\"\" data-start=\"569\" data-end=\"611\">Skatina sveikos, sudr\u0117kintos odos i\u0161vaizd\u0105<\/p>\n<\/li>\n<\/ul>\n<p class=\"\" data-start=\"613\" data-end=\"628\"><strong data-start=\"613\" data-end=\"628\">Usage:<\/strong><\/p>\n<ul data-start=\"629\" data-end=\"852\">\n<li class=\"\" data-start=\"629\" data-end=\"687\">\n<p class=\"\" data-start=\"631\" data-end=\"687\">Tepkite Acell 300 Fluid ant \u0161varios odos, ryte ir vakare<\/p>\n<\/li>\n<li class=\"\" data-start=\"688\" data-end=\"788\">\n<p class=\"\" data-start=\"690\" data-end=\"788\">Po fluido naudokite Hydrating Cream, kad u\u017erakintum\u0117te dr\u0117gm\u0119 ir sustiprintum\u0117te apsaugin\u012f poveik\u012f<\/p>\n<\/li>\n<li class=\"\" data-start=\"789\" data-end=\"852\">\n<p class=\"\" data-start=\"791\" data-end=\"852\">Tinka naudoti kasdien, ypa\u010d kai oda jau\u010dia sausum\u0105 ar tempim\u0105<\/p>\n<\/li>\n<\/ul>\n<p class=\"\" data-start=\"854\" data-end=\"872\"><strong data-start=\"854\" data-end=\"872\">Suitable for use:<\/strong><\/p>\n<ul data-start=\"873\" data-end=\"995\">\n<li class=\"\" data-start=\"873\" data-end=\"909\">\n<p class=\"\" data-start=\"875\" data-end=\"909\">Sausai, jautriai ir pa\u017eeistai odai<\/p>\n<\/li>\n<li class=\"\" data-start=\"910\" data-end=\"940\">\n<p class=\"\" data-start=\"912\" data-end=\"940\">Odai po kosmetini\u0173 proced\u016br\u0173<\/p>\n<\/li>\n<li class=\"\" data-start=\"941\" data-end=\"995\">\n<p class=\"\" data-start=\"943\" data-end=\"995\">Odai, kuri patiria tempim\u0105, \u0161erpetojim\u0105 ar sudirgim\u0105<\/p>\n<\/li>\n<\/ul>\n<p class=\"\" data-start=\"997\" data-end=\"1016\"><strong data-start=\"997\" data-end=\"1016\">Rinkin\u012f sudaro:<\/strong><\/p>\n<ul data-start=\"1017\" data-end=\"1068\">\n<li class=\"\" data-start=\"1017\" data-end=\"1042\">\n<p class=\"\" data-start=\"1019\" data-end=\"1042\">Acell 300 Fluid (30 ml)<\/p>\n<\/li>\n<li class=\"\" data-start=\"1043\" data-end=\"1068\">\n<p class=\"\" data-start=\"1045\" data-end=\"1068\">Aqua Serum (30 ml)<\/p>\n<\/li>\n<\/ul>","protected":false},"excerpt":{"rendered":"<p>Intensyvaus dr\u0117kinimo ir odos stiprinimo rinkinys<\/p>","protected":false},"featured_media":6660,"comment_status":"open","ping_status":"closed","template":"","meta":[],"product_cat":[200,188,107,129],"product_tag":[],"class_list":{"0":"post-6659","1":"product","2":"type-product","3":"status-publish","4":"has-post-thumbnail","6":"product_cat-dovanos","7":"product_cat-rinkiniai","8":"product_cat-serumai","9":"product_cat-veido-kremai","10":"pa_brands-oxygenceuticals","12":"first","13":"instock","14":"taxable","15":"shipping-taxable","16":"purchasable","17":"product-type-simple"},"_links":{"self":[{"href":"https:\/\/miamedic.lt\/en\/wp-json\/wp\/v2\/product\/6659","targetHints":{"allow":["GET"]}}],"collection":[{"href":"https:\/\/miamedic.lt\/en\/wp-json\/wp\/v2\/product"}],"about":[{"href":"https:\/\/miamedic.lt\/en\/wp-json\/wp\/v2\/types\/product"}],"replies":[{"embeddable":true,"href":"https:\/\/miamedic.lt\/en\/wp-json\/wp\/v2\/comments?post=6659"}],"version-history":[{"count":3,"href":"https:\/\/miamedic.lt\/en\/wp-json\/wp\/v2\/product\/6659\/revisions"}],"predecessor-version":[{"id":12485,"href":"https:\/\/miamedic.lt\/en\/wp-json\/wp\/v2\/product\/6659\/revisions\/12485"}],"wp:featuredmedia":[{"embeddable":true,"href":"https:\/\/miamedic.lt\/en\/wp-json\/wp\/v2\/media\/6660"}],"wp:attachment":[{"href":"https:\/\/miamedic.lt\/en\/wp-json\/wp\/v2\/media?parent=6659"}],"wp:term":[{"taxonomy":"product_cat","embeddable":true,"href":"https:\/\/miamedic.lt\/en\/wp-json\/wp\/v2\/product_cat?post=6659"},{"taxonomy":"product_tag","embeddable":true,"href":"https:\/\/miamedic.lt\/en\/wp-json\/wp\/v2\/product_tag?post=6659"}],"curies":[{"name":"wp","href":"https:\/\/api.w.org\/{rel}","templated":true}]}}