{"id":6643,"date":"2025-04-28T11:48:56","date_gmt":"2025-04-28T11:48:56","guid":{"rendered":"https:\/\/miamedic.lt\/?post_type=product&#038;p=6643"},"modified":"2025-12-01T00:29:37","modified_gmt":"2025-12-01T00:29:37","slug":"regenon-starter-kit","status":"publish","type":"product","link":"https:\/\/miamedic.lt\/en\/shop\/regenon-starter-kit\/","title":{"rendered":"Regenon Starter Kit"},"content":{"rendered":"<p class=\"\" data-start=\"53\" data-end=\"132\"><strong data-start=\"53\" data-end=\"132\">OxygenCeuticals Regenon Starter Kit \u2013 odos atstatymo ir stiprinimo rinkinys<\/strong><\/p>\n<p class=\"\" data-start=\"134\" data-end=\"367\">OxygenCeuticals Regenon Starter Kit \u2013 tai rinkinys, sukurtas intensyviam odos regeneracijos, dr\u0117kinimo ir stiprinimo procesui. Puikiai tinka odai po proced\u016br\u0173, jautriai ar brand\u017eiai odai, kai reikia papildomo stiprinimo ir atstatymo.<\/p>\n<p class=\"\" data-start=\"369\" data-end=\"382\"><strong data-start=\"369\" data-end=\"382\">Effect:<\/strong><\/p>\n<ul data-start=\"383\" data-end=\"582\">\n<li class=\"\" data-start=\"383\" data-end=\"427\">\n<p class=\"\" data-start=\"385\" data-end=\"427\">Skatina odos regeneracij\u0105 ir atsinaujinim\u0105<\/p>\n<\/li>\n<li class=\"\" data-start=\"428\" data-end=\"461\">\n<p class=\"\" data-start=\"430\" data-end=\"461\">Stiprina odos apsaugin\u012f barjer\u0105<\/p>\n<\/li>\n<li class=\"\" data-start=\"462\" data-end=\"511\">\n<p class=\"\" data-start=\"464\" data-end=\"511\">Intensyviai dr\u0117kina ir palaiko odos elastingum\u0105<\/p>\n<\/li>\n<li class=\"\" data-start=\"512\" data-end=\"544\">\n<p class=\"\" data-start=\"514\" data-end=\"544\">Ma\u017eina sudirgimus ir paraudim\u0105<\/p>\n<\/li>\n<li class=\"\" data-start=\"545\" data-end=\"582\">\n<p class=\"\" data-start=\"547\" data-end=\"582\">Suteikia odai \u0161velnumo ir skaistumo<\/p>\n<\/li>\n<\/ul>\n<p class=\"\" data-start=\"584\" data-end=\"599\"><strong data-start=\"584\" data-end=\"599\">Usage:<\/strong><\/p>\n<ul data-start=\"600\" data-end=\"785\">\n<li class=\"\" data-start=\"600\" data-end=\"655\">\n<p class=\"\" data-start=\"602\" data-end=\"655\">Tepkite Regenon Serum ant \u0161varios odos ryte ir vakare<\/p>\n<\/li>\n<li class=\"\" data-start=\"656\" data-end=\"732\">\n<p class=\"\" data-start=\"658\" data-end=\"732\">Po serumo naudokite Regenon Cream, kad sustiprintum\u0117te atstatom\u0105j\u012f poveik\u012f<\/p>\n<\/li>\n<li class=\"\" data-start=\"733\" data-end=\"785\">\n<p class=\"\" data-start=\"735\" data-end=\"785\">Tinka naudoti kasdien arba po kosmetini\u0173 proced\u016br\u0173<\/p>\n<\/li>\n<\/ul>\n<p class=\"\" data-start=\"787\" data-end=\"805\"><strong data-start=\"787\" data-end=\"805\">Suitable for use:<\/strong><\/p>\n<ul data-start=\"806\" data-end=\"956\">\n<li class=\"\" data-start=\"806\" data-end=\"845\">\n<p class=\"\" data-start=\"808\" data-end=\"845\">Jautriai, sudirgusiai, brand\u017eiai odai<\/p>\n<\/li>\n<li class=\"\" data-start=\"846\" data-end=\"894\">\n<p class=\"\" data-start=\"848\" data-end=\"894\">Odai po kosmetini\u0173 ar dermatologini\u0173 proced\u016br\u0173<\/p>\n<\/li>\n<li class=\"\" data-start=\"895\" data-end=\"956\">\n<p class=\"\" data-start=\"897\" data-end=\"956\">Odai, kuriai reikia intensyvios regeneracijos ir stiprinimo<\/p>\n<\/li>\n<\/ul>\n<p class=\"\" data-start=\"958\" data-end=\"977\"><strong data-start=\"958\" data-end=\"977\">Rinkin\u012f sudaro:<\/strong><\/p>\n<ul data-start=\"978\" data-end=\"1025\">\n<li class=\"\" data-start=\"978\" data-end=\"1001\">\n<p class=\"\" data-start=\"980\" data-end=\"1001\">Regenon Serum (15 ml)<\/p>\n<\/li>\n<li class=\"\" data-start=\"1002\" data-end=\"1025\">\n<p class=\"\" data-start=\"1004\" data-end=\"1025\">Regenon Cream (15 ml)<\/p>\n<\/li>\n<\/ul>","protected":false},"excerpt":{"rendered":"<p>Odos atstatymo ir stiprinimo rinkinys<\/p>","protected":false},"featured_media":6644,"comment_status":"open","ping_status":"closed","template":"","meta":[],"product_cat":[200,188,107,129],"product_tag":[],"class_list":{"0":"post-6643","1":"product","2":"type-product","3":"status-publish","4":"has-post-thumbnail","6":"product_cat-dovanos","7":"product_cat-rinkiniai","8":"product_cat-serumai","9":"product_cat-veido-kremai","10":"pa_brands-oxygenceuticals","12":"first","13":"instock","14":"taxable","15":"shipping-taxable","16":"purchasable","17":"product-type-simple"},"_links":{"self":[{"href":"https:\/\/miamedic.lt\/en\/wp-json\/wp\/v2\/product\/6643","targetHints":{"allow":["GET"]}}],"collection":[{"href":"https:\/\/miamedic.lt\/en\/wp-json\/wp\/v2\/product"}],"about":[{"href":"https:\/\/miamedic.lt\/en\/wp-json\/wp\/v2\/types\/product"}],"replies":[{"embeddable":true,"href":"https:\/\/miamedic.lt\/en\/wp-json\/wp\/v2\/comments?post=6643"}],"version-history":[{"count":4,"href":"https:\/\/miamedic.lt\/en\/wp-json\/wp\/v2\/product\/6643\/revisions"}],"predecessor-version":[{"id":12486,"href":"https:\/\/miamedic.lt\/en\/wp-json\/wp\/v2\/product\/6643\/revisions\/12486"}],"wp:featuredmedia":[{"embeddable":true,"href":"https:\/\/miamedic.lt\/en\/wp-json\/wp\/v2\/media\/6644"}],"wp:attachment":[{"href":"https:\/\/miamedic.lt\/en\/wp-json\/wp\/v2\/media?parent=6643"}],"wp:term":[{"taxonomy":"product_cat","embeddable":true,"href":"https:\/\/miamedic.lt\/en\/wp-json\/wp\/v2\/product_cat?post=6643"},{"taxonomy":"product_tag","embeddable":true,"href":"https:\/\/miamedic.lt\/en\/wp-json\/wp\/v2\/product_tag?post=6643"}],"curies":[{"name":"wp","href":"https:\/\/api.w.org\/{rel}","templated":true}]}}