{"id":6636,"date":"2025-04-28T11:46:55","date_gmt":"2025-04-28T11:46:55","guid":{"rendered":"https:\/\/miamedic.lt\/?post_type=product&#038;p=6636"},"modified":"2025-12-01T00:29:38","modified_gmt":"2025-12-01T00:29:38","slug":"purifying-kit","status":"publish","type":"product","link":"https:\/\/miamedic.lt\/en\/shop\/purifying-kit\/","title":{"rendered":"Purifying Kit"},"content":{"rendered":"<p class=\"\" data-start=\"231\" data-end=\"302\"><strong data-start=\"231\" data-end=\"302\">OxygenCeuticals Purifying Kit \u2013 odos valymo ir balansavimo rinkinys<\/strong><\/p>\n<p class=\"\" data-start=\"304\" data-end=\"602\">OxygenCeuticals Purifying Kit \u2013 tai botanini\u0173 ekstrakt\u0173 pagrindu sukurtas odos prie\u017ei\u016bros rinkinys, skirtas \u0161velniam, bet efektyviam valymui, sebumo reguliavimui ir odos skaistinimui. Idealiai tinka riebiai, mi\u0161riai ir probleminei odai, siekiant suma\u017einti u\u017edegimus ir atkurti sveik\u0105 odos i\u0161vaizd\u0105.<\/p>\n<p class=\"\" data-start=\"604\" data-end=\"617\"><strong data-start=\"604\" data-end=\"617\">Effect:<\/strong><\/p>\n<ul data-start=\"618\" data-end=\"809\">\n<li class=\"\" data-start=\"618\" data-end=\"667\">\n<p class=\"\" data-start=\"620\" data-end=\"667\">\u0160velniai valo od\u0105 ir ma\u017eina u\u017esikim\u0161usias poras<\/p>\n<\/li>\n<li class=\"\" data-start=\"668\" data-end=\"694\">\n<p class=\"\" data-start=\"670\" data-end=\"694\">Reguliuoja sebumo gamyb\u0105<\/p>\n<\/li>\n<li class=\"\" data-start=\"695\" data-end=\"729\">\n<p class=\"\" data-start=\"697\" data-end=\"729\">Ramina sudirgusi\u0105 ir jautri\u0105 od\u0105<\/p>\n<\/li>\n<li class=\"\" data-start=\"730\" data-end=\"770\">\n<p class=\"\" data-start=\"732\" data-end=\"770\">Skaistina odos ton\u0105 ir gerina tekst\u016br\u0105<\/p>\n<\/li>\n<li class=\"\" data-start=\"771\" data-end=\"809\">\n<p class=\"\" data-start=\"773\" data-end=\"809\">Padeda i\u0161laikyti sveik\u0105 odos balans\u0105<\/p>\n<\/li>\n<\/ul>\n<p class=\"\" data-start=\"811\" data-end=\"826\"><strong data-start=\"811\" data-end=\"826\">Usage:<\/strong><\/p>\n<ul data-start=\"827\" data-end=\"1050\">\n<li class=\"\" data-start=\"827\" data-end=\"897\">\n<p class=\"\" data-start=\"829\" data-end=\"897\">Tepkite Purifying Wintergreen Serum ant \u0161varios odos, ryte ir vakare<\/p>\n<\/li>\n<li class=\"\" data-start=\"898\" data-end=\"1000\">\n<p class=\"\" data-start=\"900\" data-end=\"1000\">Ant vir\u0161aus naudokite Purifying Wintergreen Cream, kad u\u017erakintum\u0117te dr\u0117gm\u0119 ir veikli\u0105sias med\u017eiagas<\/p>\n<\/li>\n<li class=\"\" data-start=\"1001\" data-end=\"1050\">\n<p class=\"\" data-start=\"1003\" data-end=\"1050\">Tinka naudoti kasdien, ypa\u010d problemin\u0117se zonose<\/p>\n<\/li>\n<\/ul>\n<p class=\"\" data-start=\"1052\" data-end=\"1070\"><strong data-start=\"1052\" data-end=\"1070\">Suitable for use:<\/strong><\/p>\n<ul data-start=\"1071\" data-end=\"1213\">\n<li class=\"\" data-start=\"1071\" data-end=\"1109\">\n<p class=\"\" data-start=\"1073\" data-end=\"1109\">Riebiai, mi\u0161riai ir probleminei odai<\/p>\n<\/li>\n<li class=\"\" data-start=\"1110\" data-end=\"1166\">\n<p class=\"\" data-start=\"1112\" data-end=\"1166\">Odai su u\u017esikim\u0161usiomis poromis ar linkusiai \u012f spuogus<\/p>\n<\/li>\n<li class=\"\" data-start=\"1167\" data-end=\"1213\">\n<p class=\"\" data-start=\"1169\" data-end=\"1213\">Siekiant nuraminti sudirgusi\u0105 ir jautri\u0105 od\u0105<\/p>\n<\/li>\n<\/ul>\n<p class=\"\" data-start=\"1215\" data-end=\"1234\"><strong data-start=\"1215\" data-end=\"1234\">Rinkin\u012f sudaro:<\/strong><\/p>\n<ul data-start=\"1235\" data-end=\"1310\">\n<li class=\"\" data-start=\"1235\" data-end=\"1272\">\n<p class=\"\" data-start=\"1237\" data-end=\"1272\">Purifying Wintergreen Serum (50 ml)<\/p>\n<\/li>\n<li class=\"\" data-start=\"1273\" data-end=\"1310\">\n<p class=\"\" data-start=\"1275\" data-end=\"1310\">Purifying Wintergreen Cream (65 ml)<\/p>\n<\/li>\n<\/ul>","protected":false},"excerpt":{"rendered":"<p>Intensyvaus odos valymo ir atstatymo rinkinys<\/p>","protected":false},"featured_media":6637,"comment_status":"open","ping_status":"closed","template":"","meta":[],"product_cat":[200,188,107,129],"product_tag":[],"class_list":{"0":"post-6636","1":"product","2":"type-product","3":"status-publish","4":"has-post-thumbnail","6":"product_cat-dovanos","7":"product_cat-rinkiniai","8":"product_cat-serumai","9":"product_cat-veido-kremai","10":"pa_brands-oxygenceuticals","12":"first","13":"instock","14":"taxable","15":"shipping-taxable","16":"purchasable","17":"product-type-simple"},"_links":{"self":[{"href":"https:\/\/miamedic.lt\/en\/wp-json\/wp\/v2\/product\/6636","targetHints":{"allow":["GET"]}}],"collection":[{"href":"https:\/\/miamedic.lt\/en\/wp-json\/wp\/v2\/product"}],"about":[{"href":"https:\/\/miamedic.lt\/en\/wp-json\/wp\/v2\/types\/product"}],"replies":[{"embeddable":true,"href":"https:\/\/miamedic.lt\/en\/wp-json\/wp\/v2\/comments?post=6636"}],"version-history":[{"count":2,"href":"https:\/\/miamedic.lt\/en\/wp-json\/wp\/v2\/product\/6636\/revisions"}],"predecessor-version":[{"id":6649,"href":"https:\/\/miamedic.lt\/en\/wp-json\/wp\/v2\/product\/6636\/revisions\/6649"}],"wp:featuredmedia":[{"embeddable":true,"href":"https:\/\/miamedic.lt\/en\/wp-json\/wp\/v2\/media\/6637"}],"wp:attachment":[{"href":"https:\/\/miamedic.lt\/en\/wp-json\/wp\/v2\/media?parent=6636"}],"wp:term":[{"taxonomy":"product_cat","embeddable":true,"href":"https:\/\/miamedic.lt\/en\/wp-json\/wp\/v2\/product_cat?post=6636"},{"taxonomy":"product_tag","embeddable":true,"href":"https:\/\/miamedic.lt\/en\/wp-json\/wp\/v2\/product_tag?post=6636"}],"curies":[{"name":"wp","href":"https:\/\/api.w.org\/{rel}","templated":true}]}}