{"id":6628,"date":"2025-04-28T11:30:34","date_gmt":"2025-04-28T11:30:34","guid":{"rendered":"https:\/\/miamedic.lt\/?post_type=product&#038;p=6628"},"modified":"2025-12-01T00:29:38","modified_gmt":"2025-12-01T00:29:38","slug":"sunkissed-tp-sun-kit","status":"publish","type":"product","link":"https:\/\/miamedic.lt\/en\/shop\/sunkissed-tp-sun-kit\/","title":{"rendered":"SunKissed TP Sun Kit"},"content":{"rendered":"<p class=\"\" data-start=\"0\" data-end=\"78\"><strong data-start=\"0\" data-end=\"78\">OxygenCeuticals SunKissed TP Sun Kit \u2013 universal face protection set.<\/strong><\/p>\n<p class=\"\" data-start=\"80\" data-end=\"383\">OxygenCeuticals SunKissed TP Sun Kit \u2013 an exclusive UV protection set designed to effectively protect the skin from harmful sun rays and ensure long-lasting hydration. This kit is perfect for daily use and travel, as it contains both full-sized and travel-sized TP Sun Cream.<\/p>\n<p class=\"\" data-start=\"385\" data-end=\"398\"><strong data-start=\"385\" data-end=\"398\">Effect:<\/strong><\/p>\n<ul data-start=\"399\" data-end=\"717\">\n<li class=\"\" data-start=\"399\" data-end=\"455\">\n<p class=\"\" data-start=\"401\" data-end=\"455\">Protects the skin from UVA and UVB rays with SPF 50 PA++++.<\/p>\n<\/li>\n<li class=\"\" data-start=\"456\" data-end=\"512\">\n<p class=\"\" data-start=\"458\" data-end=\"512\">Provides the skin with a matte, glowing appearance without white marks.<\/p>\n<\/li>\n<li class=\"\" data-start=\"513\" data-end=\"561\">\n<p class=\"\" data-start=\"515\" data-end=\"561\">Greitai \u012fsigeria ir nepalieka riebumo poj\u016b\u010dio.<\/p>\n<\/li>\n<li class=\"\" data-start=\"562\" data-end=\"632\">\n<p class=\"\" data-start=\"564\" data-end=\"632\">Tinka vis\u0173 tip\u0173 odai, \u012fskaitant jautri\u0105 ir linkusi\u0105 \u012f dehidratacij\u0105.<\/p>\n<\/li>\n<li class=\"\" data-start=\"633\" data-end=\"717\">\n<p class=\"\" data-start=\"635\" data-end=\"717\">Idealiai tinka naudoti po kosmetini\u0173 proced\u016br\u0173 ar kaip kasdien\u0117 apsaugos priemon\u0117.<\/p>\n<\/li>\n<\/ul>\n<p class=\"\" data-start=\"719\" data-end=\"734\"><strong data-start=\"719\" data-end=\"734\">Usage:<\/strong><\/p>\n<ol data-start=\"735\" data-end=\"916\">\n<li class=\"\" data-start=\"735\" data-end=\"807\">\n<p class=\"\" data-start=\"738\" data-end=\"807\">Po \u012fprastos odos prie\u017ei\u016bros rutinos u\u017etepkite TP Sun Cream ant veido.<\/p>\n<\/li>\n<li class=\"\" data-start=\"808\" data-end=\"856\">\n<p class=\"\" data-start=\"811\" data-end=\"856\">Naudokite 15\u201330 minu\u010di\u0173 prie\u0161 saul\u0117s poveik\u012f.<\/p>\n<\/li>\n<li class=\"\" data-start=\"857\" data-end=\"916\">\n<p class=\"\" data-start=\"860\" data-end=\"916\">Pakartokite kas 2 valandas arba po kontakto su vandeniu.<\/p>\n<\/li>\n<\/ol>\n<p class=\"\" data-start=\"918\" data-end=\"936\"><strong data-start=\"918\" data-end=\"936\">Suitable for use:<\/strong><\/p>\n<ul data-start=\"937\" data-end=\"1075\">\n<li class=\"\" data-start=\"937\" data-end=\"1006\">\n<p class=\"\" data-start=\"939\" data-end=\"1006\">Visiems odos tipams, \u012fskaitant jautri\u0105 ir linkusi\u0105 \u012f dehidratacij\u0105.<\/p>\n<\/li>\n<li class=\"\" data-start=\"1007\" data-end=\"1075\">\n<p class=\"\" data-start=\"1009\" data-end=\"1075\">Po kosmetini\u0173 proced\u016br\u0173 ar kaip kasdien\u0117 saul\u0117s apsaugos priemon\u0117.<\/p>\n<\/li>\n<li data-start=\"1007\" data-end=\"1075\">\n<p class=\"\" data-start=\"1433\" data-end=\"1452\"><strong data-start=\"1433\" data-end=\"1452\">Rinkin\u012f sudaro:<\/strong><\/p>\n<ul data-start=\"1453\" data-end=\"1533\">\n<li class=\"\" data-start=\"1453\" data-end=\"1490\">\n<p class=\"\" data-start=\"1455\" data-end=\"1490\">1 pilno dyd\u017eio TP Sun Cream (50 ml)<\/p>\n<\/li>\n<li class=\"\" data-start=\"1491\" data-end=\"1533\">\n<p class=\"\" data-start=\"1493\" data-end=\"1533\">1 ma\u017eo dyd\u017eio TP Sun Cream (30 ml)<\/p>\n<\/li>\n<li>1 kelioninio dyd\u017eio TP Sun Cream (15 ml)<\/li>\n<\/ul>\n<\/li>\n<\/ul>","protected":false},"excerpt":{"rendered":"<p>Universal face protection set<\/p>","protected":false},"featured_media":6629,"comment_status":"open","ping_status":"closed","template":"","meta":[],"product_cat":[200,188,152],"product_tag":[],"class_list":{"0":"post-6628","1":"product","2":"type-product","3":"status-publish","4":"has-post-thumbnail","6":"product_cat-dovanos","7":"product_cat-rinkiniai","8":"product_cat-spf","9":"pa_brands-oxygenceuticals","11":"first","12":"instock","13":"taxable","14":"shipping-taxable","15":"purchasable","16":"product-type-simple"},"_links":{"self":[{"href":"https:\/\/miamedic.lt\/en\/wp-json\/wp\/v2\/product\/6628","targetHints":{"allow":["GET"]}}],"collection":[{"href":"https:\/\/miamedic.lt\/en\/wp-json\/wp\/v2\/product"}],"about":[{"href":"https:\/\/miamedic.lt\/en\/wp-json\/wp\/v2\/types\/product"}],"replies":[{"embeddable":true,"href":"https:\/\/miamedic.lt\/en\/wp-json\/wp\/v2\/comments?post=6628"}],"version-history":[{"count":2,"href":"https:\/\/miamedic.lt\/en\/wp-json\/wp\/v2\/product\/6628\/revisions"}],"predecessor-version":[{"id":12488,"href":"https:\/\/miamedic.lt\/en\/wp-json\/wp\/v2\/product\/6628\/revisions\/12488"}],"wp:featuredmedia":[{"embeddable":true,"href":"https:\/\/miamedic.lt\/en\/wp-json\/wp\/v2\/media\/6629"}],"wp:attachment":[{"href":"https:\/\/miamedic.lt\/en\/wp-json\/wp\/v2\/media?parent=6628"}],"wp:term":[{"taxonomy":"product_cat","embeddable":true,"href":"https:\/\/miamedic.lt\/en\/wp-json\/wp\/v2\/product_cat?post=6628"},{"taxonomy":"product_tag","embeddable":true,"href":"https:\/\/miamedic.lt\/en\/wp-json\/wp\/v2\/product_tag?post=6628"}],"curies":[{"name":"wp","href":"https:\/\/api.w.org\/{rel}","templated":true}]}}