{"id":6623,"date":"2025-04-28T11:25:11","date_gmt":"2025-04-28T11:25:11","guid":{"rendered":"https:\/\/miamedic.lt\/?post_type=product&#038;p=6623"},"modified":"2026-02-02T17:21:05","modified_gmt":"2026-02-02T17:21:05","slug":"ceutisome-bh-mask","status":"publish","type":"product","link":"https:\/\/miamedic.lt\/en\/shop\/ceutisome-bh-mask\/","title":{"rendered":"Ceutisome BH Mask"},"content":{"rendered":"<p class=\"\" data-start=\"0\" data-end=\"85\"><strong data-start=\"0\" data-end=\"85\">OxygenCeuticals Ceutisome BH Mask \u2013 pH subalansuojanti ir dr\u0117kinamoji veido kauk\u0117<\/strong><\/p>\n<p class=\"\" data-start=\"87\" data-end=\"206\"><span class=\"relative -mx-px my-[-0.2rem] rounded px-px py-[0.2rem] transition-colors duration-100 ease-in-out\">OxygenCeuticals Ceutisome BH Mask \u2013 tai auk\u0161\u010diausios kokyb\u0117s hidrogelin\u0117 veido kauk\u0117, sukurta subalansuoti odos pH, intensyviai dr\u0117kinti ir raminti jautri\u0105 bei sudirgusi\u0105 od\u0105.<\/span> <span class=\"relative -mx-px my-[-0.2rem] rounded px-px py-[0.2rem] transition-colors duration-100 ease-in-out\">\u0160i kauk\u0117 idealiai tinka po dermatologini\u0173 proced\u016br\u0173, toki\u0173 kaip lazeriai ar mikroadatinimas, norint atkurti odos pusiausvyr\u0105 ir komfort\u0105.<\/span>\u200b<\/p>\n<p class=\"\" data-start=\"208\" data-end=\"221\"><strong data-start=\"208\" data-end=\"221\">Poveikis:<\/strong><\/p>\n<ul data-start=\"222\" data-end=\"465\">\n<li class=\"\" data-start=\"222\" data-end=\"261\">\n<p class=\"\" data-start=\"224\" data-end=\"261\"><span class=\"relative -mx-px my-[-0.2rem] rounded px-px py-[0.2rem] transition-colors duration-100 ease-in-out\">Subalansuoja odos pH ir dr\u0117gm\u0117s balans\u0105<\/span><\/p>\n<\/li>\n<li class=\"\" data-start=\"262\" data-end=\"301\">\n<p class=\"\" data-start=\"264\" data-end=\"301\"><span class=\"relative -mx-px my-[-0.2rem] rounded px-px py-[0.2rem] transition-colors duration-100 ease-in-out\">Ramina sudirgusi\u0105 ir jautri\u0105 od\u0105<\/span><\/p>\n<\/li>\n<li class=\"\" data-start=\"302\" data-end=\"341\">\n<p class=\"\" data-start=\"304\" data-end=\"341\"><span class=\"relative -mx-px my-[-0.2rem] rounded px-px py-[0.2rem] transition-colors duration-100 ease-in-out\">Didina odos elastingum\u0105 ir pagerina odos tonus\u0105<\/span><\/p>\n<\/li>\n<li class=\"\" data-start=\"342\" data-end=\"381\">\n<p class=\"\" data-start=\"344\" data-end=\"381\"><span class=\"relative -mx-px my-[-0.2rem] rounded px-px py-[0.2rem] transition-colors duration-100 ease-in-out\">Suteikia odai \u0161vyt\u0117jimo ir gaivumo<\/span><\/p>\n<\/li>\n<li class=\"\" data-start=\"382\" data-end=\"465\">\n<p class=\"\" data-start=\"384\" data-end=\"465\"><span class=\"relative -mx-px my-[-0.2rem] rounded px-px py-[0.2rem] transition-colors duration-100 ease-in-out\">Tinka naudoti po dermatologini\u0173 proced\u016br\u0173<\/span>\u200b<\/p>\n<\/li>\n<\/ul>\n<p class=\"\" data-start=\"467\" data-end=\"482\"><strong data-start=\"467\" data-end=\"482\">Naudojimas:<\/strong><\/p>\n<ol data-start=\"483\" data-end=\"655\">\n<li class=\"\" data-start=\"483\" data-end=\"523\">\n<p class=\"\" data-start=\"486\" data-end=\"523\"><span class=\"relative -mx-px my-[-0.2rem] rounded px-px py-[0.2rem] transition-colors duration-100 ease-in-out\">Nuvalykite veid\u0105 ir u\u017etepkite tonik\u0105.<\/span><\/p>\n<\/li>\n<li class=\"\" data-start=\"524\" data-end=\"566\">\n<p class=\"\" data-start=\"527\" data-end=\"566\"><span class=\"relative -mx-px my-[-0.2rem] rounded px-px py-[0.2rem] transition-colors duration-100 ease-in-out\">Ant sausos odos u\u017ed\u0117kite kauk\u0119 ir palikite veikti 10\u201320 minu\u010di\u0173.<\/span><\/p>\n<\/li>\n<li class=\"\" data-start=\"567\" data-end=\"655\">\n<p class=\"\" data-start=\"570\" data-end=\"655\"><span class=\"relative -mx-px my-[-0.2rem] rounded px-px py-[0.2rem] transition-colors duration-100 ease-in-out\">Nu\u0117mus kauk\u0119, \u0161velniai \u012fmasa\u017euokite likusi\u0105 esencij\u0105 \u012f od\u0105.<\/span>\u200b<\/p>\n<\/li>\n<\/ol>\n<p class=\"\" data-start=\"657\" data-end=\"675\"><strong data-start=\"657\" data-end=\"675\">Tinka naudoti:<\/strong><\/p>\n<ul data-start=\"676\" data-end=\"847\">\n<li class=\"\" data-start=\"676\" data-end=\"717\">\n<p class=\"\" data-start=\"678\" data-end=\"717\"><span class=\"relative -mx-px my-[-0.2rem] rounded px-px py-[0.2rem] transition-colors duration-100 ease-in-out\">Vis\u0173 tip\u0173 odai, \u012fskaitant jautri\u0105 ir po proced\u016br\u0173<\/span><\/p>\n<\/li>\n<li class=\"\" data-start=\"718\" data-end=\"759\">\n<p class=\"\" data-start=\"720\" data-end=\"759\"><span class=\"relative -mx-px my-[-0.2rem] rounded px-px py-[0.2rem] transition-colors duration-100 ease-in-out\">Po dermatologini\u0173 proced\u016br\u0173, norint nuraminti ir atstatyti od\u0105<\/span><\/p>\n<\/li>\n<li class=\"\" data-start=\"760\" data-end=\"847\">\n<p class=\"\" data-start=\"762\" data-end=\"847\"><span class=\"relative -mx-px my-[-0.2rem] rounded px-px py-[0.2rem] transition-colors duration-100 ease-in-out\">Kaip intensyvaus dr\u0117kinimo ir odos pH subalansavimo priemon\u0117<\/span><\/p>\n<\/li>\n<\/ul>\n","protected":false},"excerpt":{"rendered":"<p>pH subalansuojanti ir dr\u0117kinamoji veido kauk\u0117<\/p>","protected":false},"featured_media":6624,"comment_status":"open","ping_status":"closed","template":"","meta":[],"product_cat":[420],"product_tag":[],"class_list":{"0":"post-6623","1":"product","2":"type-product","3":"status-publish","4":"has-post-thumbnail","6":"product_cat-veido-kaukes","7":"pa_brands-oxygenceuticals","8":"pa_talpa-1-vnt","9":"pa_talpa-6-vnt","11":"first","12":"instock","13":"taxable","14":"shipping-taxable","15":"purchasable","16":"product-type-variable"},"_links":{"self":[{"href":"https:\/\/miamedic.lt\/en\/wp-json\/wp\/v2\/product\/6623","targetHints":{"allow":["GET"]}}],"collection":[{"href":"https:\/\/miamedic.lt\/en\/wp-json\/wp\/v2\/product"}],"about":[{"href":"https:\/\/miamedic.lt\/en\/wp-json\/wp\/v2\/types\/product"}],"replies":[{"embeddable":true,"href":"https:\/\/miamedic.lt\/en\/wp-json\/wp\/v2\/comments?post=6623"}],"version-history":[{"count":2,"href":"https:\/\/miamedic.lt\/en\/wp-json\/wp\/v2\/product\/6623\/revisions"}],"predecessor-version":[{"id":12489,"href":"https:\/\/miamedic.lt\/en\/wp-json\/wp\/v2\/product\/6623\/revisions\/12489"}],"wp:featuredmedia":[{"embeddable":true,"href":"https:\/\/miamedic.lt\/en\/wp-json\/wp\/v2\/media\/6624"}],"wp:attachment":[{"href":"https:\/\/miamedic.lt\/en\/wp-json\/wp\/v2\/media?parent=6623"}],"wp:term":[{"taxonomy":"product_cat","embeddable":true,"href":"https:\/\/miamedic.lt\/en\/wp-json\/wp\/v2\/product_cat?post=6623"},{"taxonomy":"product_tag","embeddable":true,"href":"https:\/\/miamedic.lt\/en\/wp-json\/wp\/v2\/product_tag?post=6623"}],"curies":[{"name":"wp","href":"https:\/\/api.w.org\/{rel}","templated":true}]}}