{"id":6618,"date":"2025-04-28T11:21:47","date_gmt":"2025-04-28T11:21:47","guid":{"rendered":"https:\/\/miamedic.lt\/?post_type=product&#038;p=6618"},"modified":"2026-02-02T17:21:14","modified_gmt":"2026-02-02T17:21:14","slug":"ceutisome-pp-mask","status":"publish","type":"product","link":"https:\/\/miamedic.lt\/en\/shop\/ceutisome-pp-mask\/","title":{"rendered":"Ceutisome PP Mask"},"content":{"rendered":"<p class=\"\" data-start=\"0\" data-end=\"90\"><strong data-start=\"0\" data-end=\"90\">OxygenCeuticals Ceutisome PP Mask \u2013 atstatomoji veido kauk\u0117 jautriai odai po proced\u016br\u0173<\/strong><\/p>\n<p class=\"\" data-start=\"92\" data-end=\"211\"><span class=\"relative -mx-px my-[-0.2rem] rounded px-px py-[0.2rem] transition-colors duration-100 ease-in-out\">OxygenCeuticals Ceutisome PP Mask \u2013 tai auk\u0161\u010diausios kokyb\u0117s veido kauk\u0117, sukurta jautriai, sudirgusiai odai atstatyti po dermatologini\u0173 proced\u016br\u0173, toki\u0173 kaip lazeriai ar mikroadatinimas.<\/span> <span class=\"relative -mx-px my-[-0.2rem] rounded px-px py-[0.2rem] transition-colors duration-100 ease-in-out\">Pagaminta i\u0161 mink\u0161t\u0173 nat\u016bralios kilm\u0117s audini\u0173, \u0161i kauk\u0117 efektyviai ramina, dr\u0117kina ir stiprina odos barjer\u0105.<\/span>\u200b<\/p>\n<p class=\"\" data-start=\"213\" data-end=\"226\"><strong data-start=\"213\" data-end=\"226\">Poveikis:<\/strong><\/p>\n<ul data-start=\"227\" data-end=\"470\">\n<li class=\"\" data-start=\"227\" data-end=\"266\">\n<p class=\"\" data-start=\"229\" data-end=\"266\"><span class=\"relative -mx-px my-[-0.2rem] rounded px-px py-[0.2rem] transition-colors duration-100 ease-in-out\">Intensyviai dr\u0117kina ir atkuria od\u0105 po proced\u016br\u0173<\/span><\/p>\n<\/li>\n<li class=\"\" data-start=\"267\" data-end=\"306\">\n<p class=\"\" data-start=\"269\" data-end=\"306\"><span class=\"relative -mx-px my-[-0.2rem] rounded px-px py-[0.2rem] transition-colors duration-100 ease-in-out\">Ramina sudirgusi\u0105 ir jautri\u0105 od\u0105<\/span><\/p>\n<\/li>\n<li class=\"\" data-start=\"307\" data-end=\"346\">\n<p class=\"\" data-start=\"309\" data-end=\"346\"><span class=\"relative -mx-px my-[-0.2rem] rounded px-px py-[0.2rem] transition-colors duration-100 ease-in-out\">Stiprina odos apsaugin\u012f barjer\u0105<\/span><\/p>\n<\/li>\n<li class=\"\" data-start=\"347\" data-end=\"386\">\n<p class=\"\" data-start=\"349\" data-end=\"386\"><span class=\"relative -mx-px my-[-0.2rem] rounded px-px py-[0.2rem] transition-colors duration-100 ease-in-out\">Suteikia odai elastingumo ir \u0161velnumo<\/span><\/p>\n<\/li>\n<li class=\"\" data-start=\"387\" data-end=\"470\">\n<p class=\"\" data-start=\"389\" data-end=\"470\"><span class=\"relative -mx-px my-[-0.2rem] rounded px-px py-[0.2rem] transition-colors duration-100 ease-in-out\">Tinka naudoti po dermatologini\u0173 proced\u016br\u0173<\/span>\u200b<\/p>\n<\/li>\n<\/ul>\n<p class=\"\" data-start=\"472\" data-end=\"487\"><strong data-start=\"472\" data-end=\"487\">Naudojimas:<\/strong><\/p>\n<ol data-start=\"488\" data-end=\"660\">\n<li class=\"\" data-start=\"488\" data-end=\"528\">\n<p class=\"\" data-start=\"491\" data-end=\"528\"><span class=\"relative -mx-px my-[-0.2rem] rounded px-px py-[0.2rem] transition-colors duration-100 ease-in-out\">Nuvalykite veid\u0105 ir u\u017etepkite tonik\u0105.<\/span><\/p>\n<\/li>\n<li class=\"\" data-start=\"529\" data-end=\"571\">\n<p class=\"\" data-start=\"532\" data-end=\"571\"><span class=\"relative -mx-px my-[-0.2rem] rounded px-px py-[0.2rem] transition-colors duration-100 ease-in-out\">Ant sausos odos u\u017ed\u0117kite kauk\u0119 ir palikite veikti 10\u201320 minu\u010di\u0173.<\/span><\/p>\n<\/li>\n<li class=\"\" data-start=\"572\" data-end=\"660\">\n<p class=\"\" data-start=\"575\" data-end=\"660\"><span class=\"relative -mx-px my-[-0.2rem] rounded px-px py-[0.2rem] transition-colors duration-100 ease-in-out\">Nu\u0117mus kauk\u0119, \u0161velniai \u012fmasa\u017euokite likusi\u0105 esencij\u0105 \u012f od\u0105.<\/span>\u200b<\/p>\n<\/li>\n<\/ol>\n<p class=\"\" data-start=\"662\" data-end=\"680\"><strong data-start=\"662\" data-end=\"680\">Tinka naudoti:<\/strong><\/p>\n<ul data-start=\"681\" data-end=\"852\">\n<li class=\"\" data-start=\"681\" data-end=\"722\">\n<p class=\"\" data-start=\"683\" data-end=\"722\"><span class=\"relative -mx-px my-[-0.2rem] rounded px-px py-[0.2rem] transition-colors duration-100 ease-in-out\">Vis\u0173 tip\u0173 odai, \u012fskaitant jautri\u0105 ir po proced\u016br\u0173<\/span><\/p>\n<\/li>\n<li class=\"\" data-start=\"723\" data-end=\"764\">\n<p class=\"\" data-start=\"725\" data-end=\"764\"><span class=\"relative -mx-px my-[-0.2rem] rounded px-px py-[0.2rem] transition-colors duration-100 ease-in-out\">Po dermatologini\u0173 proced\u016br\u0173, norint nuraminti ir atstatyti od\u0105<\/span><\/p>\n<\/li>\n<li class=\"\" data-start=\"765\" data-end=\"852\">\n<p class=\"\" data-start=\"767\" data-end=\"852\"><span class=\"relative -mx-px my-[-0.2rem] rounded px-px py-[0.2rem] transition-colors duration-100 ease-in-out\">Kaip intensyvaus dr\u0117kinimo ir odos barjero stiprinimo priemon\u0117<\/span><\/p>\n<\/li>\n<\/ul>\n","protected":false},"excerpt":{"rendered":"<p>Atstatomoji veido kauk\u0117 jautriai odai po proced\u016br\u0173<\/p>","protected":false},"featured_media":6619,"comment_status":"open","ping_status":"closed","template":"","meta":[],"product_cat":[420],"product_tag":[],"class_list":{"0":"post-6618","1":"product","2":"type-product","3":"status-publish","4":"has-post-thumbnail","6":"product_cat-veido-kaukes","7":"pa_brands-oxygenceuticals","8":"pa_talpa-1-vnt","9":"pa_talpa-6-vnt","11":"first","12":"instock","13":"taxable","14":"shipping-taxable","15":"purchasable","16":"product-type-variable"},"_links":{"self":[{"href":"https:\/\/miamedic.lt\/en\/wp-json\/wp\/v2\/product\/6618","targetHints":{"allow":["GET"]}}],"collection":[{"href":"https:\/\/miamedic.lt\/en\/wp-json\/wp\/v2\/product"}],"about":[{"href":"https:\/\/miamedic.lt\/en\/wp-json\/wp\/v2\/types\/product"}],"replies":[{"embeddable":true,"href":"https:\/\/miamedic.lt\/en\/wp-json\/wp\/v2\/comments?post=6618"}],"version-history":[{"count":2,"href":"https:\/\/miamedic.lt\/en\/wp-json\/wp\/v2\/product\/6618\/revisions"}],"predecessor-version":[{"id":12490,"href":"https:\/\/miamedic.lt\/en\/wp-json\/wp\/v2\/product\/6618\/revisions\/12490"}],"wp:featuredmedia":[{"embeddable":true,"href":"https:\/\/miamedic.lt\/en\/wp-json\/wp\/v2\/media\/6619"}],"wp:attachment":[{"href":"https:\/\/miamedic.lt\/en\/wp-json\/wp\/v2\/media?parent=6618"}],"wp:term":[{"taxonomy":"product_cat","embeddable":true,"href":"https:\/\/miamedic.lt\/en\/wp-json\/wp\/v2\/product_cat?post=6618"},{"taxonomy":"product_tag","embeddable":true,"href":"https:\/\/miamedic.lt\/en\/wp-json\/wp\/v2\/product_tag?post=6618"}],"curies":[{"name":"wp","href":"https:\/\/api.w.org\/{rel}","templated":true}]}}