{"id":6613,"date":"2025-04-28T11:18:27","date_gmt":"2025-04-28T11:18:27","guid":{"rendered":"https:\/\/miamedic.lt\/?post_type=product&#038;p=6613"},"modified":"2026-02-02T17:21:25","modified_gmt":"2026-02-02T17:21:25","slug":"ceutisome-cc-mask","status":"publish","type":"product","link":"https:\/\/miamedic.lt\/en\/shop\/ceutisome-cc-mask\/","title":{"rendered":"Ceutisome CC Mask"},"content":{"rendered":"<p class=\"\" data-start=\"0\" data-end=\"76\"><strong data-start=\"0\" data-end=\"76\">OxygenCeuticals Ceutisome CC Mask \u2013 au\u0161inamoji ir raminamoji veido kauk\u0117<\/strong><\/p>\n<p class=\"\" data-start=\"78\" data-end=\"197\"><span class=\"relative -mx-px my-[-0.2rem] rounded px-px py-[0.2rem] transition-colors duration-100 ease-in-out\">OxygenCeuticals Ceutisome CC Mask \u2013 tai prabangi au\u0161inamoji veido kauk\u0117, sukurta kontroliuoti riebal\u0173 gamyb\u0105, suteikti odai \u0161vyt\u0117jimo ir subalansuoti odos tonus\u0105.<\/span> <span class=\"relative -mx-px my-[-0.2rem] rounded px-px py-[0.2rem] transition-colors duration-100 ease-in-out\">Pagaminta i\u0161 ultra\u0161velnaus medviln\u0117s linterio audinio Bemliese\u2122, \u0161i kauk\u0117 u\u017etikrina auk\u0161t\u0105 esencijos \u012fsisavinim\u0105 ir ilgalaik\u012f raminam\u0105j\u012f poveik\u012f.<\/span>\u200b<\/p>\n<p class=\"\" data-start=\"199\" data-end=\"212\"><strong data-start=\"199\" data-end=\"212\">Poveikis:<\/strong><\/p>\n<ul data-start=\"213\" data-end=\"416\">\n<li class=\"\" data-start=\"213\" data-end=\"252\">\n<p class=\"\" data-start=\"215\" data-end=\"252\"><span class=\"relative -mx-px my-[-0.2rem] rounded px-px py-[0.2rem] transition-colors duration-100 ease-in-out\">Intensyviai au\u0161ina ir ramina od\u0105<\/span><\/p>\n<\/li>\n<li class=\"\" data-start=\"253\" data-end=\"292\">\n<p class=\"\" data-start=\"255\" data-end=\"292\"><span class=\"relative -mx-px my-[-0.2rem] rounded px-px py-[0.2rem] transition-colors duration-100 ease-in-out\">Reguliuoja riebal\u0173 gamyb\u0105, suteikdama matin\u012f ir \u0161vytint\u012f \u012fvaizd\u012f<\/span><\/p>\n<\/li>\n<li class=\"\" data-start=\"293\" data-end=\"332\">\n<p class=\"\" data-start=\"295\" data-end=\"332\"><span class=\"relative -mx-px my-[-0.2rem] rounded px-px py-[0.2rem] transition-colors duration-100 ease-in-out\">Subalansuoja odos tonus\u0105 ir ma\u017eina paraudimus<\/span><\/p>\n<\/li>\n<li class=\"\" data-start=\"333\" data-end=\"416\">\n<p class=\"\" data-start=\"335\" data-end=\"416\"><span class=\"relative -mx-px my-[-0.2rem] rounded px-px py-[0.2rem] transition-colors duration-100 ease-in-out\">Tinka naudoti po proced\u016br\u0173 arba kaip kasdien\u0117 prie\u017ei\u016bros priemon\u0117<\/span>\u200b<\/p>\n<\/li>\n<\/ul>\n<p class=\"\" data-start=\"418\" data-end=\"433\"><strong data-start=\"418\" data-end=\"433\">Naudojimas:<\/strong><\/p>\n<ol data-start=\"434\" data-end=\"604\">\n<li class=\"\" data-start=\"434\" data-end=\"474\">\n<p class=\"\" data-start=\"437\" data-end=\"474\"><span class=\"relative -mx-px my-[-0.2rem] rounded px-px py-[0.2rem] transition-colors duration-100 ease-in-out\">Nuvalykite veid\u0105 ir u\u017etepkite tonik\u0105.<\/span><\/p>\n<\/li>\n<li class=\"\" data-start=\"475\" data-end=\"515\">\n<p class=\"\" data-start=\"478\" data-end=\"515\"><span class=\"relative -mx-px my-[-0.2rem] rounded px-px py-[0.2rem] transition-colors duration-100 ease-in-out\">Ant sausos odos u\u017ed\u0117kite kauk\u0119 ir palikite veikti 10\u201320 minu\u010di\u0173.<\/span><\/p>\n<\/li>\n<li class=\"\" data-start=\"516\" data-end=\"604\">\n<p class=\"\" data-start=\"519\" data-end=\"604\"><span class=\"relative -mx-px my-[-0.2rem] rounded px-px py-[0.2rem] transition-colors duration-100 ease-in-out\">Nu\u0117mus kauk\u0119, \u0161velniai \u012fmasa\u017euokite likusi\u0105 esencij\u0105 \u012f od\u0105.<\/span>\u200b<\/p>\n<\/li>\n<\/ol>\n<p class=\"\" data-start=\"606\" data-end=\"624\"><strong data-start=\"606\" data-end=\"624\">Tinka naudoti:<\/strong><\/p>\n<ul data-start=\"625\" data-end=\"796\">\n<li class=\"\" data-start=\"625\" data-end=\"666\">\n<p class=\"\" data-start=\"627\" data-end=\"666\"><span class=\"relative -mx-px my-[-0.2rem] rounded px-px py-[0.2rem] transition-colors duration-100 ease-in-out\">Vis\u0173 tip\u0173 odai, \u012fskaitant jautri\u0105 ir brand\u017ei\u0105<\/span><\/p>\n<\/li>\n<li class=\"\" data-start=\"667\" data-end=\"708\">\n<p class=\"\" data-start=\"669\" data-end=\"708\"><span class=\"relative -mx-px my-[-0.2rem] rounded px-px py-[0.2rem] transition-colors duration-100 ease-in-out\">Po kosmetini\u0173 proced\u016br\u0173, norint nuraminti ir atstatyti od\u0105<\/span><\/p>\n<\/li>\n<li class=\"\" data-start=\"709\" data-end=\"796\">\n<p class=\"\" data-start=\"711\" data-end=\"796\"><span class=\"relative -mx-px my-[-0.2rem] rounded px-px py-[0.2rem] transition-colors duration-100 ease-in-out\">Kaip intensyvaus dr\u0117kinimo priemon\u0117<\/span><\/p>\n<\/li>\n<\/ul>\n","protected":false},"excerpt":{"rendered":"<p>Raminamoji veido kauk\u0117<\/p>","protected":false},"featured_media":6614,"comment_status":"open","ping_status":"closed","template":"","meta":[],"product_cat":[420],"product_tag":[],"class_list":{"0":"post-6613","1":"product","2":"type-product","3":"status-publish","4":"has-post-thumbnail","6":"product_cat-veido-kaukes","7":"pa_brands-oxygenceuticals","8":"pa_talpa-1-vnt","9":"pa_talpa-6-vnt","11":"first","12":"instock","13":"taxable","14":"shipping-taxable","15":"purchasable","16":"product-type-variable"},"_links":{"self":[{"href":"https:\/\/miamedic.lt\/en\/wp-json\/wp\/v2\/product\/6613","targetHints":{"allow":["GET"]}}],"collection":[{"href":"https:\/\/miamedic.lt\/en\/wp-json\/wp\/v2\/product"}],"about":[{"href":"https:\/\/miamedic.lt\/en\/wp-json\/wp\/v2\/types\/product"}],"replies":[{"embeddable":true,"href":"https:\/\/miamedic.lt\/en\/wp-json\/wp\/v2\/comments?post=6613"}],"version-history":[{"count":2,"href":"https:\/\/miamedic.lt\/en\/wp-json\/wp\/v2\/product\/6613\/revisions"}],"predecessor-version":[{"id":12491,"href":"https:\/\/miamedic.lt\/en\/wp-json\/wp\/v2\/product\/6613\/revisions\/12491"}],"wp:featuredmedia":[{"embeddable":true,"href":"https:\/\/miamedic.lt\/en\/wp-json\/wp\/v2\/media\/6614"}],"wp:attachment":[{"href":"https:\/\/miamedic.lt\/en\/wp-json\/wp\/v2\/media?parent=6613"}],"wp:term":[{"taxonomy":"product_cat","embeddable":true,"href":"https:\/\/miamedic.lt\/en\/wp-json\/wp\/v2\/product_cat?post=6613"},{"taxonomy":"product_tag","embeddable":true,"href":"https:\/\/miamedic.lt\/en\/wp-json\/wp\/v2\/product_tag?post=6613"}],"curies":[{"name":"wp","href":"https:\/\/api.w.org\/{rel}","templated":true}]}}