{"id":6608,"date":"2025-04-28T11:14:55","date_gmt":"2025-04-28T11:14:55","guid":{"rendered":"https:\/\/miamedic.lt\/?post_type=product&#038;p=6608"},"modified":"2026-02-02T17:21:35","modified_gmt":"2026-02-02T17:21:35","slug":"ceutisome-ag-mask","status":"publish","type":"product","link":"https:\/\/miamedic.lt\/en\/shop\/ceutisome-ag-mask\/","title":{"rendered":"Ceutisome AG Mask"},"content":{"rendered":"<p class=\"\" data-start=\"0\" data-end=\"80\"><strong data-start=\"0\" data-end=\"80\">OxygenCeuticals Ceutisome AG Mask \u2013 dr\u0117kinamoji ir stangrinamoji veido kauk\u0117<\/strong><\/p>\n<p class=\"\" data-start=\"82\" data-end=\"340\">OxygenCeuticals Ceutisome AG Mask \u2013 tai auk\u0161\u010diausios kokyb\u0117s hidrogelin\u0117 veido kauk\u0117, sukurta intensyviam dr\u0117kinimui, stangrinimui ir odos atjauninimui. \u0160i kauk\u0117 idealiai tinka brand\u017eiai, pavargusiai, dehidratuotai ar po kosmetini\u0173 proced\u016br\u0173 atstatomai odai.<\/p>\n<p class=\"\" data-start=\"342\" data-end=\"355\"><strong data-start=\"342\" data-end=\"355\">Effect:<\/strong><\/p>\n<ul data-start=\"356\" data-end=\"581\">\n<li class=\"\" data-start=\"356\" data-end=\"394\">\n<p class=\"\" data-start=\"358\" data-end=\"394\">Intensyviai dr\u0117kina ir atgaivina od\u0105<\/p>\n<\/li>\n<li class=\"\" data-start=\"395\" data-end=\"447\">\n<p class=\"\" data-start=\"397\" data-end=\"447\">Suma\u017eina smulkias rauk\u0161les ir pagerina odos tonus\u0105<\/p>\n<\/li>\n<li class=\"\" data-start=\"448\" data-end=\"476\">\n<p class=\"\" data-start=\"450\" data-end=\"476\">Stangrina ir tonizuoja od\u0105<\/p>\n<\/li>\n<li class=\"\" data-start=\"477\" data-end=\"513\">\n<p class=\"\" data-start=\"479\" data-end=\"513\">Suteikia odai \u0161vyt\u0117jimo ir gaivumo<\/p>\n<\/li>\n<li class=\"\" data-start=\"514\" data-end=\"581\">\n<p class=\"\" data-start=\"516\" data-end=\"581\">Tinka naudoti po proced\u016br\u0173 arba kaip kasdien\u0117 prie\u017ei\u016bros priemon\u0117<\/p>\n<\/li>\n<\/ul>\n<p class=\"\" data-start=\"583\" data-end=\"598\"><strong data-start=\"583\" data-end=\"598\">Usage:<\/strong><\/p>\n<ol data-start=\"599\" data-end=\"770\">\n<li class=\"\" data-start=\"599\" data-end=\"639\">\n<p class=\"\" data-start=\"602\" data-end=\"639\">Nuvalykite veid\u0105 ir u\u017etepkite tonik\u0105.<\/p>\n<\/li>\n<li class=\"\" data-start=\"640\" data-end=\"707\">\n<p class=\"\" data-start=\"643\" data-end=\"707\">Ant sausos odos u\u017ed\u0117kite kauk\u0119 ir palikite veikti 10\u201320 minu\u010di\u0173.<\/p>\n<\/li>\n<li class=\"\" data-start=\"708\" data-end=\"770\">\n<p class=\"\" data-start=\"711\" data-end=\"770\">Nu\u0117mus kauk\u0119, \u0161velniai \u012fmasa\u017euokite likusi\u0105 esencij\u0105 \u012f od\u0105.<\/p>\n<\/li>\n<\/ol>\n<p class=\"\" data-start=\"772\" data-end=\"790\"><strong data-start=\"772\" data-end=\"790\">Suitable for use:<\/strong><\/p>\n<ul data-start=\"791\" data-end=\"937\">\n<li class=\"\" data-start=\"791\" data-end=\"838\">\n<p class=\"\" data-start=\"793\" data-end=\"838\">Vis\u0173 tip\u0173 odai, \u012fskaitant jautri\u0105 ir brand\u017ei\u0105<\/p>\n<\/li>\n<li class=\"\" data-start=\"839\" data-end=\"899\">\n<p class=\"\" data-start=\"841\" data-end=\"899\">Po kosmetini\u0173 proced\u016br\u0173, norint nuraminti ir atstatyti od\u0105<\/p>\n<\/li>\n<li class=\"\" data-start=\"900\" data-end=\"937\">\n<p class=\"\" data-start=\"902\" data-end=\"937\">Kaip intensyvaus dr\u0117kinimo priemon\u0117<\/p>\n<\/li>\n<\/ul>","protected":false},"excerpt":{"rendered":"<p>Dr\u0117kinamoji ir stangrinamoji veido kauk\u0117<\/p>","protected":false},"featured_media":6609,"comment_status":"open","ping_status":"closed","template":"","meta":[],"product_cat":[420],"product_tag":[],"class_list":{"0":"post-6608","1":"product","2":"type-product","3":"status-publish","4":"has-post-thumbnail","6":"product_cat-veido-kaukes","7":"pa_brands-oxygenceuticals","8":"pa_talpa-1-vnt","9":"pa_talpa-6-vnt","11":"first","12":"instock","13":"taxable","14":"shipping-taxable","15":"purchasable","16":"product-type-variable"},"_links":{"self":[{"href":"https:\/\/miamedic.lt\/en\/wp-json\/wp\/v2\/product\/6608","targetHints":{"allow":["GET"]}}],"collection":[{"href":"https:\/\/miamedic.lt\/en\/wp-json\/wp\/v2\/product"}],"about":[{"href":"https:\/\/miamedic.lt\/en\/wp-json\/wp\/v2\/types\/product"}],"replies":[{"embeddable":true,"href":"https:\/\/miamedic.lt\/en\/wp-json\/wp\/v2\/comments?post=6608"}],"version-history":[{"count":2,"href":"https:\/\/miamedic.lt\/en\/wp-json\/wp\/v2\/product\/6608\/revisions"}],"predecessor-version":[{"id":12492,"href":"https:\/\/miamedic.lt\/en\/wp-json\/wp\/v2\/product\/6608\/revisions\/12492"}],"wp:featuredmedia":[{"embeddable":true,"href":"https:\/\/miamedic.lt\/en\/wp-json\/wp\/v2\/media\/6609"}],"wp:attachment":[{"href":"https:\/\/miamedic.lt\/en\/wp-json\/wp\/v2\/media?parent=6608"}],"wp:term":[{"taxonomy":"product_cat","embeddable":true,"href":"https:\/\/miamedic.lt\/en\/wp-json\/wp\/v2\/product_cat?post=6608"},{"taxonomy":"product_tag","embeddable":true,"href":"https:\/\/miamedic.lt\/en\/wp-json\/wp\/v2\/product_tag?post=6608"}],"curies":[{"name":"wp","href":"https:\/\/api.w.org\/{rel}","templated":true}]}}