{"id":6602,"date":"2025-04-28T11:04:00","date_gmt":"2025-04-28T11:04:00","guid":{"rendered":"https:\/\/miamedic.lt\/?post_type=product&#038;p=6602"},"modified":"2026-02-02T17:21:45","modified_gmt":"2026-02-02T17:21:45","slug":"cryogel-velvet-mask","status":"publish","type":"product","link":"https:\/\/miamedic.lt\/en\/shop\/cryogel-velvet-mask\/","title":{"rendered":"CryoGel Velvet Mask"},"content":{"rendered":"<p class=\"\" data-start=\"0\" data-end=\"110\"><strong data-start=\"0\" data-end=\"110\">OxygenCeuticals CryoGel Velvet Mask \u2013 trij\u0173 sluoksni\u0173 dr\u0117kinamoji ir stangrinamoji hidrogelin\u0117 veido kauk\u0117<\/strong><\/p>\n<p class=\"\" data-start=\"112\" data-end=\"231\"><span class=\"relative -mx-px my-[-0.2rem] rounded px-px py-[0.2rem] transition-colors duration-100 ease-in-out\">OxygenCeuticals CryoGel Velvet Mask \u2013 tai prabangi trij\u0173 sluoksni\u0173 hidrogelin\u0117 kauk\u0117, sukurta intensyviam dr\u0117kinimui, odos stangrinimui ir \u0161vyt\u0117jimo atgavimui.<\/span> <span class=\"relative -mx-px my-[-0.2rem] rounded px-px py-[0.2rem] transition-colors duration-100 ease-in-out\">\u0160i kauk\u0117 idealiai tinka po kosmetini\u0173 proced\u016br\u0173, norint nuraminti, atstatyti ir atgaivinti od\u0105.<\/span><\/p>\n<p class=\"\" data-start=\"233\" data-end=\"246\"><strong data-start=\"233\" data-end=\"246\">Poveikis:<\/strong><\/p>\n<ul data-start=\"247\" data-end=\"490\">\n<li class=\"\" data-start=\"247\" data-end=\"286\">\n<p class=\"\" data-start=\"249\" data-end=\"286\"><span class=\"relative -mx-px my-[-0.2rem] rounded px-px py-[0.2rem] transition-colors duration-100 ease-in-out\">Intensyviai dr\u0117kina ir atgaivina od\u0105<\/span><\/p>\n<\/li>\n<li class=\"\" data-start=\"287\" data-end=\"326\">\n<p class=\"\" data-start=\"289\" data-end=\"326\"><span class=\"relative -mx-px my-[-0.2rem] rounded px-px py-[0.2rem] transition-colors duration-100 ease-in-out\">Gerina odos elastingum\u0105 ir stangrum\u0105<\/span><\/p>\n<\/li>\n<li class=\"\" data-start=\"327\" data-end=\"366\">\n<p class=\"\" data-start=\"329\" data-end=\"366\"><span class=\"relative -mx-px my-[-0.2rem] rounded px-px py-[0.2rem] transition-colors duration-100 ease-in-out\">Ma\u017eina smulkias rauk\u0161les ir pagerina odos tonus\u0105<\/span><\/p>\n<\/li>\n<li class=\"\" data-start=\"367\" data-end=\"406\">\n<p class=\"\" data-start=\"369\" data-end=\"406\"><span class=\"relative -mx-px my-[-0.2rem] rounded px-px py-[0.2rem] transition-colors duration-100 ease-in-out\">Suteikia odai \u0161vyt\u0117jimo ir gaivumo<\/span><\/p>\n<\/li>\n<li class=\"\" data-start=\"407\" data-end=\"490\">\n<p class=\"\" data-start=\"409\" data-end=\"490\"><span class=\"relative -mx-px my-[-0.2rem] rounded px-px py-[0.2rem] transition-colors duration-100 ease-in-out\">Tinka naudoti po proced\u016br\u0173 arba kaip kasdien\u0117 prie\u017ei\u016bros priemon\u0117<\/span>\u200b<\/p>\n<\/li>\n<\/ul>\n<p class=\"\" data-start=\"492\" data-end=\"507\"><strong data-start=\"492\" data-end=\"507\">Naudojimas:<\/strong><\/p>\n<ol data-start=\"508\" data-end=\"723\">\n<li class=\"\" data-start=\"508\" data-end=\"548\">\n<p class=\"\" data-start=\"511\" data-end=\"548\"><span class=\"relative -mx-px my-[-0.2rem] rounded px-px py-[0.2rem] transition-colors duration-100 ease-in-out\">Nuvalykite veid\u0105 ir u\u017etepkite tonik\u0105.<\/span><\/p>\n<\/li>\n<li class=\"\" data-start=\"549\" data-end=\"591\">\n<p class=\"\" data-start=\"552\" data-end=\"591\"><span class=\"relative -mx-px my-[-0.2rem] rounded px-px py-[0.2rem] transition-colors duration-100 ease-in-out\">Ant sausos odos tolygiai u\u017etepkite plon\u0105 kauk\u0117s sluoksn\u012f, vengdami aki\u0173 srities.<\/span><\/p>\n<\/li>\n<li class=\"\" data-start=\"592\" data-end=\"634\">\n<p class=\"\" data-start=\"595\" data-end=\"634\"><span class=\"relative -mx-px my-[-0.2rem] rounded px-px py-[0.2rem] transition-colors duration-100 ease-in-out\">Palikite veikti 10\u201320 minu\u010di\u0173.<\/span><\/p>\n<\/li>\n<li class=\"\" data-start=\"635\" data-end=\"723\">\n<p class=\"\" data-start=\"638\" data-end=\"723\"><span class=\"relative -mx-px my-[-0.2rem] rounded px-px py-[0.2rem] transition-colors duration-100 ease-in-out\">Nuplaukite \u0161iltu vandeniu.<\/span>\u200b<\/p>\n<\/li>\n<\/ol>\n<p class=\"\" data-start=\"725\" data-end=\"743\"><strong data-start=\"725\" data-end=\"743\">Tinka naudoti:<\/strong><\/p>\n<ul data-start=\"744\" data-end=\"915\">\n<li class=\"\" data-start=\"744\" data-end=\"785\">\n<p class=\"\" data-start=\"746\" data-end=\"785\"><span class=\"relative -mx-px my-[-0.2rem] rounded px-px py-[0.2rem] transition-colors duration-100 ease-in-out\">Vis\u0173 tip\u0173 odai, \u012fskaitant jautri\u0105 ir brand\u017ei\u0105<\/span><\/p>\n<\/li>\n<li class=\"\" data-start=\"786\" data-end=\"827\">\n<p class=\"\" data-start=\"788\" data-end=\"827\"><span class=\"relative -mx-px my-[-0.2rem] rounded px-px py-[0.2rem] transition-colors duration-100 ease-in-out\">Po kosmetini\u0173 proced\u016br\u0173, norint nuraminti ir atstatyti od\u0105<\/span><\/p>\n<\/li>\n<li class=\"\" data-start=\"828\" data-end=\"915\">\n<p class=\"\" data-start=\"830\" data-end=\"915\"><span class=\"relative -mx-px my-[-0.2rem] rounded px-px py-[0.2rem] transition-colors duration-100 ease-in-out\">Kaip intensyvaus dr\u0117kinimo priemon\u0117<\/span><\/p>\n<\/li>\n<\/ul>\n","protected":false},"excerpt":{"rendered":"<p>Dr\u0117kinamoji ir stangrinamoji hidrogelin\u0117 veido kauk\u0117<\/p>","protected":false},"featured_media":6603,"comment_status":"open","ping_status":"closed","template":"","meta":[],"product_cat":[420],"product_tag":[],"class_list":{"0":"post-6602","1":"product","2":"type-product","3":"status-publish","4":"has-post-thumbnail","6":"product_cat-veido-kaukes","7":"pa_brands-oxygenceuticals","8":"pa_talpa-1vnt","9":"pa_talpa-6-vnt","11":"first","12":"instock","13":"taxable","14":"shipping-taxable","15":"purchasable","16":"product-type-variable"},"_links":{"self":[{"href":"https:\/\/miamedic.lt\/en\/wp-json\/wp\/v2\/product\/6602","targetHints":{"allow":["GET"]}}],"collection":[{"href":"https:\/\/miamedic.lt\/en\/wp-json\/wp\/v2\/product"}],"about":[{"href":"https:\/\/miamedic.lt\/en\/wp-json\/wp\/v2\/types\/product"}],"replies":[{"embeddable":true,"href":"https:\/\/miamedic.lt\/en\/wp-json\/wp\/v2\/comments?post=6602"}],"version-history":[{"count":3,"href":"https:\/\/miamedic.lt\/en\/wp-json\/wp\/v2\/product\/6602\/revisions"}],"predecessor-version":[{"id":12493,"href":"https:\/\/miamedic.lt\/en\/wp-json\/wp\/v2\/product\/6602\/revisions\/12493"}],"wp:featuredmedia":[{"embeddable":true,"href":"https:\/\/miamedic.lt\/en\/wp-json\/wp\/v2\/media\/6603"}],"wp:attachment":[{"href":"https:\/\/miamedic.lt\/en\/wp-json\/wp\/v2\/media?parent=6602"}],"wp:term":[{"taxonomy":"product_cat","embeddable":true,"href":"https:\/\/miamedic.lt\/en\/wp-json\/wp\/v2\/product_cat?post=6602"},{"taxonomy":"product_tag","embeddable":true,"href":"https:\/\/miamedic.lt\/en\/wp-json\/wp\/v2\/product_tag?post=6602"}],"curies":[{"name":"wp","href":"https:\/\/api.w.org\/{rel}","templated":true}]}}