{"id":6597,"date":"2025-04-28T09:52:01","date_gmt":"2025-04-28T09:52:01","guid":{"rendered":"https:\/\/miamedic.lt\/?post_type=product&#038;p=6597"},"modified":"2026-02-02T17:22:01","modified_gmt":"2026-02-02T17:22:01","slug":"clarifying-mask","status":"publish","type":"product","link":"https:\/\/miamedic.lt\/en\/shop\/clarifying-mask\/","title":{"rendered":"Clarifying Mask"},"content":{"rendered":"<p class=\"\" data-start=\"0\" data-end=\"75\"><strong data-start=\"0\" data-end=\"75\">OxygenCeuticals Clarifying Mask \u2013 giluminis valymas ir riebal\u0173 kontrol\u0117<\/strong><\/p>\n<p class=\"\" data-start=\"77\" data-end=\"196\"><span class=\"relative -mx-px my-[-0.2rem] rounded px-px py-[0.2rem] transition-colors duration-100 ease-in-out\">OxygenCeuticals Clarifying Mask \u2013 tai valomoji kauk\u0117, sukurta kovoti su riebal\u0173 pertekliumi, ne\u0161varumais ir ink\u0161tirais.<\/span> <span class=\"relative -mx-px my-[-0.2rem] rounded px-px py-[0.2rem] transition-colors duration-100 ease-in-out\">Naudojant \u0161i\u0105 kauk\u0119, oda tampa \u0161varesn\u0117, lygesn\u0117 ir ma\u017eiau blizganti.<\/span>\u200b<\/p>\n<p class=\"\" data-start=\"198\" data-end=\"222\"><strong data-start=\"198\" data-end=\"222\">Pagrindin\u0117s savyb\u0117s:<\/strong><\/p>\n<ul data-start=\"223\" data-end=\"521\">\n<li class=\"\" data-start=\"223\" data-end=\"285\">\n<p class=\"\" data-start=\"225\" data-end=\"285\"><strong data-start=\"225\" data-end=\"247\">Giluminis valymas:<\/strong> <span class=\"relative -mx-px my-[-0.2rem] rounded px-px py-[0.2rem] transition-colors duration-100 ease-in-out\">Kaolino molis efektyviai sugeria riebalus ir ne\u0161varumus, valo poras.<\/span><\/p>\n<\/li>\n<li class=\"\" data-start=\"286\" data-end=\"347\">\n<p class=\"\" data-start=\"288\" data-end=\"347\"><strong data-start=\"288\" data-end=\"309\">Riebal\u0173 kontrol\u0117:<\/strong> <span class=\"relative -mx-px my-[-0.2rem] rounded px-px py-[0.2rem] transition-colors duration-100 ease-in-out\">Padeda reguliuoti riebal\u0173 gamyb\u0105, ma\u017eindama blizges\u012f ir u\u017edegimus.<\/span><\/p>\n<\/li>\n<li class=\"\" data-start=\"348\" data-end=\"408\">\n<p class=\"\" data-start=\"350\" data-end=\"408\"><strong data-start=\"350\" data-end=\"370\">Odos dr\u0117kinimas:<\/strong> <span class=\"relative -mx-px my-[-0.2rem] rounded px-px py-[0.2rem] transition-colors duration-100 ease-in-out\">Ceramidai ir tokoferilo acetatas (vitaminas E) palaiko odos dr\u0117gm\u0119 ir stiprina barjer\u0105.<\/span><\/p>\n<\/li>\n<li class=\"\" data-start=\"409\" data-end=\"521\">\n<p class=\"\" data-start=\"411\" data-end=\"521\"><strong data-start=\"411\" data-end=\"439\">Antibakterinis poveikis:<\/strong> <span class=\"relative -mx-px my-[-0.2rem] rounded px-px py-[0.2rem] transition-colors duration-100 ease-in-out\">Orostachys japonica ekstraktas ramina od\u0105 ir turi antibakterini\u0173 savybi\u0173.<\/span>\u200b<\/p>\n<\/li>\n<\/ul>\n<p class=\"\" data-start=\"523\" data-end=\"538\"><strong data-start=\"523\" data-end=\"538\">Naudojimas:<\/strong><\/p>\n<ol data-start=\"539\" data-end=\"752\">\n<li class=\"\" data-start=\"539\" data-end=\"579\">\n<p class=\"\" data-start=\"542\" data-end=\"579\"><span class=\"relative -mx-px my-[-0.2rem] rounded px-px py-[0.2rem] transition-colors duration-100 ease-in-out\">Nuvalykite veid\u0105 ir u\u017etepkite tonik\u0105.<\/span><\/p>\n<\/li>\n<li class=\"\" data-start=\"580\" data-end=\"620\">\n<p class=\"\" data-start=\"583\" data-end=\"620\"><span class=\"relative -mx-px my-[-0.2rem] rounded px-px py-[0.2rem] transition-colors duration-100 ease-in-out\">Ant sausos odos tolygiai u\u017etepkite plon\u0105 kauk\u0117s sluoksn\u012f, vengdami aki\u0173 srities.<\/span><\/p>\n<\/li>\n<li class=\"\" data-start=\"621\" data-end=\"663\">\n<p class=\"\" data-start=\"624\" data-end=\"663\"><span class=\"relative -mx-px my-[-0.2rem] rounded px-px py-[0.2rem] transition-colors duration-100 ease-in-out\">Palikite veikti 5\u201310 minu\u010di\u0173.<\/span><\/p>\n<\/li>\n<li class=\"\" data-start=\"664\" data-end=\"752\">\n<p class=\"\" data-start=\"667\" data-end=\"752\"><span class=\"relative -mx-px my-[-0.2rem] rounded px-px py-[0.2rem] transition-colors duration-100 ease-in-out\">Nuplaukite \u0161iltu vandeniu.<\/span>\u200b<\/p>\n<\/li>\n<\/ol>\n<p class=\"\" data-start=\"754\" data-end=\"772\"><strong data-start=\"754\" data-end=\"772\">Tinka naudoti:<\/strong><\/p>\n<ul data-start=\"773\" data-end=\"944\">\n<li class=\"\" data-start=\"773\" data-end=\"814\">\n<p class=\"\" data-start=\"775\" data-end=\"814\"><span class=\"relative -mx-px my-[-0.2rem] rounded px-px py-[0.2rem] transition-colors duration-100 ease-in-out\">Odos tipams, linkusiems \u012f riebal\u0173 pertekli\u0173, ink\u0161tirus ir spuogus.<\/span><\/p>\n<\/li>\n<li class=\"\" data-start=\"815\" data-end=\"856\">\n<p class=\"\" data-start=\"817\" data-end=\"856\"><span class=\"relative -mx-px my-[-0.2rem] rounded px-px py-[0.2rem] transition-colors duration-100 ease-in-out\">Kaip savaitinis odos prie\u017ei\u016bros papildymas.<\/span><\/p>\n<\/li>\n<li class=\"\" data-start=\"857\" data-end=\"944\">\n<p class=\"\" data-start=\"859\" data-end=\"944\"><span class=\"relative -mx-px my-[-0.2rem] rounded px-px py-[0.2rem] transition-colors duration-100 ease-in-out\">Po proced\u016br\u0173, siekiant palaikyti odos \u0161var\u0105 ir sveikat\u0105.<\/span>\u200b<\/p>\n<\/li>\n<\/ul>\n","protected":false},"excerpt":{"rendered":"<p>Valomoji kauk\u0117, skirta odos valymui ir riebal\u0173 kontrol\u0117s palaikymui<\/p>","protected":false},"featured_media":6598,"comment_status":"open","ping_status":"closed","template":"","meta":[],"product_cat":[420],"product_tag":[],"class_list":{"0":"post-6597","1":"product","2":"type-product","3":"status-publish","4":"has-post-thumbnail","6":"product_cat-veido-kaukes","7":"pa_brands-oxygenceuticals","8":"pa_talpa-50ml-2","10":"first","11":"instock","12":"taxable","13":"shipping-taxable","14":"purchasable","15":"product-type-simple"},"_links":{"self":[{"href":"https:\/\/miamedic.lt\/en\/wp-json\/wp\/v2\/product\/6597","targetHints":{"allow":["GET"]}}],"collection":[{"href":"https:\/\/miamedic.lt\/en\/wp-json\/wp\/v2\/product"}],"about":[{"href":"https:\/\/miamedic.lt\/en\/wp-json\/wp\/v2\/types\/product"}],"replies":[{"embeddable":true,"href":"https:\/\/miamedic.lt\/en\/wp-json\/wp\/v2\/comments?post=6597"}],"version-history":[{"count":4,"href":"https:\/\/miamedic.lt\/en\/wp-json\/wp\/v2\/product\/6597\/revisions"}],"predecessor-version":[{"id":12494,"href":"https:\/\/miamedic.lt\/en\/wp-json\/wp\/v2\/product\/6597\/revisions\/12494"}],"wp:featuredmedia":[{"embeddable":true,"href":"https:\/\/miamedic.lt\/en\/wp-json\/wp\/v2\/media\/6598"}],"wp:attachment":[{"href":"https:\/\/miamedic.lt\/en\/wp-json\/wp\/v2\/media?parent=6597"}],"wp:term":[{"taxonomy":"product_cat","embeddable":true,"href":"https:\/\/miamedic.lt\/en\/wp-json\/wp\/v2\/product_cat?post=6597"},{"taxonomy":"product_tag","embeddable":true,"href":"https:\/\/miamedic.lt\/en\/wp-json\/wp\/v2\/product_tag?post=6597"}],"curies":[{"name":"wp","href":"https:\/\/api.w.org\/{rel}","templated":true}]}}