{"id":6593,"date":"2025-04-28T09:48:22","date_gmt":"2025-04-28T09:48:22","guid":{"rendered":"https:\/\/miamedic.lt\/?post_type=product&#038;p=6593"},"modified":"2026-02-02T17:22:18","modified_gmt":"2026-02-02T17:22:18","slug":"oxygen-ha-gel","status":"publish","type":"product","link":"https:\/\/miamedic.lt\/en\/shop\/oxygen-ha-gel\/","title":{"rendered":"Oxygen HA Gel"},"content":{"rendered":"<p class=\"\" data-start=\"40\" data-end=\"111\"><strong data-start=\"40\" data-end=\"111\">OxygenCeuticals HA Gel \u2013 intensyvus dr\u0117kinimas ir odos stangrinimas<\/strong><\/p>\n<p class=\"\" data-start=\"113\" data-end=\"232\"><span class=\"relative -mx-px my-[-0.2rem] rounded px-px py-[0.2rem] transition-colors duration-100 ease-in-out\">OxygenCeuticals HA Gel \u2013 tai auk\u0161tos koncentracijos hialurono r\u016bg\u0161ties gelis, sukurtas intensyviam odos dr\u0117kinimui, stangrinimui ir jaunatvi\u0161kos i\u0161vaizdos palaikymui.<\/span> <span class=\"relative -mx-px my-[-0.2rem] rounded px-px py-[0.2rem] transition-colors duration-100 ease-in-out\">\u0160is produktas idealiai tinka sausai, dehidratuotai ir brand\u017eiai odai, siekiant pagerinti jos elastingum\u0105 ir \u0161vyt\u0117jim\u0105.<\/span>\u200b<\/p>\n<p class=\"\" data-start=\"234\" data-end=\"247\"><strong data-start=\"234\" data-end=\"247\">Poveikis:<\/strong><\/p>\n<ul data-start=\"248\" data-end=\"491\">\n<li class=\"\" data-start=\"248\" data-end=\"287\">\n<p class=\"\" data-start=\"250\" data-end=\"287\"><span class=\"relative -mx-px my-[-0.2rem] rounded px-px py-[0.2rem] transition-colors duration-100 ease-in-out\">Intensyviai dr\u0117kina od\u0105 iki 24 valand\u0173<\/span><\/p>\n<\/li>\n<li class=\"\" data-start=\"288\" data-end=\"327\">\n<p class=\"\" data-start=\"290\" data-end=\"327\"><span class=\"relative -mx-px my-[-0.2rem] rounded px-px py-[0.2rem] transition-colors duration-100 ease-in-out\">Suma\u017eina smulkias rauk\u0161les ir pagerina odos tonus\u0105<\/span><\/p>\n<\/li>\n<li class=\"\" data-start=\"328\" data-end=\"367\">\n<p class=\"\" data-start=\"330\" data-end=\"367\"><span class=\"relative -mx-px my-[-0.2rem] rounded px-px py-[0.2rem] transition-colors duration-100 ease-in-out\">Stangrina ir tonizuoja od\u0105<\/span><\/p>\n<\/li>\n<li class=\"\" data-start=\"368\" data-end=\"407\">\n<p class=\"\" data-start=\"370\" data-end=\"407\"><span class=\"relative -mx-px my-[-0.2rem] rounded px-px py-[0.2rem] transition-colors duration-100 ease-in-out\">Suteikia odai \u0161vyt\u0117jimo ir gaivumo<\/span><\/p>\n<\/li>\n<li class=\"\" data-start=\"408\" data-end=\"491\">\n<p class=\"\" data-start=\"410\" data-end=\"491\"><span class=\"relative -mx-px my-[-0.2rem] rounded px-px py-[0.2rem] transition-colors duration-100 ease-in-out\">Tinka naudoti po proced\u016br\u0173 arba kaip kasdien\u0117 prie\u017ei\u016bros priemon\u0117<\/span>\u200b<\/p>\n<\/li>\n<\/ul>\n<p class=\"\" data-start=\"493\" data-end=\"508\"><strong data-start=\"493\" data-end=\"508\">Naudojimas:<\/strong><\/p>\n<ul data-start=\"509\" data-end=\"722\">\n<li class=\"\" data-start=\"509\" data-end=\"550\">\n<p class=\"\" data-start=\"511\" data-end=\"550\"><span class=\"relative -mx-px my-[-0.2rem] rounded px-px py-[0.2rem] transition-colors duration-100 ease-in-out\">Po toniko ir serumo, tepkite nedidel\u012f kiek\u012f gelio ant veido<\/span><\/p>\n<\/li>\n<li class=\"\" data-start=\"551\" data-end=\"592\">\n<p class=\"\" data-start=\"553\" data-end=\"592\"><span class=\"relative -mx-px my-[-0.2rem] rounded px-px py-[0.2rem] transition-colors duration-100 ease-in-out\">\u0160velniai masa\u017euokite, kol visi\u0161kai \u012fsigers<\/span><\/p>\n<\/li>\n<li class=\"\" data-start=\"593\" data-end=\"634\">\n<p class=\"\" data-start=\"595\" data-end=\"634\"><span class=\"relative -mx-px my-[-0.2rem] rounded px-px py-[0.2rem] transition-colors duration-100 ease-in-out\">Galima naudoti kaip kasdien\u0119 dr\u0117kinam\u0105j\u0105 priemon\u0119 arba kaip intensyvaus dr\u0117kinimo kauk\u0119 nak\u010diai<\/span><\/p>\n<\/li>\n<li class=\"\" data-start=\"635\" data-end=\"722\">\n<p class=\"\" data-start=\"637\" data-end=\"722\"><span class=\"relative -mx-px my-[-0.2rem] rounded px-px py-[0.2rem] transition-colors duration-100 ease-in-out\">Norint stipresnio stangrinimo efekto, naudokite kartu su OxygenCeuticals Toning Gel<\/span>\u200b<\/p>\n<\/li>\n<\/ul>\n<p class=\"\" data-start=\"724\" data-end=\"742\"><strong data-start=\"724\" data-end=\"742\">Tinka naudoti:<\/strong><\/p>\n<ul data-start=\"743\" data-end=\"914\">\n<li class=\"\" data-start=\"743\" data-end=\"784\">\n<p class=\"\" data-start=\"745\" data-end=\"784\"><span class=\"relative -mx-px my-[-0.2rem] rounded px-px py-[0.2rem] transition-colors duration-100 ease-in-out\">Vis\u0173 tip\u0173 odai, ypa\u010d sausai, dehidratuotai ir brand\u017eiai<\/span><\/p>\n<\/li>\n<li class=\"\" data-start=\"785\" data-end=\"826\">\n<p class=\"\" data-start=\"787\" data-end=\"826\"><span class=\"relative -mx-px my-[-0.2rem] rounded px-px py-[0.2rem] transition-colors duration-100 ease-in-out\">Po kosmetini\u0173 proced\u016br\u0173 ar kaip intensyvaus dr\u0117kinimo priemon\u0117<\/span><\/p>\n<\/li>\n<li class=\"\" data-start=\"827\" data-end=\"914\">\n<p class=\"\" data-start=\"829\" data-end=\"914\"><span class=\"relative -mx-px my-[-0.2rem] rounded px-px py-[0.2rem] transition-colors duration-100 ease-in-out\">Idealiai tinka naudoti nakt\u012f arba kaip intensyvaus dr\u0117kinimo kauk\u0119<\/span><\/p>\n<\/li>\n<\/ul>\n","protected":false},"excerpt":{"rendered":"<p>Intensyvus dr\u0117kinamasis gelis<\/p>","protected":false},"featured_media":6594,"comment_status":"open","ping_status":"closed","template":"","meta":[],"product_cat":[420,129],"product_tag":[],"class_list":{"0":"post-6593","1":"product","2":"type-product","3":"status-publish","4":"has-post-thumbnail","6":"product_cat-veido-kaukes","7":"product_cat-veido-kremai","8":"pa_brands-oxygenceuticals","9":"pa_talpa-50ml-2","11":"first","12":"instock","13":"taxable","14":"shipping-taxable","15":"purchasable","16":"product-type-simple"},"_links":{"self":[{"href":"https:\/\/miamedic.lt\/en\/wp-json\/wp\/v2\/product\/6593","targetHints":{"allow":["GET"]}}],"collection":[{"href":"https:\/\/miamedic.lt\/en\/wp-json\/wp\/v2\/product"}],"about":[{"href":"https:\/\/miamedic.lt\/en\/wp-json\/wp\/v2\/types\/product"}],"replies":[{"embeddable":true,"href":"https:\/\/miamedic.lt\/en\/wp-json\/wp\/v2\/comments?post=6593"}],"version-history":[{"count":3,"href":"https:\/\/miamedic.lt\/en\/wp-json\/wp\/v2\/product\/6593\/revisions"}],"predecessor-version":[{"id":12495,"href":"https:\/\/miamedic.lt\/en\/wp-json\/wp\/v2\/product\/6593\/revisions\/12495"}],"wp:featuredmedia":[{"embeddable":true,"href":"https:\/\/miamedic.lt\/en\/wp-json\/wp\/v2\/media\/6594"}],"wp:attachment":[{"href":"https:\/\/miamedic.lt\/en\/wp-json\/wp\/v2\/media?parent=6593"}],"wp:term":[{"taxonomy":"product_cat","embeddable":true,"href":"https:\/\/miamedic.lt\/en\/wp-json\/wp\/v2\/product_cat?post=6593"},{"taxonomy":"product_tag","embeddable":true,"href":"https:\/\/miamedic.lt\/en\/wp-json\/wp\/v2\/product_tag?post=6593"}],"curies":[{"name":"wp","href":"https:\/\/api.w.org\/{rel}","templated":true}]}}