{"id":6590,"date":"2025-04-28T08:36:10","date_gmt":"2025-04-28T08:36:10","guid":{"rendered":"https:\/\/miamedic.lt\/?post_type=product&#038;p=6590"},"modified":"2025-12-01T00:29:39","modified_gmt":"2025-12-01T00:29:39","slug":"intensive-blemish-balm","status":"publish","type":"product","link":"https:\/\/miamedic.lt\/en\/shop\/intensive-blemish-balm\/","title":{"rendered":"Intensive Blemish Balm"},"content":{"rendered":"<p class=\"\" data-start=\"0\" data-end=\"97\"><strong data-start=\"0\" data-end=\"97\">OxygenCeuticals Intensive Blemish Balm \u2013 dr\u0117kinantis ir apsaugantis BB kremas su SPF 50 PA+++<\/strong><\/p>\n<p class=\"\" data-start=\"99\" data-end=\"218\"><span class=\"relative -mx-px my-[-0.2rem] rounded px-px py-[0.2rem] transition-colors duration-100 ease-in-out\">OxygenCeuticals Intensive Blemish Balm \u2013 tai lengvas, deguonies prisotintas BB kremas, suteikiantis nat\u016bral\u0173 dengim\u0105, ma\u017einantis paraudimus ir spuogus, tuo pa\u010diu dr\u0117kinantis ir ramindamas od\u0105.<\/span> <span class=\"relative -mx-px my-[-0.2rem] rounded px-px py-[0.2rem] transition-colors duration-100 ease-in-out\">\u0160is produktas idealiai tinka kasdieniam naudojimui, suteikdamas odai \u0161vyt\u0117jimo ir jaunatvi\u0161k\u0105 i\u0161vaizd\u0105.<\/span>\u200b<\/p>\n<p class=\"\" data-start=\"220\" data-end=\"233\"><strong data-start=\"220\" data-end=\"233\">Poveikis:<\/strong><\/p>\n<ul data-start=\"234\" data-end=\"477\">\n<li class=\"\" data-start=\"234\" data-end=\"273\">\n<p class=\"\" data-start=\"236\" data-end=\"273\"><span class=\"relative -mx-px my-[-0.2rem] rounded px-px py-[0.2rem] transition-colors duration-100 ease-in-out\">Nat\u016bralus, pusiau skaidrus dengimas, maskuojantis paraudimus ir spuogus<\/span><\/p>\n<\/li>\n<li class=\"\" data-start=\"274\" data-end=\"313\">\n<p class=\"\" data-start=\"276\" data-end=\"313\"><span class=\"relative -mx-px my-[-0.2rem] rounded px-px py-[0.2rem] transition-colors duration-100 ease-in-out\">Dr\u0117kina ir ramina od\u0105<\/span><\/p>\n<\/li>\n<li class=\"\" data-start=\"314\" data-end=\"353\">\n<p class=\"\" data-start=\"316\" data-end=\"353\"><span class=\"relative -mx-px my-[-0.2rem] rounded px-px py-[0.2rem] transition-colors duration-100 ease-in-out\">Apsaugo nuo \u017ealing\u0173 UV spinduli\u0173 su SPF 50 PA+++<\/span><\/p>\n<\/li>\n<li class=\"\" data-start=\"354\" data-end=\"393\">\n<p class=\"\" data-start=\"356\" data-end=\"393\"><span class=\"relative -mx-px my-[-0.2rem] rounded px-px py-[0.2rem] transition-colors duration-100 ease-in-out\">Ma\u017eina smulkias rauk\u0161les ir gerina odos elastingum\u0105<\/span><\/p>\n<\/li>\n<li class=\"\" data-start=\"394\" data-end=\"477\">\n<p class=\"\" data-start=\"396\" data-end=\"477\"><span class=\"relative -mx-px my-[-0.2rem] rounded px-px py-[0.2rem] transition-colors duration-100 ease-in-out\">Tinka jautriai ir probleminei odai<\/span>\u200b<span class=\"ms-1 inline-flex max-w-full items-center relative top-[-0.094rem] animate-[show_150ms_ease-in]\"><a class=\"flex h-4.5 overflow-hidden rounded-xl px-2 text-[0.5625em] font-medium text-token-text-secondary! bg-[#F4F4F4]! dark:bg-[#303030]! transition-colors duration-150 ease-in-out\" href=\"https:\/\/www.eskincarestore.com\/intensive-blemish-balm-P64624?srsltid=AfmBOopWWUzr4-siJ9-DaZwzPUGuU8S1IAd1qaczM8IlgxCNwo7U9IhW&amp;utm_source=chatgpt.com\" target=\"_blank\" rel=\"noopener\"><span class=\"relative start-0 bottom-0 flex h-full w-full items-center\"><span class=\"flex h-4 w-full items-center justify-between overflow-hidden\"><span class=\"max-w-full grow truncate overflow-hidden text-center\">eskincarestore.com<\/span><\/span><\/span><\/a><\/span><\/p>\n<\/li>\n<\/ul>\n<p class=\"\" data-start=\"479\" data-end=\"494\"><strong data-start=\"479\" data-end=\"494\">Naudojimas:<\/strong><\/p>\n<ul data-start=\"495\" data-end=\"664\">\n<li class=\"\" data-start=\"495\" data-end=\"534\">\n<p class=\"\" data-start=\"497\" data-end=\"534\"><span class=\"relative -mx-px my-[-0.2rem] rounded px-px py-[0.2rem] transition-colors duration-100 ease-in-out\">Tepkite ant \u0161varios odos ryte, po dr\u0117kinamojo kremo<\/span><\/p>\n<\/li>\n<li class=\"\" data-start=\"535\" data-end=\"576\">\n<p class=\"\" data-start=\"537\" data-end=\"576\"><span class=\"relative -mx-px my-[-0.2rem] rounded px-px py-[0.2rem] transition-colors duration-100 ease-in-out\">\u0160velniai paskirstykite nuo veido centro link i\u0161or\u0117s<\/span><\/p>\n<\/li>\n<li class=\"\" data-start=\"577\" data-end=\"664\">\n<p class=\"\" data-start=\"579\" data-end=\"664\"><span class=\"relative -mx-px my-[-0.2rem] rounded px-px py-[0.2rem] transition-colors duration-100 ease-in-out\">Galima naudoti kaip makia\u017eo pagrind\u0105 arba atskirai<\/span>\u200b<\/p>\n<\/li>\n<\/ul>\n<p class=\"\" data-start=\"666\" data-end=\"684\"><strong data-start=\"666\" data-end=\"684\">Tinka naudoti:<\/strong><\/p>\n<ul data-start=\"685\" data-end=\"856\">\n<li class=\"\" data-start=\"685\" data-end=\"726\">\n<p class=\"\" data-start=\"687\" data-end=\"726\"><span class=\"relative -mx-px my-[-0.2rem] rounded px-px py-[0.2rem] transition-colors duration-100 ease-in-out\">Vis\u0173 tip\u0173 odai, \u012fskaitant jautri\u0105 ir linkusi\u0105 \u012f akn\u0119<\/span><\/p>\n<\/li>\n<li class=\"\" data-start=\"727\" data-end=\"768\">\n<p class=\"\" data-start=\"729\" data-end=\"768\"><span class=\"relative -mx-px my-[-0.2rem] rounded px-px py-[0.2rem] transition-colors duration-100 ease-in-out\">Idealiai tinka kasdieniam naudojimui<\/span><\/p>\n<\/li>\n<li class=\"\" data-start=\"769\" data-end=\"856\">\n<p class=\"\" data-start=\"771\" data-end=\"856\"><span class=\"relative -mx-px my-[-0.2rem] rounded px-px py-[0.2rem] transition-colors duration-100 ease-in-out\">Puikiai dera su kitomis OxygenCeuticals priemon\u0117mis<\/span><\/p>\n<\/li>\n<\/ul>\n","protected":false},"excerpt":{"rendered":"<p>Dr\u0117kinantis ir apsaugantis BB kremas su SPF 50 PA+++<\/p>","protected":false},"featured_media":6591,"comment_status":"open","ping_status":"closed","template":"","meta":[],"product_cat":[181],"product_tag":[],"class_list":{"0":"post-6590","1":"product","2":"type-product","3":"status-publish","4":"has-post-thumbnail","6":"product_cat-makiazo-pagrindas","7":"pa_brands-oxygenceuticals","8":"pa_talpa-50ml-2","10":"first","11":"instock","12":"taxable","13":"shipping-taxable","14":"purchasable","15":"product-type-simple"},"_links":{"self":[{"href":"https:\/\/miamedic.lt\/en\/wp-json\/wp\/v2\/product\/6590","targetHints":{"allow":["GET"]}}],"collection":[{"href":"https:\/\/miamedic.lt\/en\/wp-json\/wp\/v2\/product"}],"about":[{"href":"https:\/\/miamedic.lt\/en\/wp-json\/wp\/v2\/types\/product"}],"replies":[{"embeddable":true,"href":"https:\/\/miamedic.lt\/en\/wp-json\/wp\/v2\/comments?post=6590"}],"version-history":[{"count":2,"href":"https:\/\/miamedic.lt\/en\/wp-json\/wp\/v2\/product\/6590\/revisions"}],"predecessor-version":[{"id":12496,"href":"https:\/\/miamedic.lt\/en\/wp-json\/wp\/v2\/product\/6590\/revisions\/12496"}],"wp:featuredmedia":[{"embeddable":true,"href":"https:\/\/miamedic.lt\/en\/wp-json\/wp\/v2\/media\/6591"}],"wp:attachment":[{"href":"https:\/\/miamedic.lt\/en\/wp-json\/wp\/v2\/media?parent=6590"}],"wp:term":[{"taxonomy":"product_cat","embeddable":true,"href":"https:\/\/miamedic.lt\/en\/wp-json\/wp\/v2\/product_cat?post=6590"},{"taxonomy":"product_tag","embeddable":true,"href":"https:\/\/miamedic.lt\/en\/wp-json\/wp\/v2\/product_tag?post=6590"}],"curies":[{"name":"wp","href":"https:\/\/api.w.org\/{rel}","templated":true}]}}